{"id":12,"date":"2019-09-20T15:35:37","date_gmt":"2019-09-20T18:35:37","guid":{"rendered":"http:\/\/clients.webproducer.com.br\/MaxPlus\/site\/mesmerize\/"},"modified":"2026-04-14T17:55:29","modified_gmt":"2026-04-14T20:55:29","slug":"impermeabilizacao-e-isolamento-termico","status":"publish","type":"page","link":"https:\/\/maxpluscompany.com\/impermeabilizacao-e-isolamento-termico\/","title":{"rendered":"Waterproofing and thermal insulation systems"},"content":{"rendered":"\n<h2 class=\"wp-block-heading has-primary-color has-text-color has-link-color wp-elements-cf220655a8332a0cb61d9414dc17bd84\">Waterproofing and thermal insulation systems<\/h2>\n\n\n\n<div style=\"height:47px\" aria-hidden=\"true\" class=\"wp-block-spacer\"><\/div>\n\n\n\n<h2 class=\"wp-block-heading has-text-align-center has-secondary-color has-text-color has-link-color has-large-font-size wp-elements-844106a74c84a2c2e4520dd15aa6fe71\">Complete solutions with a 10-year warranty, eliminating the need for roof replacement and ensuring business continuity.<\/h2>\n\n\n\n<div style=\"height:38px\" aria-hidden=\"true\" class=\"wp-block-spacer\"><\/div>\n\n\n\n<hr class=\"wp-block-separator has-alpha-channel-opacity\"\/>\n\n\n\n<p class=\"has-text-align-center has-normal-font-size\">Industrial roof waterproofing is the most efficient solution for eliminating leaks, protecting structures, and reducing heat in warehouses, factories, and logistics centers, without the need for roof replacement.<\/p>\n\n\n\n<p class=\"has-text-align-center\">With over 40 years of experience in the Brazilian market, Max Plus is a leader in industrial roof waterproofing, offering complete roof restoration systems.<\/p>\n\n\n\n<p class=\"has-text-align-center has-normal-font-size\">Our solutions allow you to restore your existing roof, eliminating leaks and reducing heat quickly, safely, and with high performance.<\/p>\n\n\n\n<div style=\"height:48px\" aria-hidden=\"true\" class=\"wp-block-spacer\"><\/div>\n\n\n\n<h2 class=\"wp-block-heading has-text-align-center\">Where to use?<\/h2>\n\n\n\n<div style=\"height:37px\" aria-hidden=\"true\" class=\"wp-block-spacer\"><\/div>\n\n\n<div class=\"wp-block-image\">\n<figure class=\"aligncenter size-large\"><img decoding=\"async\" width=\"1167\" height=\"1003\" data-src=\"https:\/\/maxpluscompany.com\/wp-content\/uploads\/2023\/06\/imagem-capa-site-portugues-1-1167x1003.jpg\" alt=\"\" class=\"wp-image-3879 lazyload\" title=\"|\" data-srcset=\"https:\/\/maxpluscompany.com\/wp-content\/uploads\/2023\/06\/imagem-capa-site-portugues-1-1167x1003.jpg 1167w, https:\/\/maxpluscompany.com\/wp-content\/uploads\/2023\/06\/imagem-capa-site-portugues-1-300x258.jpg 300w, https:\/\/maxpluscompany.com\/wp-content\/uploads\/2023\/06\/imagem-capa-site-portugues-1-768x660.jpg 768w, https:\/\/maxpluscompany.com\/wp-content\/uploads\/2023\/06\/imagem-capa-site-portugues-1.jpg 1255w\" data-sizes=\"(max-width: 1167px) 100vw, 1167px\" src=\"data:image\/svg+xml;base64,PHN2ZyB3aWR0aD0iMSIgaGVpZ2h0PSIxIiB4bWxucz0iaHR0cDovL3d3dy53My5vcmcvMjAwMC9zdmciPjwvc3ZnPg==\" style=\"--smush-placeholder-width: 1167px; --smush-placeholder-aspect-ratio: 1167\/1003;\" \/><\/figure>\n<\/div>\n\n\n<div style=\"height:63px\" aria-hidden=\"true\" class=\"wp-block-spacer\"><\/div>\n\n\n\n<p class=\"has-text-align-center has-large-font-size\">Max Plus systems, developed to solve problems of corrosion, leaks, excessive heat and other inconveniences, are used on all types of roofs, both new and old.<\/p>\n\n\n\n<div style=\"height:54px\" aria-hidden=\"true\" class=\"wp-block-spacer\"><\/div>\n\n\n\n<div class=\"wp-block-media-text is-stacked-on-mobile\"><figure class=\"wp-block-media-text__media\"><\/figure><div class=\"wp-block-media-text__content\">\n<p><\/p>\n<\/div><\/div>\n\n\n\n<h3 class=\"wp-block-heading has-text-align-center has-huge-font-size\" id=\"sabia-que-podemos-ajuda-lo-a-reduzir-os-custos-de-energia-da-sua-empresa-em-40\"><span style=\"color: #004282;\">Did you know we can help reduce your company&#8217;s energy costs by 40%?<\/span><\/h3>\n\n\n<div class=\"wp-block-image\">\n<figure class=\"alignright size-full is-resized\"><img decoding=\"async\" width=\"558\" height=\"327\" data-src=\"https:\/\/maxpluscompany.com\/wp-content\/uploads\/2023\/03\/cofrinho.png\" alt=\"\" class=\"wp-image-3257 lazyload\" style=\"--smush-placeholder-width: 558px; --smush-placeholder-aspect-ratio: 558\/327;width:325px;height:191px\" title=\"|\" data-srcset=\"https:\/\/maxpluscompany.com\/wp-content\/uploads\/2023\/03\/cofrinho.png 558w, https:\/\/maxpluscompany.com\/wp-content\/uploads\/2023\/03\/cofrinho-300x176.png 300w\" data-sizes=\"(max-width: 558px) 100vw, 558px\" src=\"data:image\/svg+xml;base64,PHN2ZyB3aWR0aD0iMSIgaGVpZ2h0PSIxIiB4bWxucz0iaHR0cDovL3d3dy53My5vcmcvMjAwMC9zdmciPjwvc3ZnPg==\" \/><\/figure>\n<\/div>\n\n\n<p class=\"has-text-align-center\" id=\"sabia-que-podemos-ajuda-lo-a-reduzir-os-custos-de-energia-da-sua-empresa-em-40\">A empresa Max Plus \u00e9 l\u00edder em solu\u00e7\u00f5es para coberturas industriais e est\u00e1 comprometida com a sustentabilidade, n\u00e3o s\u00f3 dos seus produtos, mas da sociedade como um todo. Por isso, faz parte do Green Building Council e est\u00e1 100% alinhada com suas diretrizes. Todas as f\u00f3rmulas utilizam as tecnologias indicadas pela entidade, para oferecer ao mercado nacional o que h\u00e1 de mais inovador em coberturas ecol\u00f3gicas, principalmente nas coberturas brancas.<\/p>\n\n\n\n<p class=\"has-text-align-center\">O Max Therm, por exemplo, \u00e9 um produto pesquisado e formulado para ter a melhor efici\u00eancia em refletividade e redu\u00e7\u00e3o de calor. Sua composi\u00e7\u00e3o foi inspirada na tecnologia utilizada pela NASA em seus ve\u00edculos espaciais, e conta com part\u00edculas de cer\u00e2mica que impedem a entrada do calor. Se funciona bem para proteger as naves do calor na reentrada atmosf\u00e9rica, funciona perfeitamente bem para se tornar o seu mais recente telhado branco.<\/p>\n\n\n\n<p class=\"has-text-align-center\">Porque \u00e9 completamente branco e tem componentes \u00fanicos, Max Therm ajuda a refletir os raios solares e pode reduzir a temperatura das suas telhas em mais de 50%. S\u00f3 para compara\u00e7\u00e3o, num dia de sol, as telhas atingem tipicamente temperaturas acima dos 75\u00b0C, voltando a descer abaixo dos 20\u00b0C ao in\u00edcio da noite.<\/p>\n\n\n\n<p class=\"has-text-align-center\">Esta varia\u00e7\u00e3o \u00e9 o que prejudica o conforto t\u00e9rmico ao longo do dia nas empresas e exige investimentos significativos tanto em equipamentos de ar condicionado, que aumentam o custo da eletricidade, como na manuten\u00e7\u00e3o do telhado devido aos danos causados pelo choque t\u00e9rmico.<\/p>\n\n\n\n<p class=\"has-text-align-center\">Acabe de uma vez por todas com os problemas relacionados com o calor com as solu\u00e7\u00f5es Max Plus. A \u00fanica empresa com mais de 35 anos de experi\u00eancia, que oferece 10 anos de garantia nos produtos e servi\u00e7os executados por t\u00e9cnicos credenciados, e que est\u00e1 sempre inovando para preservar o seu patrim\u00f4nio.<\/p>\n\n\n\n<p class=\"has-text-align-center\">Esta \u00e9 a solu\u00e7\u00e3o definitiva para empres\u00e1rios que buscam a m\u00e1xima efici\u00eancia t\u00e9rmica para seus galp\u00f5es ou pr\u00e9dios comerciais, sem desperdi\u00e7ar recursos com produtos como mantas aluminizadas, que aparentemente resolvem o problema, mas no final apenas mascaram algo que inevitavelmente ter\u00e1 que ser refeito no futuro.<\/p>\n\n\n\n<hr class=\"wp-block-separator alignfull has-alpha-channel-opacity\"\/>\n\n\n\n<hr class=\"wp-block-separator alignfull has-alpha-channel-opacity\"\/>\n\n\n\n<hr class=\"wp-block-separator has-alpha-channel-opacity\"\/>\n\n\n\n<h3 class=\"wp-block-heading has-text-align-center\" id=\"sabia-que-podemos-ajuda-lo-a-reduzir-os-custos-de-energia-da-sua-empresa-em-40\"><span style=\"color: #004282;\">Conhe\u00e7a todas as solu\u00e7\u00f5es Max Plus, com garantias de 10 anos ou mais, e n\u00e3o se esque\u00e7a: as coberturas brancas s\u00e3o a op\u00e7\u00e3o mais &#8220;verde&#8221; para destacar a quest\u00e3o da sustentabilidade na sua empresa.<\/span><\/h3>\n\n\n\n<p class=\"has-text-align-center\" id=\"sabia-que-podemos-ajuda-lo-a-reduzir-os-custos-de-energia-da-sua-empresa-em-40\"><\/p>\n\n\n<div class=\"wp-block-image\">\n<figure class=\"aligncenter size-large\"><img decoding=\"async\" width=\"1167\" height=\"330\" data-src=\"https:\/\/maxpluscompany.com\/wp-content\/uploads\/2023\/03\/ArranjoCincoBaldes-png-5-1167x330.png\" alt=\"\" class=\"wp-image-3281 lazyload\" title=\"|\" data-srcset=\"https:\/\/maxpluscompany.com\/wp-content\/uploads\/2023\/03\/ArranjoCincoBaldes-png-5-1167x330.png 1167w, https:\/\/maxpluscompany.com\/wp-content\/uploads\/2023\/03\/ArranjoCincoBaldes-png-5-300x85.png 300w, https:\/\/maxpluscompany.com\/wp-content\/uploads\/2023\/03\/ArranjoCincoBaldes-png-5-768x217.png 768w, https:\/\/maxpluscompany.com\/wp-content\/uploads\/2023\/03\/ArranjoCincoBaldes-png-5-1536x434.png 1536w, https:\/\/maxpluscompany.com\/wp-content\/uploads\/2023\/03\/ArranjoCincoBaldes-png-5-1568x443.png 1568w, https:\/\/maxpluscompany.com\/wp-content\/uploads\/2023\/03\/ArranjoCincoBaldes-png-5.png 1632w\" data-sizes=\"(max-width: 1167px) 100vw, 1167px\" src=\"data:image\/svg+xml;base64,PHN2ZyB3aWR0aD0iMSIgaGVpZ2h0PSIxIiB4bWxucz0iaHR0cDovL3d3dy53My5vcmcvMjAwMC9zdmciPjwvc3ZnPg==\" style=\"--smush-placeholder-width: 1167px; --smush-placeholder-aspect-ratio: 1167\/330;\" \/><\/figure>\n<\/div>\n\n\n<p class=\"has-text-align-center\" id=\"sabia-que-podemos-ajuda-lo-a-reduzir-os-custos-de-energia-da-sua-empresa-em-40\"><\/p>\n\n\n<div class=\"wp-block-image\">\n<figure class=\"aligncenter size-full is-resized\"><img decoding=\"async\" width=\"1077\" height=\"399\" data-src=\"https:\/\/maxpluscompany.com\/wp-content\/uploads\/2023\/03\/warranty-1.png\" alt=\"\" class=\"wp-image-3501 lazyload\" style=\"--smush-placeholder-width: 1077px; --smush-placeholder-aspect-ratio: 1077\/399;width:348px;height:128px\" title=\"|\" data-srcset=\"https:\/\/maxpluscompany.com\/wp-content\/uploads\/2023\/03\/warranty-1.png 1077w, https:\/\/maxpluscompany.com\/wp-content\/uploads\/2023\/03\/warranty-1-300x111.png 300w, https:\/\/maxpluscompany.com\/wp-content\/uploads\/2023\/03\/warranty-1-768x285.png 768w\" data-sizes=\"(max-width: 1077px) 100vw, 1077px\" src=\"data:image\/svg+xml;base64,PHN2ZyB3aWR0aD0iMSIgaGVpZ2h0PSIxIiB4bWxucz0iaHR0cDovL3d3dy53My5vcmcvMjAwMC9zdmciPjwvc3ZnPg==\" \/><\/figure>\n<\/div>","protected":false},"excerpt":{"rendered":"<p>Waterproofing and thermal insulation systems Complete solutions with a 10-year warranty, eliminating the need for roof replacement and ensuring business continuity. Industrial roof waterproofing is the most efficient solution for eliminating leaks, protecting structures, and reducing heat in warehouses, factories, and logistics centers, without the need for roof replacement. With over 40 years of experience [&hellip;]<\/p>\n","protected":false},"author":7,"featured_media":0,"parent":0,"menu_order":0,"comment_status":"closed","ping_status":"closed","template":"page-home.php","meta":{"_acf_changed":false,"footnotes":""},"class_list":["post-12","page","type-page","status-publish","hentry","entry"],"acf":[],"_links":{"self":[{"href":"https:\/\/maxpluscompany.com\/en\/wp-json\/wp\/v2\/pages\/12","targetHints":{"allow":["GET"]}}],"collection":[{"href":"https:\/\/maxpluscompany.com\/en\/wp-json\/wp\/v2\/pages"}],"about":[{"href":"https:\/\/maxpluscompany.com\/en\/wp-json\/wp\/v2\/types\/page"}],"author":[{"embeddable":true,"href":"https:\/\/maxpluscompany.com\/en\/wp-json\/wp\/v2\/users\/7"}],"replies":[{"embeddable":true,"href":"https:\/\/maxpluscompany.com\/en\/wp-json\/wp\/v2\/comments?post=12"}],"version-history":[{"count":84,"href":"https:\/\/maxpluscompany.com\/en\/wp-json\/wp\/v2\/pages\/12\/revisions"}],"predecessor-version":[{"id":5324,"href":"https:\/\/maxpluscompany.com\/en\/wp-json\/wp\/v2\/pages\/12\/revisions\/5324"}],"wp:attachment":[{"href":"https:\/\/maxpluscompany.com\/en\/wp-json\/wp\/v2\/media?parent=12"}],"curies":[{"name":"wp","href":"https:\/\/api.w.org\/{rel}","templated":true}]}}