{"id":12,"date":"2019-09-20T15:35:37","date_gmt":"2019-09-20T18:35:37","guid":{"rendered":"http:\/\/clients.webproducer.com.br\/MaxPlus\/site\/mesmerize\/"},"modified":"2026-04-10T15:27:55","modified_gmt":"2026-04-10T18:27:55","slug":"impermeabilizacao-e-isolamento-termico","status":"publish","type":"page","link":"https:\/\/maxpluscompany.com\/impermeabilizacao-e-isolamento-termico\/","title":{"rendered":"Sistemas de Impermeabiliza\u00e7\u00e3o e isolamento t\u00e9rmico"},"content":{"rendered":"\n<h2 class=\"wp-block-heading has-text-align-center has-secondary-color has-white-background-color has-text-color has-background has-link-color has-large-font-size wp-elements-03efb3951dbff1b099d718e28644e700\">Sistemas de impermeabilizaci\u00f3n y aislamiento t\u00e9rmico<\/h2>\n\n\n\n<h2 class=\"wp-block-heading has-text-align-center has-secondary-color has-text-color has-link-color has-normal-font-size wp-elements-e7f97856460ce3cf7267f566223b2406\">Soluciones integrales con 10 a\u00f1os de garant\u00eda, que eliminan la necesidad de reemplazar el techo y garantizan el confort t\u00e9rmico de su entorno, reduciendo los costos de energ\u00eda.<\/h2>\n\n\n\n<div style=\"height:38px\" aria-hidden=\"true\" class=\"wp-block-spacer\"><\/div>\n\n\n\n<hr class=\"wp-block-separator has-alpha-channel-opacity\"\/>\n\n\n\n<p class=\"has-text-align-center has-normal-font-size\">La impermeabilizaci\u00f3n de techos industriales es la soluci\u00f3n m\u00e1s eficiente para eliminar filtraciones, proteger estructuras y reducir el calor en almacenes, f\u00e1bricas y centros log\u00edsticos, sin necesidad de reemplazar el techo.<\/p>\n\n\n\n<p>Con m\u00e1s de 40 a\u00f1os de experiencia en el mercado brasile\u00f1o, Max Plus es l\u00edder en impermeabilizaci\u00f3n de techos industriales y ofrece sistemas completos de restauraci\u00f3n.<\/p>\n\n\n\n<p class=\"has-text-align-center has-normal-font-size\">Nuestras soluciones le permiten restaurar su techo actual, eliminando filtraciones y reduciendo el calor de forma r\u00e1pida, segura y con un alto rendimiento.<\/p>\n\n\n\n<div style=\"height:30px\" aria-hidden=\"true\" class=\"wp-block-spacer\"><\/div>\n\n\n\n<h2 class=\"wp-block-heading has-text-align-center\">Donde Usar?<\/h2>\n\n\n\n<div style=\"height:32px\" aria-hidden=\"true\" class=\"wp-block-spacer\"><\/div>\n\n\n<div class=\"wp-block-image\">\n<figure class=\"aligncenter size-large\"><img decoding=\"async\" width=\"1167\" height=\"1003\" data-src=\"https:\/\/maxpluscompany.com\/wp-content\/uploads\/2023\/06\/imagem-capa-site-portugues-1-1167x1003.jpg\" alt=\"\" class=\"wp-image-3879 lazyload\" title=\"|\" data-srcset=\"https:\/\/maxpluscompany.com\/wp-content\/uploads\/2023\/06\/imagem-capa-site-portugues-1-1167x1003.jpg 1167w, https:\/\/maxpluscompany.com\/wp-content\/uploads\/2023\/06\/imagem-capa-site-portugues-1-300x258.jpg 300w, https:\/\/maxpluscompany.com\/wp-content\/uploads\/2023\/06\/imagem-capa-site-portugues-1-768x660.jpg 768w, https:\/\/maxpluscompany.com\/wp-content\/uploads\/2023\/06\/imagem-capa-site-portugues-1.jpg 1255w\" data-sizes=\"(max-width: 1167px) 100vw, 1167px\" src=\"data:image\/svg+xml;base64,PHN2ZyB3aWR0aD0iMSIgaGVpZ2h0PSIxIiB4bWxucz0iaHR0cDovL3d3dy53My5vcmcvMjAwMC9zdmciPjwvc3ZnPg==\" style=\"--smush-placeholder-width: 1167px; --smush-placeholder-aspect-ratio: 1167\/1003;\" \/><\/figure>\n<\/div>\n\n\n<div style=\"height:42px\" aria-hidden=\"true\" class=\"wp-block-spacer\"><\/div>\n\n\n\n<p class=\"has-text-align-center has-normal-font-size\">Los sistemas Max Plus, desarrollados para solucionar problemas de corrosi\u00f3n, filtraciones, calor excesivo y otros inconvenientes, se utilizan en todo tipo de tejados, tanto nuevos como antiguos.<\/p>\n\n\n\n<div style=\"height:54px\" aria-hidden=\"true\" class=\"wp-block-spacer\"><\/div>\n\n\n\n<h3 class=\"wp-block-heading has-text-align-center has-primary-color has-text-color has-link-color has-normal-font-size wp-elements-3825a562d66a058c7de3c996738cd69f\" id=\"sabia-que-podemos-ajuda-lo-a-reduzir-os-custos-de-energia-da-sua-empresa-em-40\">\u00bfSab\u00eda que podemos ayudarle a reducir los costes energ\u00e9ticos de su empresa en un 40%?<\/h3>\n\n\n\n<p class=\"has-text-align-center has-normal-font-size\">Los sistemas Max Plus se desarrollaron para ofrecer un verdadero aislamiento t\u00e9rmico, una impermeabilizaci\u00f3n duradera y una reducci\u00f3n comprobada del consumo de energ\u00eda, con un r\u00e1pido per\u00edodo de amortizaci\u00f3n y un retorno de la inversi\u00f3n del 100 % gracias a los ahorros generados.<\/p>\n\n\n<div class=\"wp-block-image\">\n<figure class=\"alignright size-full is-resized\"><img decoding=\"async\" width=\"558\" height=\"327\" data-src=\"https:\/\/maxpluscompany.com\/wp-content\/uploads\/2023\/03\/cofrinho.png\" alt=\"\" class=\"wp-image-3257 lazyload\" style=\"--smush-placeholder-width: 558px; --smush-placeholder-aspect-ratio: 558\/327;width:325px;height:191px\" title=\"|\" data-srcset=\"https:\/\/maxpluscompany.com\/wp-content\/uploads\/2023\/03\/cofrinho.png 558w, https:\/\/maxpluscompany.com\/wp-content\/uploads\/2023\/03\/cofrinho-300x176.png 300w\" data-sizes=\"(max-width: 558px) 100vw, 558px\" src=\"data:image\/svg+xml;base64,PHN2ZyB3aWR0aD0iMSIgaGVpZ2h0PSIxIiB4bWxucz0iaHR0cDovL3d3dy53My5vcmcvMjAwMC9zdmciPjwvc3ZnPg==\" \/><\/figure>\n<\/div>\n\n\n<p class=\"has-text-align-center\">Entre nuestras tecnolog\u00edas se encuentra Max Therm, el \u00fanico aislante t\u00e9rmico de alto rendimiento en Latinoam\u00e9rica certificado por IPT, formulado para maximizar la reflectividad y controlar el calor de forma permanente.<\/p>\n\n\n\n<p class=\"has-text-align-center\">Nuestras soluciones reducen dr\u00e1sticamente la temperatura de las tejas, minimizan la carga de trabajo de los equipos de aire acondicionado y estabilizan el confort t\u00e9rmico durante todo el d\u00eda, con un impacto directo en su factura energ\u00e9tica y la durabilidad de su tejado.<\/p>\n\n\n\n<p class=\"has-text-align-center\">Mayor eficiencia, menores costes y un medio ambiente m\u00e1s sostenible, todo ello con la garant\u00eda y la experiencia de Max Plus.<\/p>\n\n\n\n<div style=\"height:37px\" aria-hidden=\"true\" class=\"wp-block-spacer\"><\/div>\n\n\n\n<h3 class=\"wp-block-heading has-text-align-center\" id=\"sabia-que-podemos-ajuda-lo-a-reduzir-os-custos-de-energia-da-sua-empresa-em-40\"><span style=\"color: #004282;\">Descubre todas las soluciones Max Plus, con garant\u00edas de 10 y 15 a\u00f1os.<\/span><\/h3>\n\n\n\n<div style=\"height:40px\" aria-hidden=\"true\" class=\"wp-block-spacer\"><\/div>\n\n\n<div class=\"wp-block-image\">\n<figure class=\"aligncenter size-large\"><img decoding=\"async\" width=\"1167\" height=\"330\" data-src=\"https:\/\/maxpluscompany.com\/wp-content\/uploads\/2023\/03\/ArranjoCincoBaldes-png-5-1167x330.png\" alt=\"\" class=\"wp-image-3281 lazyload\" title=\"|\" data-srcset=\"https:\/\/maxpluscompany.com\/wp-content\/uploads\/2023\/03\/ArranjoCincoBaldes-png-5-1167x330.png 1167w, https:\/\/maxpluscompany.com\/wp-content\/uploads\/2023\/03\/ArranjoCincoBaldes-png-5-300x85.png 300w, https:\/\/maxpluscompany.com\/wp-content\/uploads\/2023\/03\/ArranjoCincoBaldes-png-5-768x217.png 768w, https:\/\/maxpluscompany.com\/wp-content\/uploads\/2023\/03\/ArranjoCincoBaldes-png-5-1536x434.png 1536w, https:\/\/maxpluscompany.com\/wp-content\/uploads\/2023\/03\/ArranjoCincoBaldes-png-5-1568x443.png 1568w, https:\/\/maxpluscompany.com\/wp-content\/uploads\/2023\/03\/ArranjoCincoBaldes-png-5.png 1632w\" data-sizes=\"(max-width: 1167px) 100vw, 1167px\" src=\"data:image\/svg+xml;base64,PHN2ZyB3aWR0aD0iMSIgaGVpZ2h0PSIxIiB4bWxucz0iaHR0cDovL3d3dy53My5vcmcvMjAwMC9zdmciPjwvc3ZnPg==\" style=\"--smush-placeholder-width: 1167px; --smush-placeholder-aspect-ratio: 1167\/330;\" \/><\/figure>\n<\/div>","protected":false},"excerpt":{"rendered":"<p>Sistemas de impermeabilizaci\u00f3n y aislamiento t\u00e9rmico Soluciones integrales con 10 a\u00f1os de garant\u00eda, que eliminan la necesidad de reemplazar el techo y garantizan el confort t\u00e9rmico de su entorno, reduciendo los costos de energ\u00eda. La impermeabilizaci\u00f3n de techos industriales es la soluci\u00f3n m\u00e1s eficiente para eliminar filtraciones, proteger estructuras y reducir el calor en almacenes, [&hellip;]<\/p>\n","protected":false},"author":7,"featured_media":0,"parent":0,"menu_order":0,"comment_status":"closed","ping_status":"closed","template":"page-home.php","meta":{"_acf_changed":false,"footnotes":""},"class_list":["post-12","page","type-page","status-publish","hentry","entry"],"acf":[],"_links":{"self":[{"href":"https:\/\/maxpluscompany.com\/es\/wp-json\/wp\/v2\/pages\/12","targetHints":{"allow":["GET"]}}],"collection":[{"href":"https:\/\/maxpluscompany.com\/es\/wp-json\/wp\/v2\/pages"}],"about":[{"href":"https:\/\/maxpluscompany.com\/es\/wp-json\/wp\/v2\/types\/page"}],"author":[{"embeddable":true,"href":"https:\/\/maxpluscompany.com\/es\/wp-json\/wp\/v2\/users\/7"}],"replies":[{"embeddable":true,"href":"https:\/\/maxpluscompany.com\/es\/wp-json\/wp\/v2\/comments?post=12"}],"version-history":[{"count":82,"href":"https:\/\/maxpluscompany.com\/es\/wp-json\/wp\/v2\/pages\/12\/revisions"}],"predecessor-version":[{"id":5304,"href":"https:\/\/maxpluscompany.com\/es\/wp-json\/wp\/v2\/pages\/12\/revisions\/5304"}],"wp:attachment":[{"href":"https:\/\/maxpluscompany.com\/es\/wp-json\/wp\/v2\/media?parent=12"}],"curies":[{"name":"wp","href":"https:\/\/api.w.org\/{rel}","templated":true}]}}