{"id":2026,"date":"2022-08-10T15:50:41","date_gmt":"2022-08-10T18:50:41","guid":{"rendered":"https:\/\/maxpluscompany.com\/pt\/?page_id=2026"},"modified":"2026-04-16T12:07:54","modified_gmt":"2026-04-16T15:07:54","slug":"sea-un-representante","status":"publish","type":"page","link":"https:\/\/maxpluscompany.com\/es\/sea-un-representante\/","title":{"rendered":"Sea Un Representante"},"content":{"rendered":"\n<h1 class=\"wp-block-heading has-text-align-center has-primary-color has-text-color has-link-color wp-elements-4515693e12b27692b895713706ef85d6\" id=\"seja-um-reprsentante\"><strong>Sea un Representante Max Plus<\/strong><\/h1>\n\n\n\n<div class=\"wp-block-media-text is-stacked-on-mobile\" style=\"grid-template-columns:55% auto\"><figure class=\"wp-block-media-text__media\"><img decoding=\"async\" width=\"942\" height=\"883\" data-src=\"https:\/\/maxpluscompany.com\/wp-content\/uploads\/2023\/05\/mapa-dealers.jpg\" alt=\"Be a Dealer in your country\" class=\"wp-image-3620 size-full lazyload\" title=\"|\" data-srcset=\"https:\/\/maxpluscompany.com\/wp-content\/uploads\/2023\/05\/mapa-dealers.jpg 942w, https:\/\/maxpluscompany.com\/wp-content\/uploads\/2023\/05\/mapa-dealers-300x281.jpg 300w, https:\/\/maxpluscompany.com\/wp-content\/uploads\/2023\/05\/mapa-dealers-768x720.jpg 768w\" data-sizes=\"(max-width: 942px) 100vw, 942px\" src=\"data:image\/svg+xml;base64,PHN2ZyB3aWR0aD0iMSIgaGVpZ2h0PSIxIiB4bWxucz0iaHR0cDovL3d3dy53My5vcmcvMjAwMC9zdmciPjwvc3ZnPg==\" style=\"--smush-placeholder-width: 942px; --smush-placeholder-aspect-ratio: 942\/883;\" \/><\/figure><div class=\"wp-block-media-text__content\">\n<h2 class=\"wp-block-heading has-primary-color has-text-color has-link-color wp-elements-5a09b0878117674372bbc06a71cea164\" id=\"faca-parte-do-time-de-representantes-max-plus-a-maior-fabricante-de-uma-variedade-de-membranas-liquidas-para-a-restauracao-sustentavel-de-telhados-paredes-tanques-silos-e-outras-superficies-industriais\"><span style=\"color: #0073a8;\">\u00danete al equipo de distribuidores de Max Plus, el mayor fabricante de una variedad de <a href=\"https:\/\/maxpluscompany.com\/es\/productos-y-sistemas\/\">membranas l\u00edquidas<\/a> para la restauraci\u00f3n sostenible de techos, paredes, tanques, silos y otras superficies industriales.<\/span><\/h2>\n<\/div><\/div>\n\n\n\n<div style=\"height:30px\" aria-hidden=\"true\" class=\"wp-block-spacer\"><\/div>\n\n\n\n<p><\/p>\n\n\n\n<div class=\"wp-block-group\"><div class=\"wp-block-group__inner-container is-layout-flow wp-block-group-is-layout-flow\">\n<h3 class=\"wp-block-heading has-text-align-center\" id=\"max-plus-a-n-1-do-brasil-em-recuperacao-impermeabilizacao-tratamento-anti-corrosao-e-isolamento-termico-para-telhado\">La empresa n\u00famero 1 de Brasil en restauraci\u00f3n de techos, impermeabilizaci\u00f3n, tratamiento anticorrosi\u00f3n y aislamiento t\u00e9rmico. Cont\u00e1ctenos por WhatsApp haciendo <a href=\"https:\/\/api.whatsapp.com\/send\/?phone=5511999439114&amp;text&amp;type=phone_number&amp;app_absent=0\" target=\"_blank\" rel=\"noopener\">clic aqu\u00ed<\/a> o complete el formulario para conocer las ventajas para representantes.<\/h3>\n\n\n\n<div class=\"wp-block-contact-form-7-contact-form-selector\">\n<div class=\"wpcf7 no-js\" id=\"wpcf7-f1828-o1\" lang=\"pt-BR\" dir=\"ltr\" data-wpcf7-id=\"1828\">\n<div class=\"screen-reader-response\"><p role=\"status\" aria-live=\"polite\" aria-atomic=\"true\"><\/p> <ul><\/ul><\/div>\n<form action=\"\/es\/wp-json\/wp\/v2\/pages\/2026#wpcf7-f1828-o1\" method=\"post\" class=\"wpcf7-form init\" aria-label=\"Formul\u00e1rios de contato\" novalidate=\"novalidate\" data-status=\"init\">\n<fieldset class=\"hidden-fields-container\"><input type=\"hidden\" name=\"_wpcf7\" value=\"1828\" \/><input type=\"hidden\" name=\"_wpcf7_version\" value=\"6.1.5\" \/><input type=\"hidden\" name=\"_wpcf7_locale\" value=\"pt_BR\" \/><input type=\"hidden\" name=\"_wpcf7_unit_tag\" value=\"wpcf7-f1828-o1\" \/><input type=\"hidden\" name=\"_wpcf7_container_post\" value=\"0\" \/><input type=\"hidden\" name=\"_wpcf7_posted_data_hash\" value=\"\" \/><input type=\"hidden\" name=\"lang\" value=\"es\" \/>\n<\/fieldset>\n<div class=\"row\">\n\t<div class=\"col-sm-12\">\n\t\t<p><span class=\"wpcf7-form-control-wrap\" data-name=\"your-name\"><input size=\"40\" maxlength=\"400\" class=\"wpcf7-form-control wpcf7-text wpcf7-validates-as-required\" aria-required=\"true\" aria-invalid=\"false\" placeholder=\"Nombre\" value=\"\" type=\"text\" name=\"your-name\" \/><\/span>\n\t\t<\/p>\n\t<\/div>\n<\/div>\n<div class=\"row\">\n\t<div class=\"col-sm-12\">\n\t\t<p><span class=\"wpcf7-form-control-wrap\" data-name=\"empresa\"><input size=\"40\" maxlength=\"400\" class=\"wpcf7-form-control wpcf7-text wpcf7-validates-as-required\" aria-required=\"true\" aria-invalid=\"false\" placeholder=\"Empresa\" value=\"\" type=\"text\" name=\"empresa\" \/><\/span>\n\t\t<\/p>\n\t<\/div>\n<\/div>\n<div class=\"row\">\n\t<div class=\"col-sm-12\">\n\t\t<p><span class=\"wpcf7-form-control-wrap\" data-name=\"cnpj\"><input size=\"40\" maxlength=\"400\" class=\"wpcf7-form-control wpcf7-text wpcf7-validates-as-required\" aria-required=\"true\" aria-invalid=\"false\" placeholder=\"CNPJ\" value=\"\" type=\"text\" name=\"cnpj\" \/><\/span>\n\t\t<\/p>\n\t<\/div>\n<\/div>\n<div class=\"row\">\n\t<div class=\"col-sm-12\">\n\t\t<p><span class=\"wpcf7-form-control-wrap\" data-name=\"site\"><input size=\"40\" maxlength=\"400\" class=\"wpcf7-form-control wpcf7-text wpcf7-validates-as-required\" aria-required=\"true\" aria-invalid=\"false\" placeholder=\"Site\/Homepage\" value=\"\" type=\"text\" name=\"site\" \/><\/span>\n\t\t<\/p>\n\t<\/div>\n<\/div>\n<div class=\"row\">\n\t<div class=\"col-sm-12\">\n\t\t<p><span class=\"wpcf7-form-control-wrap\" data-name=\"cidade\"><input size=\"40\" maxlength=\"400\" class=\"wpcf7-form-control wpcf7-text wpcf7-validates-as-required\" aria-required=\"true\" aria-invalid=\"false\" placeholder=\"Ciudad\" value=\"\" type=\"text\" name=\"cidade\" \/><\/span>\n\t\t<\/p>\n\t<\/div>\n<\/div>\n<div class=\"row\">\n\t<div class=\"col-sm-12\">\n\t\t<p><span class=\"wpcf7-form-control-wrap\" data-name=\"estado\"><select class=\"wpcf7-form-control wpcf7-select wpcf7-validates-as-required\" aria-required=\"true\" aria-invalid=\"false\" name=\"estado\"><option value=\"Estado\">Estado<\/option><option value=\"SP\">SP<\/option><option value=\"RJ\">RJ<\/option><option value=\"RS\">RS<\/option><option value=\"MG\">MG<\/option><option value=\"AC\">AC<\/option><option value=\"AL\">AL<\/option><option value=\"AP\">AP<\/option><option value=\"AM\">AM<\/option><option value=\"BA\">BA<\/option><option value=\"CE\">CE<\/option><option value=\"DF\">DF<\/option><option value=\"ES\">ES<\/option><option value=\"GO\">GO<\/option><option value=\"MA\">MA<\/option><option value=\"MT\">MT<\/option><option value=\"MS\">MS<\/option><option value=\"PA\">PA<\/option><option value=\"PB\">PB<\/option><option value=\"PR\">PR<\/option><option value=\"PE\">PE<\/option><option value=\"PI\">PI<\/option><option value=\"RN\">RN<\/option><option value=\"RO\">RO<\/option><option value=\"RR\">RR<\/option><option value=\"SC\">SC<\/option><option value=\"SE\">SE<\/option><option value=\"TO\">TO<\/option><\/select><\/span>\n\t\t<\/p>\n\t<\/div>\n<\/div>\n<div class=\"row\">\n\t<div class=\"col-sm-12\">\n\t\t<p><span class=\"wpcf7-form-control-wrap\" data-name=\"email\"><input size=\"40\" maxlength=\"400\" class=\"wpcf7-form-control wpcf7-text wpcf7-validates-as-required\" aria-required=\"true\" aria-invalid=\"false\" placeholder=\"E-mail\" value=\"\" type=\"text\" name=\"email\" \/><\/span>\n\t\t<\/p>\n\t<\/div>\n<\/div>\n<div class=\"row\">\n\t<div class=\"col-sm-2 col-md-3 col-xl-2\">\n\t\t<p><span class=\"wpcf7-form-control-wrap\" data-name=\"ddd\"><input size=\"40\" maxlength=\"400\" class=\"wpcf7-form-control wpcf7-tel wpcf7-validates-as-required wpcf7-text wpcf7-validates-as-tel number js-ddd\" aria-required=\"true\" aria-invalid=\"false\" placeholder=\"DDD\" value=\"\" type=\"tel\" name=\"ddd\" \/><\/span>\n\t\t<\/p>\n\t<\/div>\n\t<div class=\"col-sm-10 col-md-9 col-xl-10\">\n\t\t<p><span class=\"wpcf7-form-control-wrap\" data-name=\"telefono\"><input size=\"40\" maxlength=\"400\" class=\"wpcf7-form-control wpcf7-tel wpcf7-validates-as-required wpcf7-text wpcf7-validates-as-tel number js-tel\" aria-required=\"true\" aria-invalid=\"false\" placeholder=\"Tel\u00e9fono\" value=\"\" type=\"tel\" name=\"telefono\" \/><\/span>\n\t\t<\/p>\n\t<\/div>\n<\/div>\n<div class=\"row\">\n\t<div class=\"col-sm-12\">\n\t\t<p><span class=\"wpcf7-form-control-wrap\" data-name=\"mensagem\"><textarea cols=\"40\" rows=\"10\" maxlength=\"2000\" class=\"wpcf7-form-control wpcf7-textarea wpcf7-validates-as-required\" aria-required=\"true\" aria-invalid=\"false\" placeholder=\"Mensaje\" name=\"mensagem\"><\/textarea><\/span>\n\t\t<\/p>\n\t<\/div>\n\t<p><span id=\"erros\" name=\"erros\"><\/span>\n\t<\/p>\n<\/div>\n<div class=\"row justify-content-md-center\">\n\t<div class=\"col-sm-12 button-alignment\">\n\t\t<p><input class=\"wpcf7-form-control wpcf7-submit has-spinner button-send\" id=\"form-submit\" type=\"submit\" value=\"Enviar\" \/>\n\t\t<\/p>\n\t<\/div>\n<\/div><div class=\"wpcf7-response-output\" aria-hidden=\"true\"><\/div>\n<\/form>\n<\/div>\n<\/div>\n<\/div><\/div>\n\n\n\n<div style=\"height:47px\" aria-hidden=\"true\" class=\"wp-block-spacer\"><\/div>\n\n\n\n<p>Max Plus Company es l\u00edder en soluciones para techos industriales y est\u00e1 comprometida con la sostenibilidad, no solo en sus productos, sino tambi\u00e9n en la sociedad en su conjunto. Por ello, forma parte del Green Building Council y se adhiere al 100% a sus directrices. Todas sus f\u00f3rmulas utilizan tecnolog\u00edas avaladas por la organizaci\u00f3n para ofrecer las soluciones de techos verdes m\u00e1s innovadoras al mercado nacional, especialmente para techos blancos.<\/p>\n\n\n\n<p>Max Therm, por ejemplo, es un producto investigado y formulado para lograr una eficiencia \u00f3ptima en reflectividad y reducci\u00f3n del calor. Su composici\u00f3n se inspira en la tecnolog\u00eda utilizada por la NASA en sus naves espaciales y contiene part\u00edculas cer\u00e1micas que a\u00edslan del calor. Si funciona bien para proteger las naves espaciales del calor durante la reentrada atmosf\u00e9rica, funciona a la perfecci\u00f3n para convertirse en su nuevo techo blanco.<\/p>\n\n\n\n<p>Gracias a su color completamente blanco y a sus componentes \u00fanicos, Max Therm ayuda a reflejar los rayos solares y puede reducir la temperatura de las tejas en m\u00e1s del 50%. En comparaci\u00f3n, en un d\u00eda soleado, las tejas suelen alcanzar temperaturas superiores a los 75 \u00b0C, descendiendo a menos de 20 \u00b0C al anochecer.<\/p>\n\n\n\n<p>Esta variaci\u00f3n t\u00e9rmica afecta el confort en los negocios durante todo el d\u00eda y requiere importantes inversiones en sistemas de aire acondicionado, lo que incrementa los costos de electricidad, y en el mantenimiento de techos debido a los da\u00f1os causados \u200b\u200bpor el choque t\u00e9rmico.<\/p>\n\n\n\n<p>Solucione definitivamente sus problemas relacionados con el calor con las soluciones de Max Plus. Somos la \u00fanica empresa con m\u00e1s de 35 a\u00f1os de experiencia que ofrece garant\u00edas desde 10 a\u00f1os en productos y servicios realizados por t\u00e9cnicos acreditados, y que innova constantemente para proteger sus activos.<\/p>\n\n\n\n<p>Esta es la soluci\u00f3n definitiva para los empresarios que buscan la m\u00e1xima eficiencia t\u00e9rmica para sus almacenes o edificios comerciales, sin desperdiciar recursos en productos como las mantas de aluminio, que aparentemente solucionan el problema, pero que en \u00faltima instancia solo lo enmascaran, lo que inevitablemente requerir\u00e1 reparaciones en el futuro.<\/p>\n\n\n\n<p>Descubra todas las ventajas de ser representante de Max Plus Solutions, con garant\u00edas desde 10 a\u00f1os, y recuerde: los techos blancos son la opci\u00f3n m\u00e1s ecol\u00f3gica para destacar la sostenibilidad de su empresa.<\/p>\n\n\n\n<div style=\"height:70px\" aria-hidden=\"true\" class=\"wp-block-spacer\"><\/div>\n\n\n<div class=\"wp-block-image\">\n<figure class=\"aligncenter size-full\"><img decoding=\"async\" width=\"1024\" height=\"289\" data-src=\"https:\/\/maxpluscompany.com\/wp-content\/uploads\/2022\/08\/seja_um_representante_maxplus_company.jpg\" alt=\"seja_um_representante_maxplus_company\" class=\"wp-image-2009 lazyload\" title=\"|\" data-srcset=\"https:\/\/maxpluscompany.com\/wp-content\/uploads\/2022\/08\/seja_um_representante_maxplus_company.jpg 1024w, https:\/\/maxpluscompany.com\/wp-content\/uploads\/2022\/08\/seja_um_representante_maxplus_company-300x85.jpg 300w, https:\/\/maxpluscompany.com\/wp-content\/uploads\/2022\/08\/seja_um_representante_maxplus_company-768x217.jpg 768w\" data-sizes=\"(max-width: 1024px) 100vw, 1024px\" src=\"data:image\/svg+xml;base64,PHN2ZyB3aWR0aD0iMSIgaGVpZ2h0PSIxIiB4bWxucz0iaHR0cDovL3d3dy53My5vcmcvMjAwMC9zdmciPjwvc3ZnPg==\" style=\"--smush-placeholder-width: 1024px; --smush-placeholder-aspect-ratio: 1024\/289;\" \/><\/figure>\n<\/div>\n\n\n<p><\/p>\n\n\n<div class=\"wp-block-image\">\n<figure class=\"aligncenter size-full\"><img decoding=\"async\" width=\"280\" height=\"71\" data-src=\"https:\/\/maxpluscompany.com\/wp-content\/uploads\/2022\/08\/seja_um_representante_maxplus.png\" alt=\"\" class=\"wp-image-2052 lazyload\" title=\"|\" src=\"data:image\/svg+xml;base64,PHN2ZyB3aWR0aD0iMSIgaGVpZ2h0PSIxIiB4bWxucz0iaHR0cDovL3d3dy53My5vcmcvMjAwMC9zdmciPjwvc3ZnPg==\" style=\"--smush-placeholder-width: 280px; --smush-placeholder-aspect-ratio: 280\/71;\"><\/figure>\n<\/div>\n\n\n<p><\/p>\n\n\n\n<div class=\"wp-block-rank-math-toc-block\" id=\"rank-math-toc\"><h2>\u00cdndice<\/h2><nav><ul><li><a href=\"#seja-um-reprsentante\">Sea un Representante Max Plus<\/a><ul><li><a href=\"#faca-parte-do-time-de-representantes-max-plus-a-maior-fabricante-de-uma-variedade-de-membranas-liquidas-para-a-restauracao-sustentavel-de-telhados-paredes-tanques-silos-e-outras-superficies-industriais\">\u00danete al equipo de distribuidores de Max Plus, el mayor fabricante de una variedad de membranas l\u00edquidas para la restauraci\u00f3n sostenible de techos, paredes, tanques, silos y otras superficies industriales.<\/a><ul><li><a href=\"#max-plus-a-n-1-do-brasil-em-recuperacao-impermeabilizacao-tratamento-anti-corrosao-e-isolamento-termico-para-telhado\">La empresa n\u00famero 1 de Brasil en restauraci\u00f3n de techos, impermeabilizaci\u00f3n, tratamiento anticorrosi\u00f3n y aislamiento t\u00e9rmico. Cont\u00e1ctenos por WhatsApp haciendo clic aqu\u00ed o complete el formulario para conocer las ventajas para representantes.<\/a><\/li><\/ul><\/li><\/ul><\/li><\/ul><\/nav><\/div>\n","protected":false},"excerpt":{"rendered":"<p>Sea un Representante Max Plus \u00danete al equipo de distribuidores de Max Plus, el mayor fabricante de una variedad de membranas l\u00edquidas para la restauraci\u00f3n sostenible de techos, paredes, tanques, silos y otras superficies industriales. La empresa n\u00famero 1 de Brasil en restauraci\u00f3n de techos, impermeabilizaci\u00f3n, tratamiento anticorrosi\u00f3n y aislamiento t\u00e9rmico. Cont\u00e1ctenos por WhatsApp haciendo [&hellip;]<\/p>\n","protected":false},"author":7,"featured_media":0,"parent":0,"menu_order":0,"comment_status":"closed","ping_status":"closed","template":"","meta":{"_acf_changed":false,"footnotes":""},"class_list":["post-2026","page","type-page","status-publish","hentry","entry"],"acf":[],"_links":{"self":[{"href":"https:\/\/maxpluscompany.com\/es\/wp-json\/wp\/v2\/pages\/2026","targetHints":{"allow":["GET"]}}],"collection":[{"href":"https:\/\/maxpluscompany.com\/es\/wp-json\/wp\/v2\/pages"}],"about":[{"href":"https:\/\/maxpluscompany.com\/es\/wp-json\/wp\/v2\/types\/page"}],"author":[{"embeddable":true,"href":"https:\/\/maxpluscompany.com\/es\/wp-json\/wp\/v2\/users\/7"}],"replies":[{"embeddable":true,"href":"https:\/\/maxpluscompany.com\/es\/wp-json\/wp\/v2\/comments?post=2026"}],"version-history":[{"count":28,"href":"https:\/\/maxpluscompany.com\/es\/wp-json\/wp\/v2\/pages\/2026\/revisions"}],"predecessor-version":[{"id":5515,"href":"https:\/\/maxpluscompany.com\/es\/wp-json\/wp\/v2\/pages\/2026\/revisions\/5515"}],"wp:attachment":[{"href":"https:\/\/maxpluscompany.com\/es\/wp-json\/wp\/v2\/media?parent=2026"}],"curies":[{"name":"wp","href":"https:\/\/api.w.org\/{rel}","templated":true}]}}