{"id":23,"date":"2019-09-23T08:40:27","date_gmt":"2019-09-23T11:40:27","guid":{"rendered":"http:\/\/clients.webproducer.com.br\/MaxPlus\/site\/?page_id=23"},"modified":"2026-04-17T16:34:37","modified_gmt":"2026-04-17T19:34:37","slug":"acerca-de-max-plus","status":"publish","type":"page","link":"https:\/\/maxpluscompany.com\/es\/acerca-de-max-plus\/","title":{"rendered":"Acerca de Max Plus"},"content":{"rendered":"\n<figure class=\"wp-block-image\"><img decoding=\"async\" data-src=\"https:\/\/maxpluscompany.com\/wp-content\/uploads\/2019\/09\/destaque-large.png\" alt=\"\" title=\"|\" src=\"data:image\/svg+xml;base64,PHN2ZyB3aWR0aD0iMSIgaGVpZ2h0PSIxIiB4bWxucz0iaHR0cDovL3d3dy53My5vcmcvMjAwMC9zdmciPjwvc3ZnPg==\" class=\"lazyload\" style=\"--smush-placeholder-width: 328px; --smush-placeholder-aspect-ratio: 328\/375;\"><\/figure>\n\n\n\n<h1 class=\"wp-block-heading\" id=\"sobre-a-max-plus\">Acerca de Max Plus Company<\/h1>\n\n\n\n<p><br>Max Plus es una tecnolog\u00eda especializada para la impermeabilizaci\u00f3n, el aislamiento t\u00e9rmico y la protecci\u00f3n de superficies t\u00e9cnicas industriales exteriores, incluyendo cubiertas, losas, fachadas, silos, paredes laterales, contenedores y otras estructuras expuestas a la intemperie.<\/p>\n\n\n\n<p>Con 35 a\u00f1os en el mercado y m\u00e1s de 12 millones de m\u00b2 aplicados, Max Plus es l\u00edder nacional en soluciones de alto rendimiento que reducen costes, aumentan la eficiencia energ\u00e9tica y protegen los activos industriales sin necesidad de interrumpir las operaciones ni sustituir las estructuras existentes.<\/p>\n\n\n\n<p>Nuestra misi\u00f3n es clara: eliminar fugas, reducir el calor, ahorrar energ\u00eda y prolongar la vida \u00fatil de las superficies t\u00e9cnicas exteriores en la industria.<\/p>\n\n\n\n<hr class=\"wp-block-separator has-alpha-channel-opacity\"\/>\n\n\n\n<h1 class=\"wp-block-heading\" id=\"max-therm-nossa-tecnologia-exclusiva-e-certificada\"><a href=\"https:\/\/maxpluscompany.com\/pt\/produtos\/\">Max Therm<\/a>: nuestra tecnolog\u00eda exclusiva y certificada<\/h1>\n\n\n\n<p>Max Therm es nuestro producto estrella, el \u00fanico aislamiento t\u00e9rmico del mundo con un 88 % de reflectividad, certificado por el IPT (Instituto de Investigaci\u00f3n Tecnol\u00f3gica).<\/p>\n\n\n\n<p>Gracias a esta tecnolog\u00eda patentada, nuestros sistemas son:<\/p>\n\n\n\n<ul class=\"wp-block-list\">\n<li>100 % reciclables (sin residuos de baldosas)<\/li>\n\n\n\n<li>100 % sostenibles<\/li>\n\n\n\n<li>100 % rentables<\/li>\n\n\n\n<li>100 % superiores a los m\u00e9todos tradicionales<\/li>\n<\/ul>\n\n\n\n<p>Max Therm reduce dr\u00e1sticamente la absorci\u00f3n t\u00e9rmica de las estructuras, creando entornos m\u00e1s frescos, estables y energ\u00e9ticamente eficientes, incluso en operaciones industriales a gran escala.<\/p>\n\n\n\n<h2 class=\"wp-block-heading\" id=\"beneficios-diretos-para-o-cliente\">Beneficios directos para el cliente:<\/h2>\n\n\n\n<ul class=\"wp-block-list\">\n<li>Reducci\u00f3n significativa de la temperatura interior<\/li>\n\n\n\n<li>Ahorro real en aire acondicionado y climatizaci\u00f3n<\/li>\n\n\n\n<li>Protecci\u00f3n completa de las superficies exteriores<\/li>\n\n\n\n<li>Mayor vida \u00fatil de las estructuras<\/li>\n\n\n\n<li>Entornos m\u00e1s seguros y productivos<\/li>\n<\/ul>\n\n\n\n<hr class=\"wp-block-separator has-alpha-channel-opacity\"\/>\n\n\n\n<h2 class=\"wp-block-heading\" id=\"soluciones-para-los-principales-desafios-industriales\">Soluciones para los principales desaf\u00edos industriales<\/h2>\n\n\n\n<p id=\"soluciones-para-los-principales-desafios-industriales\">Max Plus aborda directamente los problemas m\u00e1s importantes que enfrentan los edificios industriales:<\/p>\n\n\n\n<ul class=\"wp-block-list\">\n<li>Fugas y filtraciones<\/li>\n\n\n\n<li>Techos y losas sobrecalentados<\/li>\n\n\n\n<li>Alto consumo energ\u00e9tico<\/li>\n\n\n\n<li>Corrosi\u00f3n y desgaste prematuro<\/li>\n\n\n\n<li>Riesgo operativo derivado del calor excesivo<\/li>\n\n\n\n<li>Estructuras antiguas y deterioradas<\/li>\n\n\n\n<li>Transformamos estos desaf\u00edos en beneficios operativos y financieros reales.<\/li>\n<\/ul>\n\n\n\n<h2 class=\"wp-block-heading\" id=\"payback-rapido-com-estudo-tecnico-e-software-proprio\">Recuperaci\u00f3n de la inversi\u00f3n r\u00e1pida, con estudio t\u00e9cnico y software propio.<\/h2>\n\n\n\n<p>La reducci\u00f3n de la temperatura y el menor uso del aire acondicionado garantizan un r\u00e1pido retorno de la inversi\u00f3n.<\/p>\n\n\n\n<p>Herramientas exclusivas de Max Plus:<\/p>\n\n\n\n<p>\u2714 Estudio de rentabilidad t\u00e9cnica personalizado<br>\u2714 Software propio que calcula:<\/p>\n\n\n\n<ul class=\"wp-block-list\">\n<li>Temperatura ambiente real (antes\/despu\u00e9s)<\/li>\n\n\n\n<li>Ahorro energ\u00e9tico<\/li>\n\n\n\n<li>Impacto en el sistema de aire acondicionado<\/li>\n\n\n\n<li>Retorno de la inversi\u00f3n y periodo de recuperaci\u00f3n<\/li>\n\n\n\n<li>Reducci\u00f3n de CO\u2082<\/li>\n<\/ul>\n\n\n\n<p>Todo basado al 100 % en datos reales de la operaci\u00f3n del cliente.<\/p>\n\n\n\n<hr class=\"wp-block-separator has-alpha-channel-opacity\"\/>\n\n\n\n<h2 class=\"wp-block-heading\" id=\"sustentabilidade-esg-e-certificacoes\">Sustentabilidade, ESG e certifica\u00e7\u00f5es<\/h2>\n\n\n\n<p>Nossos sistemas contribuem diretamente para:<\/p>\n\n\n\n<ul class=\"wp-block-list\">\n<li>metas de ESG<\/li>\n\n\n\n<li>LEED<\/li>\n\n\n\n<li>redu\u00e7\u00e3o de emiss\u00f5es<\/li>\n\n\n\n<li>cumprimento do Acordo de Paris<\/li>\n\n\n\n<li>diminui\u00e7\u00e3o das ilhas de calor<\/li>\n\n\n\n<li>elimina\u00e7\u00e3o de descarte de telhas (inclusive amianto)<\/li>\n<\/ul>\n\n\n\n<p>Max Therm \u00e9 uma das tecnologias mais alinhadas ao futuro sustent\u00e1vel da ind\u00fastria.<\/p>\n\n\n\n<h2 class=\"wp-block-heading\" id=\"protecao-maxima-das-estruturas-externas\">M\u00e1xima protecci\u00f3n de las estructuras exteriores.<\/h2>\n\n\n\n<p>Adem\u00e1s de la eficiencia t\u00e9rmica, nuestros sistemas ofrecen:<\/p>\n\n\n\n<ul class=\"wp-block-list\">\n<li>Impermeabilizaci\u00f3n avanzada<\/li>\n\n\n\n<li>Protecci\u00f3n contra la radiaci\u00f3n UV<\/li>\n\n\n\n<li>Barrera anticorrosi\u00f3n<\/li>\n\n\n\n<li>Menor desgaste estructural<\/li>\n\n\n\n<li>Mayor durabilidad<\/li>\n\n\n\n<li>Menor mantenimiento correctivo<\/li>\n<\/ul>\n\n\n\n<p>Las empresas que utilizan Max Plus evitan costosos reemplazos de techos y prolongan la vida \u00fatil de sus estructuras.<\/p>\n\n\n\n<h2 class=\"wp-block-heading\" id=\"por-que-escolher-a-max-plus\">\u00bfPor qu\u00e9 elegir Max Plus?<\/h2>\n\n\n\n<p>\u2714 M\u00e1s de 35 a\u00f1os de experiencia<br>\u2714 M\u00e1s de 12 millones de m\u00b2 aplicados<br>\u2714 Tecnolog\u00eda exclusiva Max Therm (88 % de reflectividad IPT)<br>\u2714 Reducci\u00f3n de temperatura comprobada<br>\u2714 Ahorro energ\u00e9tico real<br>\u2714 R\u00e1pido retorno de la inversi\u00f3n<br>\u2714 Cero tiempo de inactividad operativa<br>\u2714 Cumplimiento de los est\u00e1ndares ESG<br>\u2714 Soluciones para superficies t\u00e9cnicas industriales externas<\/p>\n\n\n\n<hr class=\"wp-block-separator has-alpha-channel-opacity\"\/>\n\n\n\n<h3 class=\"wp-block-heading has-text-align-center\" id=\"assista-ao-teste-de-eficiencia-termica\">Mira la prueba de eficiencia t\u00e9rmica Max Therm.<\/h3>\n\n\n\n<p class=\"has-text-align-center\"><strong>Compruebe en la pr\u00e1ctica la diferencia de temperatura en cubiertas tratadas con la tecnolog\u00eda Max Plus, l\u00edder en soluciones para cubiertas industriales.<\/strong><\/p>\n\n\n<div class=\"wp-block-image\">\n<figure class=\"aligncenter size-large is-resized\"><a href=\"https:\/\/youtu.be\/TeXf1ITmL2U?si=0OiearveCgctoBN_\" target=\"_blank\" rel=\"noopener\"><img decoding=\"async\" width=\"1167\" height=\"656\" data-src=\"https:\/\/maxpluscompany.com\/wp-content\/uploads\/2023\/04\/malinha-final-rev-2-1-1167x656.jpg\" alt=\"\" class=\"wp-image-3554 lazyload\" style=\"--smush-placeholder-width: 1167px; --smush-placeholder-aspect-ratio: 1167\/656;width:-77px;height:-43px\" title=\"|\" data-srcset=\"https:\/\/maxpluscompany.com\/wp-content\/uploads\/2023\/04\/malinha-final-rev-2-1-1167x656.jpg 1167w, https:\/\/maxpluscompany.com\/wp-content\/uploads\/2023\/04\/malinha-final-rev-2-1-300x169.jpg 300w, https:\/\/maxpluscompany.com\/wp-content\/uploads\/2023\/04\/malinha-final-rev-2-1-768x432.jpg 768w, https:\/\/maxpluscompany.com\/wp-content\/uploads\/2023\/04\/malinha-final-rev-2-1-1536x864.jpg 1536w, https:\/\/maxpluscompany.com\/wp-content\/uploads\/2023\/04\/malinha-final-rev-2-1-1568x882.jpg 1568w, https:\/\/maxpluscompany.com\/wp-content\/uploads\/2023\/04\/malinha-final-rev-2-1.jpg 1920w\" data-sizes=\"(max-width: 1167px) 100vw, 1167px\" src=\"data:image\/svg+xml;base64,PHN2ZyB3aWR0aD0iMSIgaGVpZ2h0PSIxIiB4bWxucz0iaHR0cDovL3d3dy53My5vcmcvMjAwMC9zdmciPjwvc3ZnPg==\" \/><\/a><\/figure>\n<\/div>\n\n\n<div class=\"wp-block-rank-math-toc-block\" id=\"rank-math-toc\"><h2>\u00cdndice<\/h2><nav><ul><li><a href=\"#sobre-a-max-plus\">Acerca de Max Plus Company<\/a><\/li><li><a href=\"#max-therm-nossa-tecnologia-exclusiva-e-certificada\">Max Therm: nuestra tecnolog\u00eda exclusiva y certificada<\/a><ul><li><a href=\"#beneficios-diretos-para-o-cliente\">Beneficios directos para el cliente:<\/a><\/li><li><a href=\"#soluciones-para-los-principales-desafios-industriales\">Soluciones para los principales desaf\u00edos industriales<\/a><\/li><li><a href=\"#payback-rapido-com-estudo-tecnico-e-software-proprio\">Recuperaci\u00f3n de la inversi\u00f3n r\u00e1pida, con estudio t\u00e9cnico y software propio.<\/a><\/li><li><a href=\"#sustentabilidade-esg-e-certificacoes\">Sustentabilidade, ESG e certifica\u00e7\u00f5es<\/a><\/li><li><a href=\"#protecao-maxima-das-estruturas-externas\">M\u00e1xima protecci\u00f3n de las estructuras exteriores.<\/a><\/li><li><a href=\"#por-que-escolher-a-max-plus\">\u00bfPor qu\u00e9 elegir Max Plus?<\/a><ul><li><a href=\"#assista-ao-teste-de-eficiencia-termica\">Mira la prueba de eficiencia t\u00e9rmica Max Therm.<\/a><\/li><\/ul><\/li><\/ul><\/li><\/ul><\/nav><\/div>\n","protected":false},"excerpt":{"rendered":"<p>Acerca de Max Plus Company Max Plus es una tecnolog\u00eda especializada para la impermeabilizaci\u00f3n, el aislamiento t\u00e9rmico y la protecci\u00f3n de superficies t\u00e9cnicas industriales exteriores, incluyendo cubiertas, losas, fachadas, silos, paredes laterales, contenedores y otras estructuras expuestas a la intemperie. Con 35 a\u00f1os en el mercado y m\u00e1s de 12 millones de m\u00b2 aplicados, Max [&hellip;]<\/p>\n","protected":false},"author":7,"featured_media":0,"parent":0,"menu_order":0,"comment_status":"closed","ping_status":"closed","template":"","meta":{"_acf_changed":false,"footnotes":""},"class_list":["post-23","page","type-page","status-publish","hentry","entry"],"acf":[],"_links":{"self":[{"href":"https:\/\/maxpluscompany.com\/es\/wp-json\/wp\/v2\/pages\/23","targetHints":{"allow":["GET"]}}],"collection":[{"href":"https:\/\/maxpluscompany.com\/es\/wp-json\/wp\/v2\/pages"}],"about":[{"href":"https:\/\/maxpluscompany.com\/es\/wp-json\/wp\/v2\/types\/page"}],"author":[{"embeddable":true,"href":"https:\/\/maxpluscompany.com\/es\/wp-json\/wp\/v2\/users\/7"}],"replies":[{"embeddable":true,"href":"https:\/\/maxpluscompany.com\/es\/wp-json\/wp\/v2\/comments?post=23"}],"version-history":[{"count":29,"href":"https:\/\/maxpluscompany.com\/es\/wp-json\/wp\/v2\/pages\/23\/revisions"}],"predecessor-version":[{"id":5749,"href":"https:\/\/maxpluscompany.com\/es\/wp-json\/wp\/v2\/pages\/23\/revisions\/5749"}],"wp:attachment":[{"href":"https:\/\/maxpluscompany.com\/es\/wp-json\/wp\/v2\/media?parent=23"}],"curies":[{"name":"wp","href":"https:\/\/api.w.org\/{rel}","templated":true}]}}