{"id":31,"date":"2019-09-23T09:13:27","date_gmt":"2019-09-23T12:13:27","guid":{"rendered":"http:\/\/clients.webproducer.com.br\/MaxPlus\/site\/?page_id=31"},"modified":"2026-04-22T14:25:18","modified_gmt":"2026-04-22T17:25:18","slug":"ventajas-del-sistemas","status":"publish","type":"page","link":"https:\/\/maxpluscompany.com\/es\/ventajas-del-sistemas\/","title":{"rendered":"Ventajas"},"content":{"rendered":"\n<h2 class=\"wp-block-heading alignfull has-text-align-center has-primary-color has-text-color has-background has-link-color wp-elements-5bc3be5dd30b048ed8a78875635f25b3\" id=\"palavra-chave-reducao\" style=\"background-color:#f6f6f6\"><strong>Ventajas del alto rendimiento: Ingenier\u00eda de soluciones Max Plus<\/strong><\/h2>\n\n\n\n<div style=\"height:60px\" aria-hidden=\"true\" class=\"wp-block-spacer\"><\/div>\n\n\n\n<div style=\"height:62px\" aria-hidden=\"true\" class=\"wp-block-spacer\"><\/div>\n\n\n\n<div class=\"wp-block-group is-nowrap is-layout-flex wp-container-core-group-is-layout-ad2f72ca wp-block-group-is-layout-flex\">\n<div class=\"wp-block-media-text is-stacked-on-mobile is-vertically-aligned-center\" style=\"grid-template-columns:42% auto\"><figure class=\"wp-block-media-text__media\"><img decoding=\"async\" width=\"915\" height=\"597\" data-src=\"https:\/\/maxpluscompany.com\/wp-content\/uploads\/2023\/10\/Creditos-de-Carbono.jpg\" alt=\"\" class=\"wp-image-4213 size-full lazyload\" title=\"|\" data-srcset=\"https:\/\/maxpluscompany.com\/wp-content\/uploads\/2023\/10\/Creditos-de-Carbono.jpg 915w, https:\/\/maxpluscompany.com\/wp-content\/uploads\/2023\/10\/Creditos-de-Carbono-300x196.jpg 300w, https:\/\/maxpluscompany.com\/wp-content\/uploads\/2023\/10\/Creditos-de-Carbono-768x501.jpg 768w\" data-sizes=\"(max-width: 915px) 100vw, 915px\" src=\"data:image\/svg+xml;base64,PHN2ZyB3aWR0aD0iMSIgaGVpZ2h0PSIxIiB4bWxucz0iaHR0cDovL3d3dy53My5vcmcvMjAwMC9zdmciPjwvc3ZnPg==\" style=\"--smush-placeholder-width: 915px; --smush-placeholder-aspect-ratio: 915\/597;\" \/><\/figure><div class=\"wp-block-media-text__content\">\n<p>En el panorama industrial actual, la gesti\u00f3n de activos no puede tomarse a la ligera. Techos, fachadas y estructuras met\u00e1licas son elementos cr\u00edticos para la continuidad operativa. Max Plus Company no se limita a suministrar productos est\u00e1ndar; somos la \u00fanica empresa especializada en el desarrollo e implementaci\u00f3n de sistemas de ingenier\u00eda de alto rendimiento.<\/p>\n\n\n\n<p>Con 35 a\u00f1os de experiencia en el mercado, hemos consolidado la reputaci\u00f3n necesaria para atender a importantes empresas nacionales e internacionales, ofreciendo soluciones que resuelven complejos problemas de ingenier\u00eda con ventajas competitivas y sin necesidad de interrumpir la producci\u00f3n.<\/p>\n<\/div><\/div>\n<\/div>\n\n\n\n<div style=\"height:60px\" aria-hidden=\"true\" class=\"wp-block-spacer\"><\/div>\n\n\n\n<h3 class=\"wp-block-heading has-text-align-center has-primary-color has-text-color has-link-color wp-elements-faf02bdaa5945ab4eb3ab60f2f4f1eb0\" id=\"a-autoridade-que-sustenta-nossos-resultados\">La autoridad que respalda nuestros resultados y ventajas<\/h3>\n\n\n\n<p>Nuestra ventaja competitiva se basa en la ciencia. El aislamiento t\u00e9rmico <a href=\"https:\/\/maxpluscompany.com\/es\/productos\/\">Max Therm<\/a>, el producto estrella de nuestra l\u00ednea, incorpora la tecnolog\u00eda original de aislamiento t\u00e9rmico de la d\u00e9cada de 1980, inspirada en estudios de la NASA y perfeccionada para las duras condiciones de los parques industriales. M\u00e1s que una promesa de mercado, somos el \u00fanico aislamiento t\u00e9rmico de alto rendimiento en Am\u00e9rica con un 88 % de reflectancia y una eficiencia certificada por el <a href=\"https:\/\/ipt.br\/home\/\" target=\"_blank\" rel=\"noopener\">IPT (Instituto de Investigaci\u00f3n Tecnol\u00f3gica)<\/a>.<\/p>\n\n\n\n<p>Mientras que las soluciones comunes se centran \u00fanicamente en la est\u00e9tica, Max Plus se enfoca en resultados f\u00edsicos medibles. Como se observa en la comparaci\u00f3n t\u00e9cnica a continuaci\u00f3n, la aplicaci\u00f3n de nuestra tecnolog\u00eda promueve una dr\u00e1stica disminuci\u00f3n de la temperatura de la superficie del techo.ture, ensuring that the internal environment remains within ideal operating levels, regardless of the external temperature:<\/p>\n\n\n\n<div style=\"height:40px\" aria-hidden=\"true\" class=\"wp-block-spacer\"><\/div>\n\n\n<div class=\"wp-block-image\">\n<figure class=\"aligncenter is-resized\"><img decoding=\"async\" width=\"1167\" height=\"329\" data-src=\"https:\/\/maxpluscompany.com\/wp-content\/uploads\/2023\/03\/natura-1.png\" alt=\"\" class=\"wp-image-3010 lazyload\" style=\"--smush-placeholder-width: 1167px; --smush-placeholder-aspect-ratio: 1167\/329;aspect-ratio:3.547233436238423;width:848px;height:auto\" title=\"|\" data-srcset=\"https:\/\/maxpluscompany.com\/wp-content\/uploads\/2023\/03\/natura-1.png 1167w, https:\/\/maxpluscompany.com\/wp-content\/uploads\/2023\/03\/natura-1-300x85.png 300w, https:\/\/maxpluscompany.com\/wp-content\/uploads\/2023\/03\/natura-1-768x217.png 768w\" data-sizes=\"(max-width: 1167px) 100vw, 1167px\" src=\"data:image\/svg+xml;base64,PHN2ZyB3aWR0aD0iMSIgaGVpZ2h0PSIxIiB4bWxucz0iaHR0cDovL3d3dy53My5vcmcvMjAwMC9zdmciPjwvc3ZnPg==\" \/><\/figure>\n<\/div>\n\n\n<div style=\"height:44px\" aria-hidden=\"true\" class=\"wp-block-spacer\"><\/div>\n\n\n\n<h2 class=\"wp-block-heading has-text-align-center has-primary-color has-text-color has-link-color wp-elements-a4731a7ed6114726e7217542f59e9a7c\" id=\"intelligence-that-generates-profitability-payback-and-esg\">Inteligencia que genera rentabilidad: Recuperaci\u00f3n de la inversi\u00f3n y ESG<\/h2>\n\n\n\n<div style=\"height:41px\" aria-hidden=\"true\" class=\"wp-block-spacer\"><\/div>\n\n\n\n<p>El gran diferenciador de Max Plus es la previsibilidad financiera. No trabajamos con estimaciones. Utilizamos software propio de simulaci\u00f3n t\u00e9rmica para proyectar, incluso antes del inicio de la construcci\u00f3n, el impacto real de nuestra intervenci\u00f3n:<\/p>\n\n\n\n<p>Recuperaci\u00f3n de la inversi\u00f3n acelerada: Las inversiones en eficiencia energ\u00e9tica y protecci\u00f3n estructural suelen amortizarse en menos de 3 a\u00f1os (como lo demuestran casos de grandes empresas como Natura). Transcurrido este periodo, el sistema genera ahorros continuos, reduciendo los costes de electricidad (aire acondicionado) y eliminando el mantenimiento correctivo.<\/p>\n\n\n\n<p>Alineaci\u00f3n con ESG: Nuestras soluciones son pilares de la sostenibilidad. La aplicaci\u00f3n del sistema reduce el consumo energ\u00e9tico de la planta, lo que se traduce directamente en una reducci\u00f3n de las emisiones de CO2. Estamos alineados con los objetivos globales de sostenibilidad y neutralidad de carbono, ofreciendo un valor incalculable a las empresas que buscan certificaciones LEED o auditor\u00edas ambientales rigurosas.<\/p>\n\n\n\n<div style=\"height:44px\" aria-hidden=\"true\" class=\"wp-block-spacer\"><\/div>\n\n\n\n<h2 class=\"wp-block-heading has-text-align-center has-primary-color has-text-color has-link-color wp-elements-e64b8012e712791cb5062827d91198fd\" id=\"seguranca-e-performance-tecnica-em-foco\">Seguridad y rendimiento t\u00e9cnico en primer plano<\/h2>\n\n\n\n<div style=\"height:38px\" aria-hidden=\"true\" class=\"wp-block-spacer\"><\/div>\n\n\n\n<p>Las ventajas de la soluci\u00f3n de subcontrataci\u00f3n implementada por Max Plus van m\u00e1s all\u00e1 del confort t\u00e9rmico. Dise\u00f1amos sistemas para proteger sus activos:<\/p>\n\n\n\n<div class=\"wp-block-media-text is-stacked-on-mobile\" style=\"grid-template-columns:43% auto\"><figure class=\"wp-block-media-text__media\"><img decoding=\"async\" width=\"573\" height=\"522\" data-src=\"https:\/\/maxpluscompany.com\/wp-content\/uploads\/2019\/09\/vantagens-sistema.jpg\" alt=\"Vantagens\" class=\"wp-image-57 size-full lazyload\" title=\"|\" data-srcset=\"https:\/\/maxpluscompany.com\/wp-content\/uploads\/2019\/09\/vantagens-sistema.jpg 573w, https:\/\/maxpluscompany.com\/wp-content\/uploads\/2019\/09\/vantagens-sistema-300x273.jpg 300w\" data-sizes=\"(max-width: 573px) 100vw, 573px\" src=\"data:image\/svg+xml;base64,PHN2ZyB3aWR0aD0iMSIgaGVpZ2h0PSIxIiB4bWxucz0iaHR0cDovL3d3dy53My5vcmcvMjAwMC9zdmciPjwvc3ZnPg==\" style=\"--smush-placeholder-width: 573px; --smush-placeholder-aspect-ratio: 573\/522;\" \/><\/figure><div class=\"wp-block-media-text__content\">\n<ul style=\"font-style:normal;font-weight:600\" class=\"wp-block-list has-small-font-size\">\n<li class=\"has-small-font-size\" style=\"font-style:normal;font-weight:400\"><strong>Retardante de llama:<\/strong> Nuestros sistemas no propagan el fuego. En incendios industriales reales, nuestras soluciones han demostrado su capacidad de contenci\u00f3n, protegiendo la estructura principal.<\/li>\n\n\n\n<li class=\"has-small-font-size\" style=\"font-style:normal;font-weight:400\"><strong>Confort ac\u00fastico: <\/strong>Reducci\u00f3n de 6 a 8 dB en la reverberaci\u00f3n de la lluvia, proporcionando un entorno m\u00e1s silencioso y productivo.<\/li>\n\n\n\n<li style=\"font-style:normal;font-weight:400\"><strong>Protecci\u00f3n estructural: <\/strong>El sistema Max Protection act\u00faa como un escudo contra la corrosi\u00f3n, aumentando la vida \u00fatil de las superficies met\u00e1licas y eliminando permanentemente las fugas.<\/li>\n<\/ul>\n<\/div><\/div>\n\n\n\n<div style=\"height:59px\" aria-hidden=\"true\" class=\"wp-block-spacer\"><\/div>\n\n\n\n<p><\/p>\n\n\n\n<div style=\"height:40px\" aria-hidden=\"true\" class=\"wp-block-spacer\"><\/div>\n\n\n\n<div class=\"wp-block-rank-math-toc-block\" id=\"rank-math-toc\"><h2>\u00cdndice<\/h2><nav><ul><li><a href=\"#palavra-chave-reducao\">Ventajas del alto rendimiento: Ingenier\u00eda de soluciones Max Plus<\/a><ul><li><a href=\"#a-autoridade-que-sustenta-nossos-resultados\">La autoridad que respalda nuestros resultados y ventajas<\/a><\/li><\/ul><\/li><li><a href=\"#intelligence-that-generates-profitability-payback-and-esg\">Inteligencia que genera rentabilidad: Recuperaci\u00f3n de la inversi\u00f3n y ESG<\/a><\/li><li><a href=\"#seguranca-e-performance-tecnica-em-foco\">Seguridad y rendimiento t\u00e9cnico en primer plano<\/a><\/li><\/ul><\/nav><\/div>\n","protected":false},"excerpt":{"rendered":"<p>Ventajas del alto rendimiento: Ingenier\u00eda de soluciones Max Plus En el panorama industrial actual, la gesti\u00f3n de activos no puede tomarse a la ligera. Techos, fachadas y estructuras met\u00e1licas son elementos cr\u00edticos para la continuidad operativa. Max Plus Company no se limita a suministrar productos est\u00e1ndar; somos la \u00fanica empresa especializada en el desarrollo e [&hellip;]<\/p>\n","protected":false},"author":7,"featured_media":0,"parent":0,"menu_order":0,"comment_status":"closed","ping_status":"closed","template":"","meta":{"_acf_changed":false,"footnotes":""},"class_list":["post-31","page","type-page","status-publish","hentry","entry"],"acf":[],"_links":{"self":[{"href":"https:\/\/maxpluscompany.com\/es\/wp-json\/wp\/v2\/pages\/31","targetHints":{"allow":["GET"]}}],"collection":[{"href":"https:\/\/maxpluscompany.com\/es\/wp-json\/wp\/v2\/pages"}],"about":[{"href":"https:\/\/maxpluscompany.com\/es\/wp-json\/wp\/v2\/types\/page"}],"author":[{"embeddable":true,"href":"https:\/\/maxpluscompany.com\/es\/wp-json\/wp\/v2\/users\/7"}],"replies":[{"embeddable":true,"href":"https:\/\/maxpluscompany.com\/es\/wp-json\/wp\/v2\/comments?post=31"}],"version-history":[{"count":42,"href":"https:\/\/maxpluscompany.com\/es\/wp-json\/wp\/v2\/pages\/31\/revisions"}],"predecessor-version":[{"id":5831,"href":"https:\/\/maxpluscompany.com\/es\/wp-json\/wp\/v2\/pages\/31\/revisions\/5831"}],"wp:attachment":[{"href":"https:\/\/maxpluscompany.com\/es\/wp-json\/wp\/v2\/media?parent=31"}],"curies":[{"name":"wp","href":"https:\/\/api.w.org\/{rel}","templated":true}]}}