{"id":53,"date":"2019-09-23T13:08:33","date_gmt":"2019-09-23T16:08:33","guid":{"rendered":"http:\/\/clients.webproducer.com.br\/MaxPlus\/site\/?page_id=53"},"modified":"2026-04-13T15:47:47","modified_gmt":"2026-04-13T18:47:47","slug":"garantia","status":"publish","type":"page","link":"https:\/\/maxpluscompany.com\/es\/garantia\/","title":{"rendered":"Garant\u00eda"},"content":{"rendered":"<div class=\"wp-block-image\">\n<figure class=\"aligncenter size-full\"><img decoding=\"async\" width=\"616\" height=\"225\" data-src=\"https:\/\/maxpluscompany.com\/wp-content\/uploads\/2023\/03\/garantia-duas.jpg\" alt=\"\" class=\"wp-image-3289 lazyload\" title=\"|\" data-srcset=\"https:\/\/maxpluscompany.com\/wp-content\/uploads\/2023\/03\/garantia-duas.jpg 616w, https:\/\/maxpluscompany.com\/wp-content\/uploads\/2023\/03\/garantia-duas-300x110.jpg 300w\" data-sizes=\"(max-width: 616px) 100vw, 616px\" src=\"data:image\/svg+xml;base64,PHN2ZyB3aWR0aD0iMSIgaGVpZ2h0PSIxIiB4bWxucz0iaHR0cDovL3d3dy53My5vcmcvMjAwMC9zdmciPjwvc3ZnPg==\" style=\"--smush-placeholder-width: 616px; --smush-placeholder-aspect-ratio: 616\/225;\" \/><\/figure>\n<\/div>\n\n\n<h1 class=\"wp-block-heading has-text-align-center has-secondary-color has-text-color\">\u00a1La mejor garant\u00eda comprobada en Brasil!<\/h1>\n\n\n\n<h2 class=\"wp-block-heading has-text-align-center has-normal-font-size\">Los productos y sistemas de calidad Max Plus, aplicados seg\u00fan las especificaciones por instaladores autorizados, dan como resultado el mejor programa de garant\u00eda de la industria brasile\u00f1a.<\/h2>\n\n\n\n<p>Max Plus proteger\u00e1 su inversi\u00f3n con la garant\u00eda adecuada para cada producto y sistema.<\/p>\n\n\n\n<p>La garant\u00eda del producto es de 10 a\u00f1os contra cualquier defecto de fabricaci\u00f3n y la ofrece directamente Max Plus.<\/p>\n\n\n\n<p>La garant\u00eda renovable de materiales y mano de obra para cualquier sistema de reparaci\u00f3n de techos Max Plus es de 10 o 15 a\u00f1os cuando la aplicaci\u00f3n la realiza un instalador certificado siguiendo con precisi\u00f3n las especificaciones del producto.<\/p>\n\n\n\n<p>Generalmente, la renovaci\u00f3n de la garant\u00eda, que se realiza cada 10 o 15 a\u00f1os para los sistemas de reparaci\u00f3n de techos Max Plus, tiene un costo muy inferior a la inversi\u00f3n inicial.<\/p>\n\n\n\n<p class=\"has-text-align-center\">Esto hace que los sistemas de reparaci\u00f3n de techos Max Plus sean verdaderamente sostenibles, ya que reducen la inversi\u00f3n a largo plazo.<\/p>\n\n\n<div class=\"wp-block-image is-resized\">\n<figure class=\"aligncenter size-full\"><img decoding=\"async\" width=\"1167\" height=\"655\" data-src=\"https:\/\/maxpluscompany.com\/wp-content\/uploads\/2023\/03\/garantia.png\" alt=\"\" class=\"wp-image-3290 lazyload\" title=\"|\" data-srcset=\"https:\/\/maxpluscompany.com\/wp-content\/uploads\/2023\/03\/garantia.png 1167w, https:\/\/maxpluscompany.com\/wp-content\/uploads\/2023\/03\/garantia-300x168.png 300w, https:\/\/maxpluscompany.com\/wp-content\/uploads\/2023\/03\/garantia-768x431.png 768w\" data-sizes=\"(max-width: 1167px) 100vw, 1167px\" src=\"data:image\/svg+xml;base64,PHN2ZyB3aWR0aD0iMSIgaGVpZ2h0PSIxIiB4bWxucz0iaHR0cDovL3d3dy53My5vcmcvMjAwMC9zdmciPjwvc3ZnPg==\" style=\"--smush-placeholder-width: 1167px; --smush-placeholder-aspect-ratio: 1167\/655;\" \/><\/figure>\n<\/div>\n\n\n<h3 class=\"wp-block-heading has-text-align-center\">Seg\u00fan la ley, la garant\u00eda de 5 a\u00f1os es obligatoria en el sector de la construcci\u00f3n.<\/h3>\n\n\n\n<h3 class=\"wp-block-heading has-text-align-center has-secondary-color has-text-color\">Pero nosotros ofrecemos garant\u00edas de 10 o incluso 15 a\u00f1os, \u00a1renovables!<\/h3>\n\n\n<div class=\"wp-block-image is-resized\">\n<figure class=\"alignright size-full\"><img decoding=\"async\" width=\"1167\" height=\"961\" data-src=\"https:\/\/maxpluscompany.com\/wp-content\/uploads\/2023\/03\/garantia-2.png\" alt=\"\" class=\"wp-image-3293 lazyload\" style=\"--smush-placeholder-width: 1167px; --smush-placeholder-aspect-ratio: 1167\/961;aspect-ratio:1.2143797863518853;width:401px;height:auto\" title=\"|\" data-srcset=\"https:\/\/maxpluscompany.com\/wp-content\/uploads\/2023\/03\/garantia-2.png 1167w, https:\/\/maxpluscompany.com\/wp-content\/uploads\/2023\/03\/garantia-2-300x247.png 300w, https:\/\/maxpluscompany.com\/wp-content\/uploads\/2023\/03\/garantia-2-768x632.png 768w\" data-sizes=\"(max-width: 1167px) 100vw, 1167px\" src=\"data:image\/svg+xml;base64,PHN2ZyB3aWR0aD0iMSIgaGVpZ2h0PSIxIiB4bWxucz0iaHR0cDovL3d3dy53My5vcmcvMjAwMC9zdmciPjwvc3ZnPg==\" \/><\/figure>\n<\/div>\n\n\n<p>La garant\u00eda de 5 a\u00f1os en construcci\u00f3n civil es un derecho legalmente garantizado a los consumidores que adquieren una propiedad nueva o realizan obras en la suya. Esta garant\u00eda cubre defectos que puedan comprometer la seguridad, la solidez o el funcionamiento del edificio, como problemas estructurales, en las instalaciones el\u00e9ctricas e hidr\u00e1ulicas, entre otros. (M\u00e1s informaci\u00f3n sobre la legislaci\u00f3n de garant\u00edas en construcci\u00f3n civil)<\/p>\n\n\n\n<p>Max Plus, pionera en la fabricaci\u00f3n de productos ultratecnol\u00f3gicos y sostenibles, ofrece una garant\u00eda de 10 a\u00f1os para sus productos y aplicaciones, seg\u00fan los t\u00e9rminos del contrato, renovable por otros 10 a\u00f1os.<\/p>\n\n\n\n<p>En otras palabras, su propiedad estar\u00e1 libre de fugas y calor excesivo durante 20 a\u00f1os.<\/p>\n\n\n\n<p>Sin mencionar, por supuesto, el ahorro que genera nuestro sistema Max Therm en entornos que requieren aire acondicionado para mantener una temperatura ideal para los empleados. Descubra c\u00f3mo recuperar el 100% de su inversi\u00f3n en sistemas Max Plus.<\/p>\n\n\n\n<p>Puedes obtener m\u00e1s informaci\u00f3n sobre este tema a trav\u00e9s del caso de estudio de Natura, que analiz\u00f3 el per\u00edodo de recuperaci\u00f3n de la inversi\u00f3n al implementar Max Protection en su f\u00e1brica ubicada en Cajamar, S\u00e3o Paulo.<\/p>\n\n\n\n<p><strong>La conclusi\u00f3n fue que, gracias a una reducci\u00f3n del 40 % en el consumo de electricidad, que antes se deb\u00eda al uso de equipos de aire acondicionado a m\u00e1xima potencia, la empresa recuper\u00f3 el 100 % de su inversi\u00f3n en tan solo 2,5 a\u00f1os.<\/strong><\/p>\n\n\n\n<p class=\"has-secondary-color has-text-color\">\u00a1No pierdas m\u00e1s tiempo! Convi\u00e9rtete en una empresa sostenible eliminando todos los problemas de fugas, filtraciones y calor provenientes del techo de tu empresa, \u00a1y recupera el 100% de tu inversi\u00f3n!<\/p>\n\n\n<div class=\"wp-block-image is-resized\">\n<figure class=\"aligncenter size-large\"><img decoding=\"async\" width=\"1167\" height=\"330\" data-src=\"https:\/\/maxpluscompany.com\/wp-content\/uploads\/2023\/03\/ArranjoCincoBaldes-png-6-1167x330.png\" alt=\"\" class=\"wp-image-3294 lazyload\" title=\"|\" data-srcset=\"https:\/\/maxpluscompany.com\/wp-content\/uploads\/2023\/03\/ArranjoCincoBaldes-png-6-1167x330.png 1167w, https:\/\/maxpluscompany.com\/wp-content\/uploads\/2023\/03\/ArranjoCincoBaldes-png-6-300x85.png 300w, https:\/\/maxpluscompany.com\/wp-content\/uploads\/2023\/03\/ArranjoCincoBaldes-png-6-768x217.png 768w, https:\/\/maxpluscompany.com\/wp-content\/uploads\/2023\/03\/ArranjoCincoBaldes-png-6-1536x434.png 1536w, https:\/\/maxpluscompany.com\/wp-content\/uploads\/2023\/03\/ArranjoCincoBaldes-png-6-1568x443.png 1568w, https:\/\/maxpluscompany.com\/wp-content\/uploads\/2023\/03\/ArranjoCincoBaldes-png-6.png 1632w\" data-sizes=\"(max-width: 1167px) 100vw, 1167px\" src=\"data:image\/svg+xml;base64,PHN2ZyB3aWR0aD0iMSIgaGVpZ2h0PSIxIiB4bWxucz0iaHR0cDovL3d3dy53My5vcmcvMjAwMC9zdmciPjwvc3ZnPg==\" style=\"--smush-placeholder-width: 1167px; --smush-placeholder-aspect-ratio: 1167\/330;\" \/><\/figure>\n<\/div>\n\n\n<p class=\"has-text-align-center\"><a href=\"https:\/\/api.whatsapp.com\/send?phone=5511999439114&amp;text=Ol%C3%A1!\" target=\"_blank\" rel=\"noopener\">Clique aqui<\/a> y contacta con un especialista ahora mismo..<\/p>\n\n\n\n<p><\/p>\n","protected":false},"excerpt":{"rendered":"<p>\u00a1La mejor garant\u00eda comprobada en Brasil! Los productos y sistemas de calidad Max Plus, aplicados seg\u00fan las especificaciones por instaladores autorizados, dan como resultado el mejor programa de garant\u00eda de la industria brasile\u00f1a. Max Plus proteger\u00e1 su inversi\u00f3n con la garant\u00eda adecuada para cada producto y sistema. La garant\u00eda del producto es de 10 a\u00f1os [&hellip;]<\/p>\n","protected":false},"author":7,"featured_media":0,"parent":0,"menu_order":0,"comment_status":"closed","ping_status":"closed","template":"","meta":{"_acf_changed":false,"footnotes":""},"class_list":["post-53","page","type-page","status-publish","hentry","entry"],"acf":[],"_links":{"self":[{"href":"https:\/\/maxpluscompany.com\/es\/wp-json\/wp\/v2\/pages\/53","targetHints":{"allow":["GET"]}}],"collection":[{"href":"https:\/\/maxpluscompany.com\/es\/wp-json\/wp\/v2\/pages"}],"about":[{"href":"https:\/\/maxpluscompany.com\/es\/wp-json\/wp\/v2\/types\/page"}],"author":[{"embeddable":true,"href":"https:\/\/maxpluscompany.com\/es\/wp-json\/wp\/v2\/users\/7"}],"replies":[{"embeddable":true,"href":"https:\/\/maxpluscompany.com\/es\/wp-json\/wp\/v2\/comments?post=53"}],"version-history":[{"count":22,"href":"https:\/\/maxpluscompany.com\/es\/wp-json\/wp\/v2\/pages\/53\/revisions"}],"predecessor-version":[{"id":5380,"href":"https:\/\/maxpluscompany.com\/es\/wp-json\/wp\/v2\/pages\/53\/revisions\/5380"}],"wp:attachment":[{"href":"https:\/\/maxpluscompany.com\/es\/wp-json\/wp\/v2\/media?parent=53"}],"curies":[{"name":"wp","href":"https:\/\/api.w.org\/{rel}","templated":true}]}}