{"id":69,"date":"2019-09-23T13:57:53","date_gmt":"2019-09-23T16:57:53","guid":{"rendered":"http:\/\/clients.webproducer.com.br\/MaxPlus\/site\/?page_id=69"},"modified":"2026-04-10T15:14:28","modified_gmt":"2026-04-10T18:14:28","slug":"sostenibilidad-y-max-plus-company","status":"publish","type":"page","link":"https:\/\/maxpluscompany.com\/es\/sostenibilidad-y-max-plus-company\/","title":{"rendered":"Sostenibilidad"},"content":{"rendered":"<p>En Sostenibilidad, el efecto \u201cIsla de Calor Urbano\u201d es un aumento mensurable de la temperaturaresultante principalmente de la sustituci\u00f3n de la vegetaci\u00f3n por edificios, superficiesnegras como techos, calles, avenidas y otras infraestructuras de absorci\u00f3n de calor.<\/p>\n<p>El uso del techo blanco puede preservar la naturaleza, impidiendoque se emitan cerca de 10 toneladas m\u00e9tricas de CO2 al medio ambiente.<\/p>\n<p>Cuando disminuimos el 10% del calor urbano a trav\u00e9s de los techos blancos,dejamos de emitir el CO2 de aproximadamente 4 millones de autom\u00f3vilesen las calles.<\/p>\n<p>El techo blanco preserva la vida \u00fatil de la cubierta, disminuyendo la enormecantidad de residuos (tejas antiguas o da\u00f1adas) en los rellenos.<\/p>\n<p><img decoding=\"async\" data-src=\"https:\/\/maxpluscompany.com\/wp-content\/uploads\/2019\/09\/telhado-branco.jpg\" data-sizes=\"(max-width: 917px) 100vw, 917px\" data-srcset=\"https:\/\/maxpluscompany.com\/wp-content\/uploads\/2019\/09\/telhado-branco.jpg 917w, https:\/\/maxpluscompany.com\/wp-content\/uploads\/2019\/09\/telhado-branco-300x96.jpg 300w, https:\/\/maxpluscompany.com\/wp-content\/uploads\/2019\/09\/telhado-branco-768x245.jpg 768w\" alt=\"\" width=\"917\" height=\"293\" title=\"|\" src=\"data:image\/svg+xml;base64,PHN2ZyB3aWR0aD0iMSIgaGVpZ2h0PSIxIiB4bWxucz0iaHR0cDovL3d3dy53My5vcmcvMjAwMC9zdmciPjwvc3ZnPg==\" class=\"lazyload\" style=\"--smush-placeholder-width: 917px; --smush-placeholder-aspect-ratio: 917\/293;\"><\/p>\n","protected":false},"excerpt":{"rendered":"<p>En Sostenibilidad, el efecto \u201cIsla de Calor Urbano\u201d es un aumento mensurable de la temperaturaresultante principalmente de la sustituci\u00f3n de la vegetaci\u00f3n por edificios, superficiesnegras como techos, calles, avenidas y otras infraestructuras de absorci\u00f3n de calor. El uso del techo blanco puede preservar la naturaleza, impidiendoque se emitan cerca de 10 toneladas m\u00e9tricas de CO2 [&hellip;]<\/p>\n","protected":false},"author":7,"featured_media":0,"parent":0,"menu_order":0,"comment_status":"closed","ping_status":"closed","template":"","meta":{"_acf_changed":false,"footnotes":""},"class_list":["post-69","page","type-page","status-publish","hentry","entry"],"acf":[],"_links":{"self":[{"href":"https:\/\/maxpluscompany.com\/es\/wp-json\/wp\/v2\/pages\/69","targetHints":{"allow":["GET"]}}],"collection":[{"href":"https:\/\/maxpluscompany.com\/es\/wp-json\/wp\/v2\/pages"}],"about":[{"href":"https:\/\/maxpluscompany.com\/es\/wp-json\/wp\/v2\/types\/page"}],"author":[{"embeddable":true,"href":"https:\/\/maxpluscompany.com\/es\/wp-json\/wp\/v2\/users\/7"}],"replies":[{"embeddable":true,"href":"https:\/\/maxpluscompany.com\/es\/wp-json\/wp\/v2\/comments?post=69"}],"version-history":[{"count":11,"href":"https:\/\/maxpluscompany.com\/es\/wp-json\/wp\/v2\/pages\/69\/revisions"}],"predecessor-version":[{"id":5143,"href":"https:\/\/maxpluscompany.com\/es\/wp-json\/wp\/v2\/pages\/69\/revisions\/5143"}],"wp:attachment":[{"href":"https:\/\/maxpluscompany.com\/es\/wp-json\/wp\/v2\/media?parent=69"}],"curies":[{"name":"wp","href":"https:\/\/api.w.org\/{rel}","templated":true}]}}