{"id":74,"date":"2019-09-23T14:03:12","date_gmt":"2019-09-23T17:03:12","guid":{"rendered":"http:\/\/clients.webproducer.com.br\/MaxPlus\/site\/?page_id=74"},"modified":"2026-04-16T10:42:49","modified_gmt":"2026-04-16T13:42:49","slug":"para-que-cambiar","status":"publish","type":"page","link":"https:\/\/maxpluscompany.com\/es\/para-que-cambiar\/","title":{"rendered":"Para Que Cambiar"},"content":{"rendered":"<div class=\"wp-block-image is-style-rounded\">\n<figure class=\"alignright is-resized\"><img decoding=\"async\" data-src=\"https:\/\/maxpluscompany.com\/wp-content\/uploads\/2023\/07\/energia-eletrica-1167x779.jpg\" alt=\"A imagem atual n\u00e3o possui texto alternativo. O nome do arquivo \u00e9: energia-eletrica.jpg\" style=\"--smush-placeholder-width: 1167px; --smush-placeholder-aspect-ratio: 1167\/779;aspect-ratio:1.498090427497844;width:454px;height:auto\" title=\"|\" src=\"data:image\/svg+xml;base64,PHN2ZyB3aWR0aD0iMSIgaGVpZ2h0PSIxIiB4bWxucz0iaHR0cDovL3d3dy53My5vcmcvMjAwMC9zdmciPjwvc3ZnPg==\" class=\"lazyload\"><\/figure>\n<\/div>\n\n\n<h1 class=\"wp-block-heading has-text-align-center has-primary-color has-text-color has-link-color wp-elements-2f623b6abd3eaae189883e1359a70b74\" id=\"por-que-trocar-seu-telhado-se-voce-pode-recupera-lo\" style=\"font-size:63px\">\u00bfPara qu\u00e9 cambiar el tejado si se puede restaurar?<\/h1>\n\n\n\n<div style=\"height:127px\" aria-hidden=\"true\" class=\"wp-block-spacer\"><\/div>\n\n\n\n<h2 class=\"wp-block-heading has-text-align-center\" id=\"sustentabilidade-economia-e-eficiencia-tudo-no-mesmo-sistema\">Sostenibilidad, econom\u00eda y eficiencia: todo en un mismo sistema.<\/h2>\n\n\n\n<div style=\"height:56px\" aria-hidden=\"true\" class=\"wp-block-spacer\"><\/div>\n\n\n\n<p>Para que cambiar? Reemplazar un techo parece la soluci\u00f3n m\u00e1s obvia. Pero en la pr\u00e1ctica, es la m\u00e1s cara, la m\u00e1s contaminante y la menos inteligente.<\/p>\n\n\n\n<p>Max Plus se cre\u00f3 para demostrar que existe una alternativa mucho mejor:<br>recuperar en lugar de reemplazar.<\/p>\n\n\n\n<p>Al elegir nuestros sistemas, usted elige:<\/p>\n\n\n\n<ul class=\"wp-block-list\">\n<li>Elimine la eliminaci\u00f3n de toneladas de residuos;<\/li>\n\n\n\n<li>Evite tiempos de inactividad operativa;<\/li>\n\n\n\n<li>Reduzca dr\u00e1sticamente el calor;<\/li>\n\n\n\n<li>Ahorre energ\u00eda;<\/li>\n\n\n\n<li>Y transforme el techo en un activo de alto rendimiento durante hasta 20 a\u00f1os.<\/li>\n<\/ul>\n\n\n\n<p class=\"has-text-align-center\">Todo esto sin quitar ni una sola baldosa.<\/p>\n\n\n\n<div style=\"height:48px\" aria-hidden=\"true\" class=\"wp-block-spacer\"><\/div>\n\n\n\n<div style=\"height:58px\" aria-hidden=\"true\" class=\"wp-block-spacer\"><\/div>\n\n\n\n<h2 class=\"wp-block-heading\" id=\"\ud83c\udf31-sustentabilidade-que-gera-economia-real\">\ud83c\udf31 Sostenibilidad que genera beneficios econ\u00f3micos reales.<\/h2>\n\n\n\n<div style=\"height:58px\" aria-hidden=\"true\" class=\"wp-block-spacer\"><\/div>\n\n\n\n<div class=\"wp-block-media-text has-media-on-the-right is-stacked-on-mobile is-vertically-aligned-center\" style=\"grid-template-columns:auto 44%\"><div class=\"wp-block-media-text__content\">\n<p>El mundo entero ya ha comprendido que no hay futuro sin sostenibilidad.<\/p>\n\n\n\n<p>Lo que pocas empresas han comprendido es que la sostenibilidad tambi\u00e9n implica reducir costes.<\/p>\n\n\n\n<p>Los sistemas Max Cool y Max Protection hacen precisamente eso:<\/p>\n\n\n\n<ul class=\"wp-block-list\">\n<li>Reducen la temperatura exterior e interior;<\/li>\n\n\n\n<li>Disminuyen el consumo de aire acondicionado;<\/li>\n\n\n\n<li>Reducen un promedio del 45 % de la energ\u00eda utilizada para el aire acondicionado;<\/li>\n\n\n\n<li>Evitan la eliminaci\u00f3n de tejas, incluyendo las que contienen amianto;<\/li>\n\n\n\n<li>Reducen el efecto isla de calor;<\/li>\n\n\n\n<li>Y contribuyen a alcanzar objetivos realistas de ESG y de reducci\u00f3n de emisiones de carbono.<\/li>\n<\/ul>\n\n\n\n<p><strong>Sostenible por fuera. Econ\u00f3mico por dentro.<\/strong><\/p>\n<\/div><figure class=\"wp-block-media-text__media\"><img decoding=\"async\" width=\"976\" height=\"632\" data-src=\"https:\/\/maxpluscompany.com\/wp-content\/uploads\/2023\/10\/Creditos-de-carbono-2.jpg\" alt=\"\" class=\"wp-image-4215 size-full lazyload\" title=\"|\" data-srcset=\"https:\/\/maxpluscompany.com\/wp-content\/uploads\/2023\/10\/Creditos-de-carbono-2.jpg 976w, https:\/\/maxpluscompany.com\/wp-content\/uploads\/2023\/10\/Creditos-de-carbono-2-300x194.jpg 300w, https:\/\/maxpluscompany.com\/wp-content\/uploads\/2023\/10\/Creditos-de-carbono-2-768x497.jpg 768w\" data-sizes=\"(max-width: 976px) 100vw, 976px\" src=\"data:image\/svg+xml;base64,PHN2ZyB3aWR0aD0iMSIgaGVpZ2h0PSIxIiB4bWxucz0iaHR0cDovL3d3dy53My5vcmcvMjAwMC9zdmciPjwvc3ZnPg==\" style=\"--smush-placeholder-width: 976px; --smush-placeholder-aspect-ratio: 976\/632;\" \/><\/figure><\/div>\n\n\n\n<div style=\"height:58px\" aria-hidden=\"true\" class=\"wp-block-spacer\"><\/div>\n\n\n\n<h1 class=\"wp-block-heading\" id=\"\ud83d\udd04-100-retornavel-o-investimento-que-se-paga-sozinho\">\ud83d\udd04 100% rentable: la inversi\u00f3n que se amortiza sola.<\/h1>\n\n\n\n<div style=\"height:58px\" aria-hidden=\"true\" class=\"wp-block-spacer\"><\/div>\n\n\n\n<p>Reparar tus dispositivos con Max Plus no es un gasto. Es una inversi\u00f3n con un retorno garantizado y r\u00e1pido.<\/p>\n\n\n\n<p>Nuestro sistema ofrece un retorno del 100% porque:<\/p>\n\n\n\n<ul class=\"wp-block-list\">\n<li>Dura hasta 15 a\u00f1os (renovable por el mismo periodo);<\/li>\n\n\n\n<li>Elimina fugas y calor excesivo;<\/li>\n\n\n\n<li>Reduce el mantenimiento;<\/li>\n\n\n\n<li>Mejora el ambiente interior;<\/li>\n\n\n\n<li>Y reduce el consumo de energ\u00eda desde el primer d\u00eda.<\/li>\n<\/ul>\n\n\n\n<p>En la pr\u00e1ctica, se amortiza solo. Y no lo decimos nosotros, lo demuestran los datos.<\/p>\n\n\n\n<div style=\"height:47px\" aria-hidden=\"true\" class=\"wp-block-spacer\"><\/div>\n\n\n\n<h2 class=\"wp-block-heading\" id=\"case-real-natura-recuperou-100-do-investimento-em-2-5-anos\">Case real: <a href=\"http:\/\/natura.com.br\" target=\"_blank\" rel=\"noopener\">Natura<\/a> recuperaron el 100% de la inversi\u00f3n en 2,5 a\u00f1os.<\/h2>\n\n\n\n<div style=\"height:58px\" aria-hidden=\"true\" class=\"wp-block-spacer\"><\/div>\n\n\n\n<div class=\"wp-block-media-text is-stacked-on-mobile\" style=\"grid-template-columns:38% auto\"><figure class=\"wp-block-media-text__media\"><img decoding=\"async\" width=\"1167\" height=\"656\" data-src=\"https:\/\/maxpluscompany.com\/wp-content\/uploads\/2023\/02\/natura-1167x656.png\" alt=\"\" class=\"wp-image-2805 size-full lazyload\" title=\"|\" data-srcset=\"https:\/\/maxpluscompany.com\/wp-content\/uploads\/2023\/02\/natura-1167x656.png 1167w, https:\/\/maxpluscompany.com\/wp-content\/uploads\/2023\/02\/natura-300x169.png 300w, https:\/\/maxpluscompany.com\/wp-content\/uploads\/2023\/02\/natura-768x432.png 768w, https:\/\/maxpluscompany.com\/wp-content\/uploads\/2023\/02\/natura-1536x864.png 1536w, https:\/\/maxpluscompany.com\/wp-content\/uploads\/2023\/02\/natura-1568x882.png 1568w, https:\/\/maxpluscompany.com\/wp-content\/uploads\/2023\/02\/natura.png 1920w\" data-sizes=\"(max-width: 1167px) 100vw, 1167px\" src=\"data:image\/svg+xml;base64,PHN2ZyB3aWR0aD0iMSIgaGVpZ2h0PSIxIiB4bWxucz0iaHR0cDovL3d3dy53My5vcmcvMjAwMC9zdmciPjwvc3ZnPg==\" style=\"--smush-placeholder-width: 1167px; --smush-placeholder-aspect-ratio: 1167\/656;\" \/><\/figure><div class=\"wp-block-media-text__content\">\n<p>La planta de <a href=\"https:\/\/maxpluscompany.com\/pt\/max-plus-e-natura-um-case-de-sucesso\/\">Natura em Cajamar<\/a> aplic\u00f3 el sistema Max Protection para reducir el calor y mejorar el confort.<\/p>\n\n\n\n<p>\u00bfEl resultado?<\/p>\n\n\n\n<ul class=\"wp-block-list\">\n<li>40 % menos de energ\u00eda<\/li>\n\n\n\n<li>Funcionamiento m\u00e1s confortable<\/li>\n\n\n\n<li>Cero residuos de baldosas<\/li>\n\n\n\n<li>Mejor rendimiento t\u00e9rmico<\/li>\n\n\n\n<li>Retorno de la inversi\u00f3n en tan solo 2,5 a\u00f1os<\/li>\n<\/ul>\n\n\n\n<p>Esto es lo que sucede cuando decides reparar, en lugar de reemplazar.<\/p>\n<\/div><\/div>\n\n\n\n<p><\/p>\n\n\n\n<div style=\"height:47px\" aria-hidden=\"true\" class=\"wp-block-spacer\"><\/div>\n\n\n\n<h2 class=\"wp-block-heading\" id=\"\ud83e\udde0-por-que-trocar-o-que-ninguem-te-conta-sobre-trocar-telhas\">\ud83e\udde0\u00bfPor qu\u00e9 cambiarlas? Lo que nadie te cuenta sobre el cambio de tejas.<\/h2>\n\n\n\n<p>Reemplazar el techo significa:<\/p>\n\n\n\n<ul class=\"wp-block-list\">\n<li>Para detener la operaci\u00f3n,<\/li>\n\n\n\n<li>para desechar toneladas de material,<\/li>\n\n\n\n<li>para afrontar un proceso costoso, lento y arriesgado,<\/li>\n\n\n\n<li>y luego instalar un techo nuevo\u2026 que tambi\u00e9n se deteriorar\u00e1.<\/li>\n<\/ul>\n\n\n\n<div style=\"height:58px\" aria-hidden=\"true\" class=\"wp-block-spacer\"><\/div>\n\n\n\n<p><strong>Recuperarse significa:<\/strong><\/p>\n\n\n\n<ul class=\"wp-block-list\">\n<li>Sin interrupciones,<\/li>\n\n\n\n<li>Sin necesidad de desechar nada,<\/li>\n\n\n\n<li>Costo mucho menor,<\/li>\n\n\n\n<li>Vida \u00fatil prolongada,<\/li>\n\n\n\n<li>y un rendimiento t\u00e9rmico muy superior.<\/li>\n<\/ul>\n\n\n\n<p><strong>Es sencillamente la decisi\u00f3n m\u00e1s inteligente.<\/strong><\/p>\n\n\n\n<div style=\"height:47px\" aria-hidden=\"true\" class=\"wp-block-spacer\"><\/div>\n\n\n\n<h2 class=\"wp-block-heading\" id=\"\ud83c\udf24-max-plus-recuperar-e-evoluir\">\ud83c\udf24 Max Plus: La recuperaci\u00f3n es evoluci\u00f3n.<\/h2>\n\n\n\n<p>Con nuestras membranas l\u00edquidas y tecnolog\u00eda exclusiva, restauramos techos de cualquier tipo, antig\u00fcedad o estado.<\/p>\n\n\n\n<p>Y lo hacemos ofreciendo:<\/p>\n\n\n\n<ul class=\"wp-block-list\">\n<li>Confort t\u00e9rmico,<\/li>\n\n\n\n<li>Econom\u00eda,<\/li>\n\n\n\n<li>Sostenibilidad,<\/li>\n\n\n\n<li>Seguridad,<\/li>\n\n\n\n<li>y garant\u00eda a largo plazo.<\/li>\n<\/ul>\n\n\n\n<p class=\"has-text-align-left\"><strong>Sin esfuerzo f\u00edsico.<br>Sin complicaciones.<br>Sin desperdicio.<br>Sin reemplazos.<\/strong><\/p>\n\n\n\n<div style=\"height:50px\" aria-hidden=\"true\" class=\"wp-block-spacer\"><\/div>\n\n\n\n<h2 class=\"wp-block-heading\" id=\"\ud83d\udcac-quer-transformar-seu-telhado-em-economia-imediata\">\ud83d\udcac \u00bfQuieres convertir tu techo en ahorros inmediatos?<\/h2>\n\n\n\n<div class=\"wp-block-media-text has-media-on-the-right is-stacked-on-mobile\" style=\"grid-template-columns:auto 37%\"><div class=\"wp-block-media-text__content\">\n<h2 class=\"wp-block-heading\" id=\"fale-com-nossa-equipe-e-descubra-como-recuperar-sua-cobertura-e-o-caminho-mais-sustentavel-e-mais-inteligente-para-sua-empresa\"><strong>Contacte con nuestro equipo y descubra c\u00f3mo recuperar su cobertura es la opci\u00f3n m\u00e1s sostenible e inteligente para su negocio.<\/strong><\/h2>\n<\/div><figure class=\"wp-block-media-text__media\"><img decoding=\"async\" width=\"838\" height=\"1167\" data-src=\"https:\/\/maxpluscompany.com\/wp-content\/uploads\/2023\/04\/estocagem-de-medicamentos-2-838x1167.jpg\" alt=\"\" class=\"wp-image-3596 size-full lazyload\" title=\"|\" data-srcset=\"https:\/\/maxpluscompany.com\/wp-content\/uploads\/2023\/04\/estocagem-de-medicamentos-2-838x1167.jpg 838w, https:\/\/maxpluscompany.com\/wp-content\/uploads\/2023\/04\/estocagem-de-medicamentos-2-216x300.jpg 216w, https:\/\/maxpluscompany.com\/wp-content\/uploads\/2023\/04\/estocagem-de-medicamentos-2-768x1069.jpg 768w, https:\/\/maxpluscompany.com\/wp-content\/uploads\/2023\/04\/estocagem-de-medicamentos-2-1103x1536.jpg 1103w, https:\/\/maxpluscompany.com\/wp-content\/uploads\/2023\/04\/estocagem-de-medicamentos-2-1471x2048.jpg 1471w, https:\/\/maxpluscompany.com\/wp-content\/uploads\/2023\/04\/estocagem-de-medicamentos-2-1568x2183.jpg 1568w, https:\/\/maxpluscompany.com\/wp-content\/uploads\/2023\/04\/estocagem-de-medicamentos-2-scaled.jpg 1839w\" data-sizes=\"(max-width: 838px) 100vw, 838px\" src=\"data:image\/svg+xml;base64,PHN2ZyB3aWR0aD0iMSIgaGVpZ2h0PSIxIiB4bWxucz0iaHR0cDovL3d3dy53My5vcmcvMjAwMC9zdmciPjwvc3ZnPg==\" style=\"--smush-placeholder-width: 838px; --smush-placeholder-aspect-ratio: 838\/1167;\" \/><\/figure><\/div>\n\n\n\n<div class=\"wp-block-rank-math-toc-block\" id=\"rank-math-toc\"><h2>\u00cdndice<\/h2><nav><ul><li><a href=\"#por-que-trocar-seu-telhado-se-voce-pode-recupera-lo\">\u00bfPara qu\u00e9 cambiar el tejado si se puede restaurar?<\/a><ul><li><a href=\"#sustentabilidade-economia-e-eficiencia-tudo-no-mesmo-sistema\">Sostenibilidad, econom\u00eda y eficiencia: todo en un mismo sistema.<\/a><\/li><li><a href=\"#\ud83c\udf31-sustentabilidade-que-gera-economia-real\">\ud83c\udf31 Sostenibilidad que genera beneficios econ\u00f3micos reales.<\/a><\/li><\/ul><\/li><li><a href=\"#\ud83d\udd04-100-retornavel-o-investimento-que-se-paga-sozinho\">\ud83d\udd04 100% rentable: la inversi\u00f3n que se amortiza sola.<\/a><ul><li><a href=\"#case-real-natura-recuperou-100-do-investimento-em-2-5-anos\">Case real: Natura recuperaron el 100% de la inversi\u00f3n en 2,5 a\u00f1os.<\/a><\/li><li><a href=\"#\ud83e\udde0-por-que-trocar-o-que-ninguem-te-conta-sobre-trocar-telhas\">\ud83e\udde0\u00bfPor qu\u00e9 cambiarlas? Lo que nadie te cuenta sobre el cambio de tejas.<\/a><\/li><li><a href=\"#\ud83c\udf24-max-plus-recuperar-e-evoluir\">\ud83c\udf24 Max Plus: La recuperaci\u00f3n es evoluci\u00f3n.<\/a><\/li><li><a href=\"#\ud83d\udcac-quer-transformar-seu-telhado-em-economia-imediata\">\ud83d\udcac \u00bfQuieres convertir tu techo en ahorros inmediatos?<\/a><\/li><li><a href=\"#fale-com-nossa-equipe-e-descubra-como-recuperar-sua-cobertura-e-o-caminho-mais-sustentavel-e-mais-inteligente-para-sua-empresa\">Contacte con nuestro equipo y descubra c\u00f3mo recuperar su cobertura es la opci\u00f3n m\u00e1s sostenible e inteligente para su negocio.<\/a><\/li><\/ul><\/li><\/ul><\/nav><\/div>\n","protected":false},"excerpt":{"rendered":"<p>\u00bfPara qu\u00e9 cambiar el tejado si se puede restaurar? Sostenibilidad, econom\u00eda y eficiencia: todo en un mismo sistema. Para que cambiar? Reemplazar un techo parece la soluci\u00f3n m\u00e1s obvia. Pero en la pr\u00e1ctica, es la m\u00e1s cara, la m\u00e1s contaminante y la menos inteligente. Max Plus se cre\u00f3 para demostrar que existe una alternativa mucho [&hellip;]<\/p>\n","protected":false},"author":7,"featured_media":0,"parent":0,"menu_order":0,"comment_status":"closed","ping_status":"closed","template":"","meta":{"_acf_changed":false,"footnotes":""},"class_list":["post-74","page","type-page","status-publish","hentry","entry"],"acf":[],"_links":{"self":[{"href":"https:\/\/maxpluscompany.com\/es\/wp-json\/wp\/v2\/pages\/74","targetHints":{"allow":["GET"]}}],"collection":[{"href":"https:\/\/maxpluscompany.com\/es\/wp-json\/wp\/v2\/pages"}],"about":[{"href":"https:\/\/maxpluscompany.com\/es\/wp-json\/wp\/v2\/types\/page"}],"author":[{"embeddable":true,"href":"https:\/\/maxpluscompany.com\/es\/wp-json\/wp\/v2\/users\/7"}],"replies":[{"embeddable":true,"href":"https:\/\/maxpluscompany.com\/es\/wp-json\/wp\/v2\/comments?post=74"}],"version-history":[{"count":38,"href":"https:\/\/maxpluscompany.com\/es\/wp-json\/wp\/v2\/pages\/74\/revisions"}],"predecessor-version":[{"id":5451,"href":"https:\/\/maxpluscompany.com\/es\/wp-json\/wp\/v2\/pages\/74\/revisions\/5451"}],"wp:attachment":[{"href":"https:\/\/maxpluscompany.com\/es\/wp-json\/wp\/v2\/media?parent=74"}],"curies":[{"name":"wp","href":"https:\/\/api.w.org\/{rel}","templated":true}]}}