{"id":78,"date":"2019-09-23T14:05:37","date_gmt":"2019-09-23T17:05:37","guid":{"rendered":"http:\/\/clients.webproducer.com.br\/MaxPlus\/site\/?page_id=78"},"modified":"2026-04-13T15:52:30","modified_gmt":"2026-04-13T18:52:30","slug":"LEED","status":"publish","type":"page","link":"https:\/\/maxpluscompany.com\/es\/LEED\/","title":{"rendered":"LEED"},"content":{"rendered":"\n<h2 class=\"wp-block-heading has-text-align-center\">Leed x Sostenibilidad<\/h2>\n\n\n\n<h3 class=\"wp-block-heading has-text-align-center\">La sostenibilidad forma parte de nuestra vida cotidiana.<\/h3>\n\n\n\n<p>LEED (Liderazgo en Energ\u00eda y Dise\u00f1o Ambiental), desarrollado por el Consejo de Construcci\u00f3n Verde de Estados Unidos y promovido a nivel nacional por el Consejo de Construcci\u00f3n Verde de Brasil (GBC Brasil), establece las pr\u00e1cticas necesarias para la certificaci\u00f3n LEED, que permiten que un proyecto sea considerado un edificio verde, abarcando las fases de dise\u00f1o, construcci\u00f3n, operaci\u00f3n y mantenimiento.<\/p>\n\n\n\n<p class=\"has-text-align-center\">Se trata, sencillamente, de un sistema de clasificaci\u00f3n para la certificaci\u00f3n de Edificios Verdes, es decir, edificios dise\u00f1ados y construidos mediante estrategias de sostenibilidad en el uso de energ\u00eda y agua, la reducci\u00f3n de emisiones de CO2, la mejora de la calidad ambiental interna y externa, la gesti\u00f3n de recursos y la reducci\u00f3n del impacto ambiental de los productos y materiales utilizados, entre otros aspectos.<\/p>\n\n\n<div class=\"wp-block-image\">\n<figure class=\"aligncenter\"><img decoding=\"async\" data-src=\"https:\/\/maxpluscompany.com\/wp-content\/uploads\/2019\/09\/green-build-council.jpg\" alt=\"\" title=\"|\" src=\"data:image\/svg+xml;base64,PHN2ZyB3aWR0aD0iMSIgaGVpZ2h0PSIxIiB4bWxucz0iaHR0cDovL3d3dy53My5vcmcvMjAwMC9zdmciPjwvc3ZnPg==\" class=\"lazyload\" style=\"--smush-placeholder-width: 193px; --smush-placeholder-aspect-ratio: 193\/192;\"><\/figure>\n<\/div>\n\n\n<p><a href=\"https:\/\/maxpluscompany.com\/pt\/cop27-acoes-para-conter-mudancas-climaticas\/\">Lea nuestro art\u00edculo sobre la COP 27.<\/a>.<\/p>\n\n\n\n<p>La COP (Conferencia de las Partes), organizada por las Naciones Unidas (ONU) entre el 7 y el 18 de noviembre de 1995, celebrar\u00e1 su 27.\u00aa edici\u00f3n en 2022.<\/p>\n\n\n\n<p>Considerada uno de los eventos m\u00e1s importantes del mundo en materia de cambio clim\u00e1tico, la COP se celebra anualmente en diferentes pa\u00edses. Este a\u00f1o, la ciudad elegida para la COP27 fue Sharm el-Sheikh, Egipto, reuniendo a l\u00edderes de todo el mundo para debatir acciones que permitan abordar este crucial desaf\u00edo global.<\/p>\n\n\n\n<p>El cambio clim\u00e1tico impacta directamente en la econom\u00eda, la producci\u00f3n de alimentos, el acceso al agua potable, la salud y la seguridad, y el aumento de los gastos, entre otros aspectos.<\/p>\n\n\n\n<p>La COP1 se celebr\u00f3 en Berl\u00edn, Alemania, en 1995, y represent\u00f3 el primer paso de la ONU para negociar objetivos y plazos para la reducci\u00f3n de las emisiones de gases de efecto invernadero. Entre los acuerdos m\u00e1s importantes alcanzados durante el evento se encuentran el Protocolo de Kioto (COP3, 1997), el Acuerdo de Par\u00eds (COP21, 2015) y el mercado mundial de carbono (COP26, 2021).<\/p>\n\n\n\n<p>Algunas empresas brasile\u00f1as comprometidas con la sostenibilidad y directamente vinculadas a este tema participan en la COP27, presentando soluciones sostenibles para contribuir a la acci\u00f3n global. Esta es tambi\u00e9n una excelente oportunidad para mantenerse al d\u00eda sobre el mercado global, explorar oportunidades de negocio, intercambiar experiencias y, por supuesto, crear valiosas redes de contactos.<\/p>\n\n\n<div class=\"wp-block-image is-resized\">\n<figure class=\"aligncenter size-full\"><img decoding=\"async\" width=\"674\" height=\"967\" data-src=\"https:\/\/maxpluscompany.com\/wp-content\/uploads\/2023\/03\/sustentabilidade10.jpeg\" alt=\"\" class=\"wp-image-3284 lazyload\" style=\"--smush-placeholder-width: 674px; --smush-placeholder-aspect-ratio: 674\/967;aspect-ratio:0.6969961381227076;width:476px;height:auto\" title=\"|\" data-srcset=\"https:\/\/maxpluscompany.com\/wp-content\/uploads\/2023\/03\/sustentabilidade10.jpeg 674w, https:\/\/maxpluscompany.com\/wp-content\/uploads\/2023\/03\/sustentabilidade10-209x300.jpeg 209w\" data-sizes=\"(max-width: 674px) 100vw, 674px\" src=\"data:image\/svg+xml;base64,PHN2ZyB3aWR0aD0iMSIgaGVpZ2h0PSIxIiB4bWxucz0iaHR0cDovL3d3dy53My5vcmcvMjAwMC9zdmciPjwvc3ZnPg==\" \/><\/figure>\n<\/div>\n\n\n<p>En la pen\u00faltima edici\u00f3n, los l\u00edderes de los pa\u00edses miembros se comprometieron a reducir sus emisiones de carbono y a desarrollar medidas para adaptarse a los impactos del cambio clim\u00e1tico, as\u00ed como a brindar mayor apoyo a los pa\u00edses en desarrollo.<\/p>\n\n\n\n<p>En 2015, durante la COP 21, se firm\u00f3 el Acuerdo de Par\u00eds, un compromiso entre 195 pa\u00edses con el objetivo de reducir las emisiones de gases de efecto invernadero, que entr\u00f3 en vigor el 4 de noviembre de 2016.<\/p>\n\n\n\n<p>El principal objetivo del Acuerdo de Par\u00eds es mantener el aumento de la temperatura del planeta muy por debajo de los 2 \u00b0C, con el fin de garantizar un futuro bajo en carbono, adaptable, pr\u00f3spero y justo para todos.<\/p>\n\n\n\n<p>Brasil, por ejemplo, se comprometi\u00f3 a reducir sus emisiones de gases de efecto invernadero hasta en un 37 % para 2025 (en comparaci\u00f3n con los niveles de 2005), ampliando este objetivo al 43 % para 2030.<\/p>\n\n\n\n<ul class=\"wp-block-list\">\n<li>Incrementar el uso de fuentes de energ\u00eda alternativas;<\/li>\n\n\n\n<li>Aumentar la participaci\u00f3n de la bioenerg\u00eda sostenible en la matriz energ\u00e9tica brasile\u00f1a al 18 % para 2030;<\/li>\n\n\n\n<li>Utilizar tecnolog\u00edas limpias en la industria;<\/li>\n\n\n\n<li>Mejorar la infraestructura de transporte;<\/li>\n\n\n\n<li>Reducir la deforestaci\u00f3n;<\/li>\n\n\n\n<li>Restaurar y reforestar hasta 12 millones de hect\u00e1reas.<\/li>\n<\/ul>\n\n\n\n<p>Los principales objetivos del gobierno brasile\u00f1o son:<\/p>\n\n\n\n<p>La COP27 tambi\u00e9n estipula que los pa\u00edses signatarios deben informar voluntariamente, cada cinco a\u00f1os, sobre el progreso de sus objetivos planificados. Si estos objetivos se han alcanzado antes de la fecha l\u00edmite, se deben crear mecanismos para elevarlos, haci\u00e9ndolos m\u00e1s ambiciosos y colaborativos.<\/p>\n\n\n\n<p>En la COP27, la ONU analizar\u00e1 si se han alcanzado estos objetivos y definir\u00e1 nuevos.<\/p>\n\n\n\n<h2 class=\"wp-block-heading\">Contribuci\u00f3n de Max Plus Company<\/h2>\n\n\n\n<p>La buena noticia es que Max Plus Company tiene un firme compromiso con Brasil y con la sostenibilidad del planeta: contribuir al logro de nuestro objetivo antes de la fecha l\u00edmite.<\/p>\n\n\n\n<p>Siempre alineada con las cuestiones ambientales, nuestra amplia experiencia en productos cada vez m\u00e1s tecnol\u00f3gicos nos ha permitido desarrollar productos altamente sostenibles que inhiben la producci\u00f3n de algunos gases que contribuyen directamente al efecto invernadero.<\/p>\n\n\n\n<p>Nos enorgullece decir que nuestro aislamiento t\u00e9rmico Max Therm no solo ayuda a Brasil a alcanzar este objetivo, sino que tambi\u00e9n contribuye a nivel mundial a la reducci\u00f3n de las emisiones de carbono.<\/p>\n\n\n\n<h2 class=\"wp-block-heading\">\u00bfC\u00f3mo?<\/h2>\n\n\n\n<p>Nuestra contribuci\u00f3n se basa en tres pilares fundamentales:<\/p>\n\n\n\n<p>Gracias a su membrana altamente reflectante y de baja emisividad, Max Therm bloquea el calentamiento de la superficie del tejado, evitando as\u00ed la producci\u00f3n de gases de efecto invernadero en las vastas superficies de los tejados industriales, principales responsables de la generaci\u00f3n de islas de calor urbanas, un fen\u00f3meno com\u00fan en zonas industriales.<\/p>\n\n\n\n<p>Nuestros productos tambi\u00e9n permiten la rehabilitaci\u00f3n de tejados industriales, previniendo su sustituci\u00f3n y evitando la eliminaci\u00f3n de toneladas de materiales, incluyendo amianto altamente t\u00f3xico.<\/p>\n\n\n\n<p>El uso de tejados blancos con Max Therm reduce la temperatura interior del ambiente, lo que se traduce en una disminuci\u00f3n del consumo el\u00e9ctrico en espacios climatizados. Esta acci\u00f3n permite compensar hasta 10 toneladas de CO2 por cada 100 m\u00b2 aplicados al a\u00f1o.<\/p>\n\n\n<div class=\"wp-block-image is-resized\">\n<figure class=\"aligncenter\"><img decoding=\"async\" width=\"1167\" height=\"769\" data-src=\"https:\/\/maxpluscompany.com\/wp-content\/uploads\/2022\/11\/sustentabilidade-1167x769.jpeg\" alt=\"\" class=\"wp-image-2553 lazyload\" style=\"--smush-placeholder-width: 1167px; --smush-placeholder-aspect-ratio: 1167\/769;aspect-ratio:1.5175861017982322;width:721px;height:auto\" title=\"|\" data-srcset=\"https:\/\/maxpluscompany.com\/wp-content\/uploads\/2022\/11\/sustentabilidade-1167x769.jpeg 1167w, https:\/\/maxpluscompany.com\/wp-content\/uploads\/2022\/11\/sustentabilidade-300x198.jpeg 300w, https:\/\/maxpluscompany.com\/wp-content\/uploads\/2022\/11\/sustentabilidade-768x506.jpeg 768w, https:\/\/maxpluscompany.com\/wp-content\/uploads\/2022\/11\/sustentabilidade.jpeg 1280w\" data-sizes=\"(max-width: 1167px) 100vw, 1167px\" src=\"data:image\/svg+xml;base64,PHN2ZyB3aWR0aD0iMSIgaGVpZ2h0PSIxIiB4bWxucz0iaHR0cDovL3d3dy53My5vcmcvMjAwMC9zdmciPjwvc3ZnPg==\" \/><\/figure>\n<\/div>\n\n\n<p>El efecto invernadero es una realidad desde hace a\u00f1os y se agrava con el tiempo. Por lo tanto, los acuerdos alcanzados, como la COP27 y otros anteriores, son de vital importancia.<\/p>\n\n\n\n<p>M\u00e1s all\u00e1 de la construcci\u00f3n sostenible, hablamos de la supervivencia del planeta Tierra. Y las acciones conjuntas marcar\u00e1n la diferencia en los pr\u00f3ximos a\u00f1os.<\/p>\n","protected":false},"excerpt":{"rendered":"<p>Leed x Sostenibilidad La sostenibilidad forma parte de nuestra vida cotidiana. LEED (Liderazgo en Energ\u00eda y Dise\u00f1o Ambiental), desarrollado por el Consejo de Construcci\u00f3n Verde de Estados Unidos y promovido a nivel nacional por el Consejo de Construcci\u00f3n Verde de Brasil (GBC Brasil), establece las pr\u00e1cticas necesarias para la certificaci\u00f3n LEED, que permiten que un [&hellip;]<\/p>\n","protected":false},"author":7,"featured_media":0,"parent":0,"menu_order":0,"comment_status":"closed","ping_status":"closed","template":"","meta":{"_acf_changed":false,"footnotes":""},"class_list":["post-78","page","type-page","status-publish","hentry","entry"],"acf":[],"_links":{"self":[{"href":"https:\/\/maxpluscompany.com\/es\/wp-json\/wp\/v2\/pages\/78","targetHints":{"allow":["GET"]}}],"collection":[{"href":"https:\/\/maxpluscompany.com\/es\/wp-json\/wp\/v2\/pages"}],"about":[{"href":"https:\/\/maxpluscompany.com\/es\/wp-json\/wp\/v2\/types\/page"}],"author":[{"embeddable":true,"href":"https:\/\/maxpluscompany.com\/es\/wp-json\/wp\/v2\/users\/7"}],"replies":[{"embeddable":true,"href":"https:\/\/maxpluscompany.com\/es\/wp-json\/wp\/v2\/comments?post=78"}],"version-history":[{"count":25,"href":"https:\/\/maxpluscompany.com\/es\/wp-json\/wp\/v2\/pages\/78\/revisions"}],"predecessor-version":[{"id":5383,"href":"https:\/\/maxpluscompany.com\/es\/wp-json\/wp\/v2\/pages\/78\/revisions\/5383"}],"wp:attachment":[{"href":"https:\/\/maxpluscompany.com\/es\/wp-json\/wp\/v2\/media?parent=78"}],"curies":[{"name":"wp","href":"https:\/\/api.w.org\/{rel}","templated":true}]}}