{"id":84,"date":"2019-09-23T14:24:28","date_gmt":"2019-09-23T17:24:28","guid":{"rendered":"http:\/\/clients.webproducer.com.br\/MaxPlus\/site\/?page_id=84"},"modified":"2026-04-09T17:25:53","modified_gmt":"2026-04-09T20:25:53","slug":"productos","status":"publish","type":"page","link":"https:\/\/maxpluscompany.com\/es\/productos\/","title":{"rendered":"Productos"},"content":{"rendered":"\n<figure class=\"wp-block-image size-large\"><img decoding=\"async\" width=\"1167\" height=\"330\" data-src=\"https:\/\/maxpluscompany.com\/wp-content\/uploads\/2023\/03\/ArranjoCincoBaldes-png-9-1167x330.png\" alt=\"\" class=\"wp-image-3514 lazyload\" title=\"|\" data-srcset=\"https:\/\/maxpluscompany.com\/wp-content\/uploads\/2023\/03\/ArranjoCincoBaldes-png-9-1167x330.png 1167w, https:\/\/maxpluscompany.com\/wp-content\/uploads\/2023\/03\/ArranjoCincoBaldes-png-9-300x85.png 300w, https:\/\/maxpluscompany.com\/wp-content\/uploads\/2023\/03\/ArranjoCincoBaldes-png-9-768x217.png 768w, https:\/\/maxpluscompany.com\/wp-content\/uploads\/2023\/03\/ArranjoCincoBaldes-png-9-1536x434.png 1536w, https:\/\/maxpluscompany.com\/wp-content\/uploads\/2023\/03\/ArranjoCincoBaldes-png-9-1568x443.png 1568w, https:\/\/maxpluscompany.com\/wp-content\/uploads\/2023\/03\/ArranjoCincoBaldes-png-9.png 1632w\" data-sizes=\"(max-width: 1167px) 100vw, 1167px\" src=\"data:image\/svg+xml;base64,PHN2ZyB3aWR0aD0iMSIgaGVpZ2h0PSIxIiB4bWxucz0iaHR0cDovL3d3dy53My5vcmcvMjAwMC9zdmciPjwvc3ZnPg==\" style=\"--smush-placeholder-width: 1167px; --smush-placeholder-aspect-ratio: 1167\/330;\" \/><\/figure>\n\n\n\n<div class=\"wp-block-media-text alignwide is-stacked-on-mobile\" style=\"grid-template-columns:15% auto\"><figure class=\"wp-block-media-text__media\"><img decoding=\"async\" width=\"723\" height=\"859\" data-src=\"https:\/\/maxpluscompany.com\/wp-content\/uploads\/2023\/03\/Therm-3.png\" alt=\"\" class=\"wp-image-3451 size-full lazyload\" title=\"|\" data-srcset=\"https:\/\/maxpluscompany.com\/wp-content\/uploads\/2023\/03\/Therm-3.png 723w, https:\/\/maxpluscompany.com\/wp-content\/uploads\/2023\/03\/Therm-3-253x300.png 253w\" data-sizes=\"(max-width: 723px) 100vw, 723px\" src=\"data:image\/svg+xml;base64,PHN2ZyB3aWR0aD0iMSIgaGVpZ2h0PSIxIiB4bWxucz0iaHR0cDovL3d3dy53My5vcmcvMjAwMC9zdmciPjwvc3ZnPg==\" style=\"--smush-placeholder-width: 723px; --smush-placeholder-aspect-ratio: 723\/859;\" \/><\/figure><div class=\"wp-block-media-text__content\">\n<h2 class=\"wp-block-heading\" id=\"therm-isolante-termico\">Max Therm &#8211; Aislante Termico<\/h2>\n\n\n\n<p>Alto rendimiento<\/p>\n\n\n\n<p>Max Therm es el \u00fanico aislante t\u00e9rmico l\u00edquido de alto rendimiento en Latinoam\u00e9rica, con eficiencia comprobada por el IPT (Instituto de Investigaci\u00f3n Tecnol\u00f3gica).<\/p>\n\n\n\n<p>Su formulaci\u00f3n acr\u00edlica 100% acuosa y su tecnolog\u00eda cer\u00e1mica especial \u2014la misma que utiliza la NASA\u2014 garantizan alta reflectividad, baja absorci\u00f3n de calor, alta emisividad y resistencia superior al choque t\u00e9rmico.<\/p>\n\n\n\n<p>El resultado es una reducci\u00f3n real de la temperatura interior del ambiente, mayor confort t\u00e9rmico y una disminuci\u00f3n significativa del consumo energ\u00e9tico, generando ahorros inmediatos y una r\u00e1pida recuperaci\u00f3n de la inversi\u00f3n.<\/p>\n\n\n\n<p>Sostenible, duradero y vers\u00e1til, Max Therm se puede aplicar en:<\/p>\n\n\n\n<ul class=\"wp-block-list\">\n<li>Techos<\/li>\n\n\n\n<li>Fachadas<\/li>\n\n\n\n<li>Silos<\/li>\n\n\n\n<li>Contenedores<\/li>\n\n\n\n<li>Ambientes refrigerados<\/li>\n\n\n\n<li>Almacenes y estructuras industriales<\/li>\n<\/ul>\n\n\n\n<p>Max Therm, reconocido como el aislante t\u00e9rmico l\u00edquido m\u00e1s eficiente de Brasil, forma parte de los sistemas Max Protection y Max Cool.<\/p>\n\n\n\n<p>Haz <a href=\"https:\/\/youtu.be\/TeXf1ITmL2U?si=vAk2WCMcPew20-sl\" target=\"_blank\" rel=\"noopener\">clic aqu\u00ed<\/a> para ver la prueba de eficiencia t\u00e9rmica de Max Therm.<\/p>\n<\/div><\/div>\n\n\n\n<hr class=\"wp-block-separator has-alpha-channel-opacity is-style-wide\"\/>\n\n\n\n<div class=\"wp-block-media-text alignwide is-stacked-on-mobile\" style=\"grid-template-columns:15% auto\"><figure class=\"wp-block-media-text__media\"><img decoding=\"async\" width=\"723\" height=\"859\" data-src=\"https:\/\/maxpluscompany.com\/wp-content\/uploads\/2023\/03\/Proof-2.png\" alt=\"\" class=\"wp-image-3452 size-full lazyload\" title=\"|\" data-srcset=\"https:\/\/maxpluscompany.com\/wp-content\/uploads\/2023\/03\/Proof-2.png 723w, https:\/\/maxpluscompany.com\/wp-content\/uploads\/2023\/03\/Proof-2-253x300.png 253w\" data-sizes=\"(max-width: 723px) 100vw, 723px\" src=\"data:image\/svg+xml;base64,PHN2ZyB3aWR0aD0iMSIgaGVpZ2h0PSIxIiB4bWxucz0iaHR0cDovL3d3dy53My5vcmcvMjAwMC9zdmciPjwvc3ZnPg==\" style=\"--smush-placeholder-width: 723px; --smush-placeholder-aspect-ratio: 723\/859;\" \/><\/figure><div class=\"wp-block-media-text__content\">\n<h2 class=\"wp-block-heading\" id=\"proof-impermeabilizante\">Max Proof &#8211; Impermeabilizaci\u00f3n<\/h2>\n\n\n\n<p>Membrana impermeabilizante l\u00edquida.<\/p>\n\n\n\n<p>Producto 100 % acr\u00edlico, a base de agua, con alta impermeabilidad y elasticidad. Se aplica en todos los puntos de fijaci\u00f3n (tornillos), juntas de techo, canalones y cualquier otro lugar que lo requiera.<\/p>\n\n\n\n<p>Esta impermeabilizaci\u00f3n ultrarresistente garantiza la estanqueidad en los sistemas Max Protection y Max Cool.<\/p>\n<\/div><\/div>\n\n\n\n<hr class=\"wp-block-separator has-alpha-channel-opacity is-style-wide\"\/>\n\n\n\n<div class=\"wp-block-media-text alignwide is-stacked-on-mobile\" style=\"grid-template-columns:15% auto\"><figure class=\"wp-block-media-text__media\"><img decoding=\"async\" width=\"723\" height=\"859\" data-src=\"https:\/\/maxpluscompany.com\/wp-content\/uploads\/2023\/03\/ProofC.png\" alt=\"\" class=\"wp-image-3457 size-full lazyload\" title=\"|\" data-srcset=\"https:\/\/maxpluscompany.com\/wp-content\/uploads\/2023\/03\/ProofC.png 723w, https:\/\/maxpluscompany.com\/wp-content\/uploads\/2023\/03\/ProofC-253x300.png 253w\" data-sizes=\"(max-width: 723px) 100vw, 723px\" src=\"data:image\/svg+xml;base64,PHN2ZyB3aWR0aD0iMSIgaGVpZ2h0PSIxIiB4bWxucz0iaHR0cDovL3d3dy53My5vcmcvMjAwMC9zdmciPjwvc3ZnPg==\" style=\"--smush-placeholder-width: 723px; --smush-placeholder-aspect-ratio: 723\/859;\" \/><\/figure><div class=\"wp-block-media-text__content\">\n<h2 class=\"wp-block-heading\" id=\"proof-c-impermeabilizante-cimenticio\">Max Proof  C &#8211; <br>Impermeabilizaci\u00f3n cementicia<\/h2>\n\n\n\n<p>Membrana impermeabilizante l\u00edquida.<\/p>\n\n\n\n<p>Producto 100% acr\u00edlico, a base de agua con un 50% de cemento, que ofrece altos niveles de impermeabilidad y elasticidad.<\/p>\n\n\n\n<p>Ideal para losas y muros laterales sin impermeabilizaci\u00f3n.<\/p>\n<\/div><\/div>\n\n\n\n<hr class=\"wp-block-separator has-alpha-channel-opacity is-style-wide\"\/>\n\n\n\n<div class=\"wp-block-media-text alignwide is-stacked-on-mobile\" style=\"grid-template-columns:15% auto\"><figure class=\"wp-block-media-text__media\"><img decoding=\"async\" width=\"723\" height=\"859\" data-src=\"https:\/\/maxpluscompany.com\/wp-content\/uploads\/2023\/03\/Rust-4.png\" alt=\"\" class=\"wp-image-3456 size-full lazyload\" title=\"|\" data-srcset=\"https:\/\/maxpluscompany.com\/wp-content\/uploads\/2023\/03\/Rust-4.png 723w, https:\/\/maxpluscompany.com\/wp-content\/uploads\/2023\/03\/Rust-4-253x300.png 253w\" data-sizes=\"(max-width: 723px) 100vw, 723px\" src=\"data:image\/svg+xml;base64,PHN2ZyB3aWR0aD0iMSIgaGVpZ2h0PSIxIiB4bWxucz0iaHR0cDovL3d3dy53My5vcmcvMjAwMC9zdmciPjwvc3ZnPg==\" style=\"--smush-placeholder-width: 723px; --smush-placeholder-aspect-ratio: 723\/859;\" \/><\/figure><div class=\"wp-block-media-text__content\">\n<h2 class=\"wp-block-heading\" id=\"rust-anti-corrosivo\">Max Rust &#8211; Anticorrosivo<\/h2>\n\n\n\n<p class=\"has-text-align-left\">Membrana anticorrosiva l\u00edquida.<\/p>\n\n\n\n<p>Producto 100 % acr\u00edlico, de base acuosa, con aditivos especiales y resinas BASF. Se utiliza para detener, reparar y prevenir la corrosi\u00f3n de cualquier origen en superficies met\u00e1licas.<\/p>\n\n\n\n<p>Es un anticorrosivo ultra potente y forma parte de los productos que componen los sistemas Max Protection y Max Cool.<\/p>\n<\/div><\/div>\n\n\n\n<hr class=\"wp-block-separator has-alpha-channel-opacity is-style-wide\"\/>\n\n\n\n<div class=\"wp-block-media-text alignwide is-stacked-on-mobile\" style=\"grid-template-columns:15% auto\"><figure class=\"wp-block-media-text__media\"><img decoding=\"async\" width=\"723\" height=\"859\" data-src=\"https:\/\/maxpluscompany.com\/wp-content\/uploads\/2023\/03\/Conditioner.png\" alt=\"\" class=\"wp-image-3458 size-full lazyload\" title=\"|\" data-srcset=\"https:\/\/maxpluscompany.com\/wp-content\/uploads\/2023\/03\/Conditioner.png 723w, https:\/\/maxpluscompany.com\/wp-content\/uploads\/2023\/03\/Conditioner-253x300.png 253w\" data-sizes=\"(max-width: 723px) 100vw, 723px\" src=\"data:image\/svg+xml;base64,PHN2ZyB3aWR0aD0iMSIgaGVpZ2h0PSIxIiB4bWxucz0iaHR0cDovL3d3dy53My5vcmcvMjAwMC9zdmciPjwvc3ZnPg==\" style=\"--smush-placeholder-width: 723px; --smush-placeholder-aspect-ratio: 723\/859;\" \/><\/figure><div class=\"wp-block-media-text__content\">\n<h2 class=\"wp-block-heading\" id=\"conditioner-condicionador-de-superficies\">Max Conditioner &#8211; <br>Acondicionador de superficies<\/h2>\n\n\n\n<p>Max Conditioner es una membrana l\u00edquida 100% acr\u00edlica, a base de agua, sin rellenos ni colorantes, con un alto nivel de impermeabilidad y elasticidad. Se aplica sobre hormig\u00f3n, fibrocemento o cualquier superficie que requiera una mejor adherencia. Max Conditioner act\u00faa como un puente entre el sustrato y la capa final del sistema.<\/p>\n\n\n\n<p>Utilizado cuando es necesario en el sistema Max Protection para la restauraci\u00f3n integral de cubiertas, Max Conditioner incorpora cer\u00e1mica especial de BASF.<\/p>\n\n\n\n<hr class=\"wp-block-separator has-alpha-channel-opacity is-style-wide\"\/>\n<\/div><\/div>\n\n\n<div class=\"wp-block-image\">\n<figure class=\"aligncenter is-resized\"><img decoding=\"async\" width=\"1167\" height=\"655\" data-src=\"https:\/\/maxpluscompany.com\/wp-content\/uploads\/2023\/03\/telhado-branco-1.png\" alt=\"\" class=\"wp-image-3228 lazyload\" style=\"--smush-placeholder-width: 1167px; --smush-placeholder-aspect-ratio: 1167\/655;width:825px;height:auto\" title=\"|\" data-srcset=\"https:\/\/maxpluscompany.com\/wp-content\/uploads\/2023\/03\/telhado-branco-1.png 1167w, https:\/\/maxpluscompany.com\/wp-content\/uploads\/2023\/03\/telhado-branco-1-300x168.png 300w, https:\/\/maxpluscompany.com\/wp-content\/uploads\/2023\/03\/telhado-branco-1-768x431.png 768w\" data-sizes=\"(max-width: 1167px) 100vw, 1167px\" src=\"data:image\/svg+xml;base64,PHN2ZyB3aWR0aD0iMSIgaGVpZ2h0PSIxIiB4bWxucz0iaHR0cDovL3d3dy53My5vcmcvMjAwMC9zdmciPjwvc3ZnPg==\" \/><figcaption class=\"wp-element-caption\">Obra Marabraz<\/figcaption><\/figure>\n<\/div>\n\n\n<div style=\"height:100px\" aria-hidden=\"true\" class=\"wp-block-spacer\"><\/div>\n\n\n\n<p class=\"has-text-align-center has-secondary-color has-text-color has-large-font-size\" id=\"durabilidade\"><strong>Durabilidad<\/strong><\/p>\n\n\n\n<p class=\"has-text-align-center has-normal-font-size\">Los sistemas que ofrece Max Plus brindan un tratamiento integral para todo tipo de techos industriales, almacenes, centros de distribuci\u00f3n, contenedores y centros log\u00edsticos. Nuestra l\u00ednea de productos es capaz de solucionar todos los problemas existentes en su techo.<\/p>\n\n\n\n<p>La garant\u00eda que ofrecemos en ambos sistemas es de 10 a\u00f1os, renovable. Durante este per\u00edodo, garantizamos la estanqueidad contra fugas y filtraciones, as\u00ed como la reducci\u00f3n del calor, proporcionando confort t\u00e9rmico al ambiente y a los empleados.<\/p>\n\n\n\n<p class=\"has-text-align-center has-normal-font-size\">Una vez finalizado el per\u00edodo de garant\u00eda, para mantener la eficiencia y eficacia del sistema, solo se realiza el lavado de los techos industriales con agua a presi\u00f3n; Max Plus ofrece este servicio.<\/p>\n\n\n\n<div style=\"height:100px\" aria-hidden=\"true\" class=\"wp-block-spacer\"><\/div>\n\n\n<div class=\"wp-block-image\">\n<figure class=\"aligncenter\"><img decoding=\"async\" width=\"645\" height=\"247\" data-src=\"https:\/\/maxpluscompany.com\/wp-content\/uploads\/2023\/03\/image-12.png\" alt=\"\" class=\"wp-image-3227 lazyload\" title=\"|\" data-srcset=\"https:\/\/maxpluscompany.com\/wp-content\/uploads\/2023\/03\/image-12.png 645w, https:\/\/maxpluscompany.com\/wp-content\/uploads\/2023\/03\/image-12-300x115.png 300w\" data-sizes=\"(max-width: 645px) 100vw, 645px\" src=\"data:image\/svg+xml;base64,PHN2ZyB3aWR0aD0iMSIgaGVpZ2h0PSIxIiB4bWxucz0iaHR0cDovL3d3dy53My5vcmcvMjAwMC9zdmciPjwvc3ZnPg==\" style=\"--smush-placeholder-width: 645px; --smush-placeholder-aspect-ratio: 645\/247;\" \/><\/figure>\n<\/div>\n\n\n<div style=\"height:100px\" aria-hidden=\"true\" class=\"wp-block-spacer\"><\/div>\n\n\n\n<div class=\"wp-block-rank-math-toc-block\" id=\"rank-math-toc\"><h2>\u00cdndice<\/h2><nav><ul><li><a href=\"#therm-isolante-termico\">Max Therm &#8211; Aislante Termico<\/a><\/li><li><a href=\"#proof-impermeabilizante\">Max Proof &#8211; Impermeabilizaci\u00f3n<\/a><\/li><li><a href=\"#proof-c-impermeabilizante-cimenticio\">Max Proof C &#8211; \nImpermeabilizaci\u00f3n cementicia<\/a><\/li><li><a href=\"#rust-anti-corrosivo\">Max Rust &#8211; Anticorrosivo<\/a><\/li><li><a href=\"#conditioner-condicionador-de-superficies\">Max Conditioner &#8211; \nAcondicionador de superficies<\/a><\/li><\/ul><\/nav><\/div>\n","protected":false},"excerpt":{"rendered":"<p>Max Proof &#8211; Impermeabilizaci\u00f3n Membrana impermeabilizante l\u00edquida. Producto 100 % acr\u00edlico, a base de agua, con alta impermeabilidad y elasticidad. Se aplica en todos los puntos de fijaci\u00f3n (tornillos), juntas de techo, canalones y cualquier otro lugar que lo requiera. Esta impermeabilizaci\u00f3n ultrarresistente garantiza la estanqueidad en los sistemas Max Protection y Max Cool. Max [&hellip;]<\/p>\n","protected":false},"author":7,"featured_media":380,"parent":0,"menu_order":0,"comment_status":"closed","ping_status":"closed","template":"","meta":{"_acf_changed":false,"footnotes":""},"class_list":["post-84","page","type-page","status-publish","has-post-thumbnail","hentry","entry"],"acf":[],"_links":{"self":[{"href":"https:\/\/maxpluscompany.com\/es\/wp-json\/wp\/v2\/pages\/84","targetHints":{"allow":["GET"]}}],"collection":[{"href":"https:\/\/maxpluscompany.com\/es\/wp-json\/wp\/v2\/pages"}],"about":[{"href":"https:\/\/maxpluscompany.com\/es\/wp-json\/wp\/v2\/types\/page"}],"author":[{"embeddable":true,"href":"https:\/\/maxpluscompany.com\/es\/wp-json\/wp\/v2\/users\/7"}],"replies":[{"embeddable":true,"href":"https:\/\/maxpluscompany.com\/es\/wp-json\/wp\/v2\/comments?post=84"}],"version-history":[{"count":44,"href":"https:\/\/maxpluscompany.com\/es\/wp-json\/wp\/v2\/pages\/84\/revisions"}],"predecessor-version":[{"id":5129,"href":"https:\/\/maxpluscompany.com\/es\/wp-json\/wp\/v2\/pages\/84\/revisions\/5129"}],"wp:featuredmedia":[{"embeddable":true,"href":"https:\/\/maxpluscompany.com\/es\/wp-json\/wp\/v2\/media\/380"}],"wp:attachment":[{"href":"https:\/\/maxpluscompany.com\/es\/wp-json\/wp\/v2\/media?parent=84"}],"curies":[{"name":"wp","href":"https:\/\/api.w.org\/{rel}","templated":true}]}}