{"id":12,"date":"2019-09-20T15:35:37","date_gmt":"2019-09-20T18:35:37","guid":{"rendered":"http:\/\/clients.webproducer.com.br\/MaxPlus\/site\/mesmerize\/"},"modified":"2026-04-13T13:34:50","modified_gmt":"2026-04-13T16:34:50","slug":"impermeabilizacao-e-isolamento-termico","status":"publish","type":"page","link":"https:\/\/maxpluscompany.com\/impermeabilizacao-e-isolamento-termico\/","title":{"rendered":"Sistemas de Impermeabiliza\u00e7\u00e3o e isolamento t\u00e9rmico"},"content":{"rendered":"\n<h2 class=\"wp-block-heading has-text-align-center has-secondary-color has-white-background-color has-text-color has-background has-link-color has-large-font-size wp-elements-6ca93fababe13190a9836e9d729e689c\">Sistemas de impermeabiliza\u00e7\u00e3o e isolamento t\u00e9rmico<\/h2>\n\n\n\n<h2 class=\"wp-block-heading has-text-align-center has-secondary-color has-text-color has-link-color has-normal-font-size wp-elements-b3d0d3279b059fbfffe0c940514aeb67\">Solu\u00e7\u00f5es completas com 10 anos de garantia, eliminando a necessidade de substitui\u00e7\u00e3o do telhado e garantindo conforto t\u00e9rmico no seu ambiente, reduzindo os custos de energia.<\/h2>\n\n\n\n<div style=\"height:38px\" aria-hidden=\"true\" class=\"wp-block-spacer\"><\/div>\n\n\n\n<hr class=\"wp-block-separator has-alpha-channel-opacity\"\/>\n\n\n\n<p class=\"has-text-align-center has-normal-font-size\">A impermeabiliza\u00e7\u00e3o de telhados industriais \u00e9 a solu\u00e7\u00e3o mais eficiente para eliminar vazamentos, proteger estruturas e reduzir o calor em armaz\u00e9ns, f\u00e1bricas e centros de log\u00edstica, sem a necessidade de substitui\u00e7\u00e3o do telhado.<\/p>\n\n\n\n<p>Com mais de 40 anos de experi\u00eancia no mercado brasileiro, a Max Plus \u00e9 l\u00edder em impermeabiliza\u00e7\u00e3o de telhados industriais e oferece sistemas completos de restaura\u00e7\u00e3o.<\/p>\n\n\n\n<p class=\"has-text-align-center has-normal-font-size\">Nossas solu\u00e7\u00f5es permitem restaurar seu telhado existente, eliminando vazamentos e reduzindo o calor de forma r\u00e1pida, segura e com alto desempenho.<\/p>\n\n\n\n<div style=\"height:30px\" aria-hidden=\"true\" class=\"wp-block-spacer\"><\/div>\n\n\n\n<h2 class=\"wp-block-heading has-text-align-center\">Onde Usar?<\/h2>\n\n\n\n<div style=\"height:32px\" aria-hidden=\"true\" class=\"wp-block-spacer\"><\/div>\n\n\n<div class=\"wp-block-image\">\n<figure class=\"aligncenter size-large\"><img decoding=\"async\" width=\"1167\" height=\"1003\" data-src=\"https:\/\/maxpluscompany.com\/wp-content\/uploads\/2023\/06\/imagem-capa-site-portugues-1-1167x1003.jpg\" alt=\"\" class=\"wp-image-3879 lazyload\" title=\"|\" data-srcset=\"https:\/\/maxpluscompany.com\/wp-content\/uploads\/2023\/06\/imagem-capa-site-portugues-1-1167x1003.jpg 1167w, https:\/\/maxpluscompany.com\/wp-content\/uploads\/2023\/06\/imagem-capa-site-portugues-1-300x258.jpg 300w, https:\/\/maxpluscompany.com\/wp-content\/uploads\/2023\/06\/imagem-capa-site-portugues-1-768x660.jpg 768w, https:\/\/maxpluscompany.com\/wp-content\/uploads\/2023\/06\/imagem-capa-site-portugues-1.jpg 1255w\" data-sizes=\"(max-width: 1167px) 100vw, 1167px\" src=\"data:image\/svg+xml;base64,PHN2ZyB3aWR0aD0iMSIgaGVpZ2h0PSIxIiB4bWxucz0iaHR0cDovL3d3dy53My5vcmcvMjAwMC9zdmciPjwvc3ZnPg==\" style=\"--smush-placeholder-width: 1167px; --smush-placeholder-aspect-ratio: 1167\/1003;\" \/><\/figure>\n<\/div>\n\n\n<div style=\"height:42px\" aria-hidden=\"true\" class=\"wp-block-spacer\"><\/div>\n\n\n\n<p class=\"has-text-align-center has-normal-font-size\">Os sistemas Max Plus, desenvolvidos para solucionar problemas de corros\u00e3o, infiltra\u00e7\u00f5es, calor excessivo e outros inconvenientes, s\u00e3o utilizados em todos os tipos de telhados, tanto novos quanto antigos.<\/p>\n\n\n\n<div style=\"height:43px\" aria-hidden=\"true\" class=\"wp-block-spacer\"><\/div>\n\n\n\n<h3 class=\"wp-block-heading has-text-align-center has-primary-color has-text-color has-link-color has-normal-font-size wp-elements-99d1795b2d5edec338869dd01a218e98\" id=\"sabia-que-podemos-ajuda-lo-a-reduzir-os-custos-de-energia-da-sua-empresa-em-40\">Voc\u00ea sabia que podemos ajudar a reduzir os custos de energia da sua empresa em 40%?<\/h3>\n\n\n\n<p class=\"has-text-align-center has-normal-font-size\">Os sistemas Max Plus foram desenvolvidos para oferecer verdadeiro isolamento t\u00e9rmico, impermeabiliza\u00e7\u00e3o duradoura e redu\u00e7\u00e3o comprovada no consumo de energia, com r\u00e1pido retorno do investimento e 100% de satisfa\u00e7\u00e3o gra\u00e7as \u00e0 economia gerada.<\/p>\n\n\n<div class=\"wp-block-image\">\n<figure class=\"alignright size-full is-resized\"><img decoding=\"async\" width=\"558\" height=\"327\" data-src=\"https:\/\/maxpluscompany.com\/wp-content\/uploads\/2023\/03\/cofrinho.png\" alt=\"\" class=\"wp-image-3257 lazyload\" style=\"--smush-placeholder-width: 558px; --smush-placeholder-aspect-ratio: 558\/327;width:325px;height:191px\" title=\"|\" data-srcset=\"https:\/\/maxpluscompany.com\/wp-content\/uploads\/2023\/03\/cofrinho.png 558w, https:\/\/maxpluscompany.com\/wp-content\/uploads\/2023\/03\/cofrinho-300x176.png 300w\" data-sizes=\"(max-width: 558px) 100vw, 558px\" src=\"data:image\/svg+xml;base64,PHN2ZyB3aWR0aD0iMSIgaGVpZ2h0PSIxIiB4bWxucz0iaHR0cDovL3d3dy53My5vcmcvMjAwMC9zdmciPjwvc3ZnPg==\" \/><\/figure>\n<\/div>\n\n\n<p class=\"has-text-align-center\">Entre as nossas tecnologias est\u00e1 o Max Therm, o \u00fanico isolamento t\u00e9rmico de alto desempenho na Am\u00e9rica Latina certificado pelo IPT, formulado para maximizar a refletividade e controlar o calor de forma permanente.<\/p>\n\n\n\n<p class=\"has-text-align-center\">Nossas solu\u00e7\u00f5es reduzem drasticamente a temperatura das telhas, minimizam a carga de trabalho dos equipamentos de ar condicionado e estabilizam o conforto t\u00e9rmico ao longo do dia, com impacto direto na sua conta de energia e na durabilidade do seu telhado.<\/p>\n\n\n\n<p class=\"has-text-align-center\">Maior efici\u00eancia, custos reduzidos e um ambiente mais sustent\u00e1vel, tudo com a garantia e a experi\u00eancia da Max Plus.<\/p>\n\n\n\n<div style=\"height:37px\" aria-hidden=\"true\" class=\"wp-block-spacer\"><\/div>\n\n\n\n<h3 class=\"wp-block-heading has-text-align-center\" id=\"sabia-que-podemos-ajuda-lo-a-reduzir-os-custos-de-energia-da-sua-empresa-em-40\"><span style=\"color: #004282;\">Descubra todas as solu\u00e7\u00f5es Max Plus, com garantias de 10 e 15 anos.<\/span><\/h3>\n\n\n\n<div style=\"height:40px\" aria-hidden=\"true\" class=\"wp-block-spacer\"><\/div>\n\n\n<div class=\"wp-block-image\">\n<figure class=\"aligncenter size-large\"><img decoding=\"async\" width=\"1167\" height=\"330\" data-src=\"https:\/\/maxpluscompany.com\/wp-content\/uploads\/2023\/03\/ArranjoCincoBaldes-png-5-1167x330.png\" alt=\"\" class=\"wp-image-3281 lazyload\" title=\"|\" data-srcset=\"https:\/\/maxpluscompany.com\/wp-content\/uploads\/2023\/03\/ArranjoCincoBaldes-png-5-1167x330.png 1167w, https:\/\/maxpluscompany.com\/wp-content\/uploads\/2023\/03\/ArranjoCincoBaldes-png-5-300x85.png 300w, https:\/\/maxpluscompany.com\/wp-content\/uploads\/2023\/03\/ArranjoCincoBaldes-png-5-768x217.png 768w, https:\/\/maxpluscompany.com\/wp-content\/uploads\/2023\/03\/ArranjoCincoBaldes-png-5-1536x434.png 1536w, https:\/\/maxpluscompany.com\/wp-content\/uploads\/2023\/03\/ArranjoCincoBaldes-png-5-1568x443.png 1568w, https:\/\/maxpluscompany.com\/wp-content\/uploads\/2023\/03\/ArranjoCincoBaldes-png-5.png 1632w\" data-sizes=\"(max-width: 1167px) 100vw, 1167px\" src=\"data:image\/svg+xml;base64,PHN2ZyB3aWR0aD0iMSIgaGVpZ2h0PSIxIiB4bWxucz0iaHR0cDovL3d3dy53My5vcmcvMjAwMC9zdmciPjwvc3ZnPg==\" style=\"--smush-placeholder-width: 1167px; --smush-placeholder-aspect-ratio: 1167\/330;\" \/><\/figure>\n<\/div>","protected":false},"excerpt":{"rendered":"<p>Sistemas de impermeabiliza\u00e7\u00e3o e isolamento t\u00e9rmico Solu\u00e7\u00f5es completas com 10 anos de garantia, eliminando a necessidade de substitui\u00e7\u00e3o do telhado e garantindo conforto t\u00e9rmico no seu ambiente, reduzindo os custos de energia. A impermeabiliza\u00e7\u00e3o de telhados industriais \u00e9 a solu\u00e7\u00e3o mais eficiente para eliminar vazamentos, proteger estruturas e reduzir o calor em armaz\u00e9ns, f\u00e1bricas e [&hellip;]<\/p>\n","protected":false},"author":7,"featured_media":0,"parent":0,"menu_order":0,"comment_status":"closed","ping_status":"closed","template":"page-home.php","meta":{"_acf_changed":false,"footnotes":""},"class_list":["post-12","page","type-page","status-publish","hentry","entry"],"acf":[],"_links":{"self":[{"href":"https:\/\/maxpluscompany.com\/pt\/wp-json\/wp\/v2\/pages\/12","targetHints":{"allow":["GET"]}}],"collection":[{"href":"https:\/\/maxpluscompany.com\/pt\/wp-json\/wp\/v2\/pages"}],"about":[{"href":"https:\/\/maxpluscompany.com\/pt\/wp-json\/wp\/v2\/types\/page"}],"author":[{"embeddable":true,"href":"https:\/\/maxpluscompany.com\/pt\/wp-json\/wp\/v2\/users\/7"}],"replies":[{"embeddable":true,"href":"https:\/\/maxpluscompany.com\/pt\/wp-json\/wp\/v2\/comments?post=12"}],"version-history":[{"count":84,"href":"https:\/\/maxpluscompany.com\/pt\/wp-json\/wp\/v2\/pages\/12\/revisions"}],"predecessor-version":[{"id":5324,"href":"https:\/\/maxpluscompany.com\/pt\/wp-json\/wp\/v2\/pages\/12\/revisions\/5324"}],"wp:attachment":[{"href":"https:\/\/maxpluscompany.com\/pt\/wp-json\/wp\/v2\/media?parent=12"}],"curies":[{"name":"wp","href":"https:\/\/api.w.org\/{rel}","templated":true}]}}