{"id":13,"date":"2019-09-20T15:35:37","date_gmt":"2019-09-20T18:35:37","guid":{"rendered":"http:\/\/clients.webproducer.com.br\/MaxPlus\/site\/blog\/"},"modified":"2026-04-13T15:43:44","modified_gmt":"2026-04-13T18:43:44","slug":"blog-max-plus","status":"publish","type":"page","link":"https:\/\/maxpluscompany.com\/pt\/blog-max-plus\/","title":{"rendered":"Blog"},"content":{"rendered":"\n<h1 class=\"wp-block-heading\">Not\u00edcias sobre o mundo da Impermeabiliza\u00e7\u00e3o e isolamento t\u00e9rmico em nosso Blog<\/h1>\n\n\n\n<p><\/p>\n\n\n\n<h3 class=\"wp-block-heading has-text-align-center\">Cuide da impermeabiliza\u00e7\u00e3o do seu telhado e proteja seu bem.<\/h3>\n\n\n<div class=\"wp-block-image\">\n<figure class=\"aligncenter\"><img decoding=\"async\" width=\"742\" height=\"312\" data-src=\"https:\/\/maxpluscompany.com\/wp-content\/uploads\/2021\/02\/Materia16_17_18.jpg\" alt=\"\" class=\"wp-image-1152 lazyload\" title=\"|\" data-srcset=\"https:\/\/maxpluscompany.com\/wp-content\/uploads\/2021\/02\/Materia16_17_18.jpg 742w, https:\/\/maxpluscompany.com\/wp-content\/uploads\/2021\/02\/Materia16_17_18-300x126.jpg 300w\" data-sizes=\"(max-width: 742px) 100vw, 742px\" src=\"data:image\/svg+xml;base64,PHN2ZyB3aWR0aD0iMSIgaGVpZ2h0PSIxIiB4bWxucz0iaHR0cDovL3d3dy53My5vcmcvMjAwMC9zdmciPjwvc3ZnPg==\" style=\"--smush-placeholder-width: 742px; --smush-placeholder-aspect-ratio: 742\/312;\" \/><\/figure>\n<\/div>","protected":false},"excerpt":{"rendered":"<p>Not\u00edcias sobre o mundo da Impermeabiliza\u00e7\u00e3o e isolamento t\u00e9rmico em nosso Blog Cuide da impermeabiliza\u00e7\u00e3o do seu telhado e proteja seu bem.<\/p>\n","protected":false},"author":7,"featured_media":0,"parent":0,"menu_order":0,"comment_status":"closed","ping_status":"closed","template":"page-blog.php","meta":{"_acf_changed":false,"footnotes":""},"class_list":["post-13","page","type-page","status-publish","hentry","entry"],"acf":[],"_links":{"self":[{"href":"https:\/\/maxpluscompany.com\/pt\/wp-json\/wp\/v2\/pages\/13","targetHints":{"allow":["GET"]}}],"collection":[{"href":"https:\/\/maxpluscompany.com\/pt\/wp-json\/wp\/v2\/pages"}],"about":[{"href":"https:\/\/maxpluscompany.com\/pt\/wp-json\/wp\/v2\/types\/page"}],"author":[{"embeddable":true,"href":"https:\/\/maxpluscompany.com\/pt\/wp-json\/wp\/v2\/users\/7"}],"replies":[{"embeddable":true,"href":"https:\/\/maxpluscompany.com\/pt\/wp-json\/wp\/v2\/comments?post=13"}],"version-history":[{"count":20,"href":"https:\/\/maxpluscompany.com\/pt\/wp-json\/wp\/v2\/pages\/13\/revisions"}],"predecessor-version":[{"id":5343,"href":"https:\/\/maxpluscompany.com\/pt\/wp-json\/wp\/v2\/pages\/13\/revisions\/5343"}],"wp:attachment":[{"href":"https:\/\/maxpluscompany.com\/pt\/wp-json\/wp\/v2\/media?parent=13"}],"curies":[{"name":"wp","href":"https:\/\/api.w.org\/{rel}","templated":true}]}}