{"id":2026,"date":"2022-08-10T15:50:41","date_gmt":"2022-08-10T18:50:41","guid":{"rendered":"https:\/\/maxpluscompany.com\/pt\/?page_id=2026"},"modified":"2026-04-16T12:07:54","modified_gmt":"2026-04-16T15:07:54","slug":"representantes","status":"publish","type":"page","link":"https:\/\/maxpluscompany.com\/pt\/representantes\/","title":{"rendered":"Representantes \/ Dealers"},"content":{"rendered":"\n<h1 class=\"wp-block-heading has-text-align-center has-primary-color has-text-color has-link-color wp-elements-f07e47f504e8d8f26789262bd873e863\" id=\"seja-um-reprsentante\"><strong>Seja um Representante<\/strong><\/h1>\n\n\n\n<div class=\"wp-block-media-text is-stacked-on-mobile\" style=\"grid-template-columns:55% auto\"><figure class=\"wp-block-media-text__media\"><img decoding=\"async\" width=\"942\" height=\"883\" data-src=\"https:\/\/maxpluscompany.com\/wp-content\/uploads\/2023\/05\/mapa-dealers.jpg\" alt=\"Representantes pelo Brasil\" class=\"wp-image-3620 size-full lazyload\" title=\"|\" data-srcset=\"https:\/\/maxpluscompany.com\/wp-content\/uploads\/2023\/05\/mapa-dealers.jpg 942w, https:\/\/maxpluscompany.com\/wp-content\/uploads\/2023\/05\/mapa-dealers-300x281.jpg 300w, https:\/\/maxpluscompany.com\/wp-content\/uploads\/2023\/05\/mapa-dealers-768x720.jpg 768w\" data-sizes=\"(max-width: 942px) 100vw, 942px\" src=\"data:image\/svg+xml;base64,PHN2ZyB3aWR0aD0iMSIgaGVpZ2h0PSIxIiB4bWxucz0iaHR0cDovL3d3dy53My5vcmcvMjAwMC9zdmciPjwvc3ZnPg==\" style=\"--smush-placeholder-width: 942px; --smush-placeholder-aspect-ratio: 942\/883;\" \/><\/figure><div class=\"wp-block-media-text__content\">\n<h2 class=\"wp-block-heading has-primary-color has-text-color has-link-color wp-elements-552730b35966b4d2edf288afee7a04a3\" id=\"faca-parte-do-time-de-representantes-max-plus-a-maior-fabricante-de-uma-variedade-de-membranas-liquidas-para-a-restauracao-sustentavel-de-telhados-paredes-tanques-silos-e-outras-superficies-industriais\"><span style=\"color: #0073a8;\">Fa\u00e7a parte do time de representantes <strong><a href=\"https:\/\/maxpluscompany.com\/pt\/\">Max Plus<\/a><\/strong>, a maior fabricante de uma variedade de membranas l\u00edquidas para a restaura\u00e7\u00e3o sustent\u00e1vel de telhados, paredes, tanques, silos e outras superf\u00edcies industriais.<\/span><\/h2>\n<\/div><\/div>\n\n\n\n<div style=\"height:30px\" aria-hidden=\"true\" class=\"wp-block-spacer\"><\/div>\n\n\n\n<p><\/p>\n\n\n\n<div class=\"wp-block-group\"><div class=\"wp-block-group__inner-container is-layout-flow wp-block-group-is-layout-flow\">\n<h3 class=\"wp-block-heading has-text-align-center\" id=\"max-plus-a-n-1-do-brasil-em-recuperacao-impermeabilizacao-tratamento-anti-corrosao-e-isolamento-termico-para-telhado\"><span style=\"color: #0073a8;\">A  N\u00b01 do Brasil em recupera\u00e7\u00e3o, impermeabiliza\u00e7\u00e3o, tratamento anti corros\u00e3o e isolamento t\u00e9rmico para telhado.<\/span> <span style=\"color: #0073a8;\">Entre em contato pelo whatsapp<\/span> <strong><a href=\"https:\/\/api.whatsapp.com\/send\/?phone=5511999439114&amp;text&amp;type=phone_number&amp;app_absent=0\" target=\"_blank\" rel=\"noopener\">clicando aqui<\/a><\/strong> <span style=\"color: #0073a8;\">ou preencha o formul\u00e1rio e conhe\u00e7a as vantagens para representantes.<\/span><\/h3>\n\n\n\n<div class=\"wp-block-contact-form-7-contact-form-selector\">\n<div class=\"wpcf7 no-js\" id=\"wpcf7-f1828-o1\" lang=\"pt-BR\" dir=\"ltr\" data-wpcf7-id=\"1828\">\n<div class=\"screen-reader-response\"><p role=\"status\" aria-live=\"polite\" aria-atomic=\"true\"><\/p> <ul><\/ul><\/div>\n<form action=\"\/pt\/wp-json\/wp\/v2\/pages\/2026#wpcf7-f1828-o1\" method=\"post\" class=\"wpcf7-form init\" aria-label=\"Formul\u00e1rios de contato\" novalidate=\"novalidate\" data-status=\"init\">\n<fieldset class=\"hidden-fields-container\"><input type=\"hidden\" name=\"_wpcf7\" value=\"1828\" \/><input type=\"hidden\" name=\"_wpcf7_version\" value=\"6.1.5\" \/><input type=\"hidden\" name=\"_wpcf7_locale\" value=\"pt_BR\" \/><input type=\"hidden\" name=\"_wpcf7_unit_tag\" value=\"wpcf7-f1828-o1\" \/><input type=\"hidden\" name=\"_wpcf7_container_post\" value=\"0\" \/><input type=\"hidden\" name=\"_wpcf7_posted_data_hash\" value=\"\" \/><input type=\"hidden\" name=\"lang\" value=\"pt\" \/>\n<\/fieldset>\n<div class=\"row\">\n\t<div class=\"col-sm-12\">\n\t\t<p><span class=\"wpcf7-form-control-wrap\" data-name=\"your-name\"><input size=\"40\" maxlength=\"400\" class=\"wpcf7-form-control wpcf7-text wpcf7-validates-as-required\" aria-required=\"true\" aria-invalid=\"false\" placeholder=\"Nome\" value=\"\" type=\"text\" name=\"your-name\" \/><\/span>\n\t\t<\/p>\n\t<\/div>\n<\/div>\n<div class=\"row\">\n\t<div class=\"col-sm-12\">\n\t\t<p><span class=\"wpcf7-form-control-wrap\" data-name=\"empresa\"><input size=\"40\" maxlength=\"400\" class=\"wpcf7-form-control wpcf7-text wpcf7-validates-as-required\" aria-required=\"true\" aria-invalid=\"false\" placeholder=\"Empresa\" value=\"\" type=\"text\" name=\"empresa\" \/><\/span>\n\t\t<\/p>\n\t<\/div>\n<\/div>\n<div class=\"row\">\n\t<div class=\"col-sm-12\">\n\t\t<p><span class=\"wpcf7-form-control-wrap\" data-name=\"cnpj\"><input size=\"40\" maxlength=\"400\" class=\"wpcf7-form-control wpcf7-text wpcf7-validates-as-required\" aria-required=\"true\" aria-invalid=\"false\" placeholder=\"CNPJ\" value=\"\" type=\"text\" name=\"cnpj\" \/><\/span>\n\t\t<\/p>\n\t<\/div>\n<\/div>\n<div class=\"row\">\n\t<div class=\"col-sm-12\">\n\t\t<p><span class=\"wpcf7-form-control-wrap\" data-name=\"site\"><input size=\"40\" maxlength=\"400\" class=\"wpcf7-form-control wpcf7-text wpcf7-validates-as-required\" aria-required=\"true\" aria-invalid=\"false\" placeholder=\"Site\/Homepage\" value=\"\" type=\"text\" name=\"site\" \/><\/span>\n\t\t<\/p>\n\t<\/div>\n<\/div>\n<div class=\"row\">\n\t<div class=\"col-sm-12\">\n\t\t<p><span class=\"wpcf7-form-control-wrap\" data-name=\"cidade\"><input size=\"40\" maxlength=\"400\" class=\"wpcf7-form-control wpcf7-text wpcf7-validates-as-required\" aria-required=\"true\" aria-invalid=\"false\" placeholder=\"Cidade\" value=\"\" type=\"text\" name=\"cidade\" \/><\/span>\n\t\t<\/p>\n\t<\/div>\n<\/div>\n<div class=\"row\">\n\t<div class=\"col-sm-12\">\n\t\t<p><span class=\"wpcf7-form-control-wrap\" data-name=\"estado\"><select class=\"wpcf7-form-control wpcf7-select wpcf7-validates-as-required\" aria-required=\"true\" aria-invalid=\"false\" name=\"estado\"><option value=\"Estado\">Estado<\/option><option value=\"SP\">SP<\/option><option value=\"RJ\">RJ<\/option><option value=\"RS\">RS<\/option><option value=\"MG\">MG<\/option><option value=\"AC\">AC<\/option><option value=\"AL\">AL<\/option><option value=\"AP\">AP<\/option><option value=\"AM\">AM<\/option><option value=\"BA\">BA<\/option><option value=\"CE\">CE<\/option><option value=\"DF\">DF<\/option><option value=\"ES\">ES<\/option><option value=\"GO\">GO<\/option><option value=\"MA\">MA<\/option><option value=\"MT\">MT<\/option><option value=\"MS\">MS<\/option><option value=\"PA\">PA<\/option><option value=\"PB\">PB<\/option><option value=\"PR\">PR<\/option><option value=\"PE\">PE<\/option><option value=\"PI\">PI<\/option><option value=\"RN\">RN<\/option><option value=\"RO\">RO<\/option><option value=\"RR\">RR<\/option><option value=\"SC\">SC<\/option><option value=\"SE\">SE<\/option><option value=\"TO\">TO<\/option><\/select><\/span>\n\t\t<\/p>\n\t<\/div>\n<\/div>\n<div class=\"row\">\n\t<div class=\"col-sm-12\">\n\t\t<p><span class=\"wpcf7-form-control-wrap\" data-name=\"email\"><input size=\"40\" maxlength=\"400\" class=\"wpcf7-form-control wpcf7-text wpcf7-validates-as-required\" aria-required=\"true\" aria-invalid=\"false\" placeholder=\"E-mail\" value=\"\" type=\"text\" name=\"email\" \/><\/span>\n\t\t<\/p>\n\t<\/div>\n<\/div>\n<div class=\"row\">\n\t<div class=\"col-sm-2 col-md-3 col-xl-2\">\n\t\t<p><span class=\"wpcf7-form-control-wrap\" data-name=\"ddd\"><input size=\"40\" maxlength=\"400\" class=\"wpcf7-form-control wpcf7-tel wpcf7-validates-as-required wpcf7-text wpcf7-validates-as-tel number js-ddd\" aria-required=\"true\" aria-invalid=\"false\" placeholder=\"DDD\" value=\"\" type=\"tel\" name=\"ddd\" \/><\/span>\n\t\t<\/p>\n\t<\/div>\n\t<div class=\"col-sm-10 col-md-9 col-xl-10\">\n\t\t<p><span class=\"wpcf7-form-control-wrap\" data-name=\"telefone\"><input size=\"40\" maxlength=\"400\" class=\"wpcf7-form-control wpcf7-tel wpcf7-validates-as-required wpcf7-text wpcf7-validates-as-tel number js-tel\" aria-required=\"true\" aria-invalid=\"false\" placeholder=\"Telefone\" value=\"\" type=\"tel\" name=\"telefone\" \/><\/span>\n\t\t<\/p>\n\t<\/div>\n<\/div>\n<div class=\"row\">\n\t<div class=\"col-sm-12\">\n\t\t<p><span class=\"wpcf7-form-control-wrap\" data-name=\"mensagem\"><textarea cols=\"40\" rows=\"10\" maxlength=\"2000\" class=\"wpcf7-form-control wpcf7-textarea wpcf7-validates-as-required\" aria-required=\"true\" aria-invalid=\"false\" placeholder=\"Mensagem\" name=\"mensagem\"><\/textarea><\/span>\n\t\t<\/p>\n\t<\/div>\n\t<p><span id=\"erros\" name=\"erros\"><\/span>\n\t<\/p>\n<\/div>\n<div class=\"row justify-content-md-center\">\n\t<div class=\"col-sm-12 button-alignment\">\n\t\t<p><input class=\"wpcf7-form-control wpcf7-submit has-spinner button-send\" id=\"form-submit\" type=\"submit\" value=\"Enviar\" \/>\n\t\t<\/p>\n\t<\/div>\n<\/div><div class=\"wpcf7-response-output\" aria-hidden=\"true\"><\/div>\n<\/form>\n<\/div>\n<\/div>\n<\/div><\/div>\n\n\n\n<p><\/p>\n\n\n\n<p>A Max Plus Company \u00e9 l\u00edder em solu\u00e7\u00f5es para coberturas industriais e tem compromisso com a sustentabilidade, n\u00e3o apenas em seus produtos, mas com toda a sociedade. Por isso faz parte da Green Buildinfg Council e est\u00e1 100% alinhada com as suas diretrizes. Todas as f\u00f3rmulas utilizam as tecnologias indicadas pela organiza\u00e7\u00e3o, para oferecer o que h\u00e1 de mais inovador em coberturas ecol\u00f3gicas ao mercado nacional, especialmente em telhados brancos.<\/p>\n\n\n\n<p>Max Therm, por exemplo, \u00e9 um produto pesquisado e formulado para ter a melhor efici\u00eancia em refletividade e redu\u00e7\u00e3o de calor. Sua composi\u00e7\u00e3o foi inspirada na tecnologia que a <a href=\"https:\/\/www.nasa.gov\/\" target=\"_blank\" rel=\"noopener\">NASA<\/a> utiliza em seus ve\u00edculos espaciais, e traz part\u00edculas de cer\u00e2mica que mant\u00e9m o calor bem longe. Se funciona bem para proteger as naves do calor na reentrada atmosf\u00e9rica, funciona perfeitamente para se tornar seu mais novo telhado branco.<\/p>\n\n\n\n<p>Por ser completamente branca e possuir componentes \u00fanicos,&nbsp;<a href=\"https:\/\/maxpluscompany.com\/pt\/produtos\/\">Max Therm<\/a>&nbsp;ajuda a refletir os raios solares e pode reduzir a temperatura das telhas em mais de 50%. S\u00f3 para efeito de compara\u00e7\u00e3o, em um dia ensolarado, as telhas costumam atingir temperaturas acima de 75\u00b0C, voltando a menos de 20\u00b0C no come\u00e7o da noite.<\/p>\n\n\n\n<p>Essa varia\u00e7\u00e3o \u00e9 o que prejudica o conforto t\u00e9rmico, ao longo do dia, nas empresas e exige investimentos expressivos tanto em aparelhos de climatiza\u00e7\u00e3o, que elevam os custos com eletricidade, quanto na manuten\u00e7\u00e3o dos telhados devido aos danos causados pelo choque t\u00e9rmico.<\/p>\n\n\n\n<p>Afaste de uma vez por todas os problemas relacionados ao calor, com as solu\u00e7\u00f5es da Max Plus. A \u00fanica empresa com mais de 35 anos de atua\u00e7\u00e3o, que oferece garantias a partir de 10 anos em produtos e servi\u00e7os realizados por t\u00e9cnicos credenciados, e que est\u00e1 sempre inovando para preservar o seu patrim\u00f4nio.<br><br>Essa \u00e9 a solu\u00e7\u00e3o definitiva para empres\u00e1rios que buscam o m\u00e1ximo de efic\u00e1cia t\u00e9rmica para seus galp\u00f5es ou edif\u00edcios comerciais, sem o desperd\u00edcio de recursos com produtos como as mantas aluminizadas, que aparentemente resolvem o problema, mas que no fundo s\u00f3 est\u00e3o mascarando algo que inevitavelmente ter\u00e1 que ser refeito no futuro.<\/p>\n\n\n\n<p>Conhe\u00e7a todas as vantagens de se tornar um representante atrav\u00e9s das&nbsp;<a href=\"https:\/\/maxpluscompany.com\/pt\/produtos-sistemas\/\">solu\u00e7\u00f5es da Max Plus<\/a>, com&nbsp;<strong>garantias a partir de 10 anos<\/strong>, e n\u00e3o esque\u00e7a: telhados brancos s\u00e3o a op\u00e7\u00e3o mais \u201cverde\u201d para colocar a quest\u00e3o da sustentabilidade em evid\u00eancia na sua empresa.<\/p>\n\n\n\n<div style=\"height:70px\" aria-hidden=\"true\" class=\"wp-block-spacer\"><\/div>\n\n\n<div class=\"wp-block-image\">\n<figure class=\"aligncenter size-full\"><img decoding=\"async\" width=\"1024\" height=\"289\" data-src=\"https:\/\/maxpluscompany.com\/wp-content\/uploads\/2022\/08\/seja_um_representante_maxplus_company.jpg\" alt=\"seja_um_representante_maxplus_company\" class=\"wp-image-2009 lazyload\" title=\"|\" data-srcset=\"https:\/\/maxpluscompany.com\/wp-content\/uploads\/2022\/08\/seja_um_representante_maxplus_company.jpg 1024w, https:\/\/maxpluscompany.com\/wp-content\/uploads\/2022\/08\/seja_um_representante_maxplus_company-300x85.jpg 300w, https:\/\/maxpluscompany.com\/wp-content\/uploads\/2022\/08\/seja_um_representante_maxplus_company-768x217.jpg 768w\" data-sizes=\"(max-width: 1024px) 100vw, 1024px\" src=\"data:image\/svg+xml;base64,PHN2ZyB3aWR0aD0iMSIgaGVpZ2h0PSIxIiB4bWxucz0iaHR0cDovL3d3dy53My5vcmcvMjAwMC9zdmciPjwvc3ZnPg==\" style=\"--smush-placeholder-width: 1024px; --smush-placeholder-aspect-ratio: 1024\/289;\" \/><\/figure>\n<\/div>\n\n\n<p><\/p>\n\n\n<div class=\"wp-block-image\">\n<figure class=\"aligncenter size-full\"><img decoding=\"async\" width=\"280\" height=\"71\" data-src=\"https:\/\/maxpluscompany.com\/wp-content\/uploads\/2022\/08\/seja_um_representante_maxplus.png\" alt=\"\" class=\"wp-image-2052 lazyload\" title=\"|\" src=\"data:image\/svg+xml;base64,PHN2ZyB3aWR0aD0iMSIgaGVpZ2h0PSIxIiB4bWxucz0iaHR0cDovL3d3dy53My5vcmcvMjAwMC9zdmciPjwvc3ZnPg==\" style=\"--smush-placeholder-width: 280px; --smush-placeholder-aspect-ratio: 280\/71;\"><\/figure>\n<\/div>\n\n\n<div class=\"wp-block-rank-math-toc-block\" id=\"rank-math-toc\"><h2>\u00cdndice<\/h2><nav><ul><li><a href=\"#seja-um-reprsentante\">Seja um Representante<\/a><ul><li><a href=\"#faca-parte-do-time-de-representantes-max-plus-a-maior-fabricante-de-uma-variedade-de-membranas-liquidas-para-a-restauracao-sustentavel-de-telhados-paredes-tanques-silos-e-outras-superficies-industriais\">Fa\u00e7a parte do time de representantes Max Plus, a maior fabricante de uma variedade de membranas l\u00edquidas para a restaura\u00e7\u00e3o sustent\u00e1vel de telhados, paredes, tanques, silos e outras superf\u00edcies industriais.<\/a><ul><li><a href=\"#max-plus-a-n-1-do-brasil-em-recuperacao-impermeabilizacao-tratamento-anti-corrosao-e-isolamento-termico-para-telhado\">A  N\u00b01 do Brasil em recupera\u00e7\u00e3o, impermeabiliza\u00e7\u00e3o, tratamento anti corros\u00e3o e isolamento t\u00e9rmico para telhado. Entre em contato pelo whatsapp clicando aqui ou preencha o formul\u00e1rio e conhe\u00e7a as vantagens para representantes.<\/a><\/li><\/ul><\/li><\/ul><\/li><\/ul><\/nav><\/div>\n","protected":false},"excerpt":{"rendered":"<p>Seja um Representante Fa\u00e7a parte do time de representantes Max Plus, a maior fabricante de uma variedade de membranas l\u00edquidas para a restaura\u00e7\u00e3o sustent\u00e1vel de telhados, paredes, tanques, silos e outras superf\u00edcies industriais. A N\u00b01 do Brasil em recupera\u00e7\u00e3o, impermeabiliza\u00e7\u00e3o, tratamento anti corros\u00e3o e isolamento t\u00e9rmico para telhado. Entre em contato pelo whatsapp clicando aqui [&hellip;]<\/p>\n","protected":false},"author":7,"featured_media":0,"parent":0,"menu_order":0,"comment_status":"closed","ping_status":"closed","template":"","meta":{"_acf_changed":false,"footnotes":""},"class_list":["post-2026","page","type-page","status-publish","hentry","entry"],"acf":[],"_links":{"self":[{"href":"https:\/\/maxpluscompany.com\/pt\/wp-json\/wp\/v2\/pages\/2026","targetHints":{"allow":["GET"]}}],"collection":[{"href":"https:\/\/maxpluscompany.com\/pt\/wp-json\/wp\/v2\/pages"}],"about":[{"href":"https:\/\/maxpluscompany.com\/pt\/wp-json\/wp\/v2\/types\/page"}],"author":[{"embeddable":true,"href":"https:\/\/maxpluscompany.com\/pt\/wp-json\/wp\/v2\/users\/7"}],"replies":[{"embeddable":true,"href":"https:\/\/maxpluscompany.com\/pt\/wp-json\/wp\/v2\/comments?post=2026"}],"version-history":[{"count":28,"href":"https:\/\/maxpluscompany.com\/pt\/wp-json\/wp\/v2\/pages\/2026\/revisions"}],"predecessor-version":[{"id":5515,"href":"https:\/\/maxpluscompany.com\/pt\/wp-json\/wp\/v2\/pages\/2026\/revisions\/5515"}],"wp:attachment":[{"href":"https:\/\/maxpluscompany.com\/pt\/wp-json\/wp\/v2\/media?parent=2026"}],"curies":[{"name":"wp","href":"https:\/\/api.w.org\/{rel}","templated":true}]}}