{"id":31,"date":"2019-09-23T09:13:27","date_gmt":"2019-09-23T12:13:27","guid":{"rendered":"http:\/\/clients.webproducer.com.br\/MaxPlus\/site\/?page_id=31"},"modified":"2026-04-02T11:10:16","modified_gmt":"2026-04-02T14:10:16","slug":"vantagens-na-reducao-na-temperatura","status":"publish","type":"page","link":"https:\/\/maxpluscompany.com\/pt\/vantagens-na-reducao-na-temperatura\/","title":{"rendered":"Vantagens dos Sistemas"},"content":{"rendered":"<div class=\"wp-block-image\">\n<figure class=\"aligncenter size-large\"><img decoding=\"async\" width=\"1167\" height=\"859\" data-src=\"https:\/\/maxpluscompany.com\/wp-content\/uploads\/2023\/03\/image-14-1167x859.png\" alt=\"\" class=\"wp-image-3269 lazyload\" title=\"|\" data-srcset=\"https:\/\/maxpluscompany.com\/wp-content\/uploads\/2023\/03\/image-14-1167x859.png 1167w, https:\/\/maxpluscompany.com\/wp-content\/uploads\/2023\/03\/image-14-300x221.png 300w, https:\/\/maxpluscompany.com\/wp-content\/uploads\/2023\/03\/image-14-768x566.png 768w, https:\/\/maxpluscompany.com\/wp-content\/uploads\/2023\/03\/image-14.png 1362w\" data-sizes=\"(max-width: 1167px) 100vw, 1167px\" src=\"data:image\/svg+xml;base64,PHN2ZyB3aWR0aD0iMSIgaGVpZ2h0PSIxIiB4bWxucz0iaHR0cDovL3d3dy53My5vcmcvMjAwMC9zdmciPjwvc3ZnPg==\" style=\"--smush-placeholder-width: 1167px; --smush-placeholder-aspect-ratio: 1167\/859;\" \/><\/figure>\n<\/div>\n\n\n<h2 class=\"wp-block-heading has-text-align-center\" id=\"palavra-chave-reducao\">Palavra chave: <strong>REDU\u00c7\u00c3O<\/strong><\/h2>\n\n\n\n<h3 class=\"wp-block-heading has-text-align-center\" id=\"conheca-as-vantagens-na-reducao-de-energia-eletrica\">Conhe\u00e7a as vantagens na redu\u00e7\u00e3o de energia el\u00e9trica!<\/h3>\n\n\n\n<h2 class=\"wp-block-heading has-text-align-center\"><\/h2>\n\n\n\n<h3 class=\"wp-block-heading has-text-align-center\" id=\"o-sistema-de-isolamento-termico-max-cool-da-max-plus-e-uma-membrana-liquida-100-acrilica-a-base-de-agua-e-com-ceramica-especial-que-proporciona-alta-refletividade-alta-emissividade-baixa-absorcao-de-calor-e-baixa-condutividade-termica\">O sistema de isolamento t\u00e9rmico Max Cool da Max Plus, \u00e9 uma membrana l\u00edquida 100% acr\u00edlica a base de \u00e1gua e com cer\u00e2mica especial, que proporciona alta refletividade, alta emissividade, baixa absor\u00e7\u00e3o de calor e baixa condutividade t\u00e9rmica.<\/h3>\n\n\n\n<p class=\"has-text-align-center\">Transformando essas informa\u00e7\u00f5es em dados, ele&nbsp;<strong>reduz comprovadamente<\/strong>, a temperatura interna do telhado entre 6\u00b0C a 8\u00b0C<\/p>\n\n\n\n<p class=\"has-text-align-center\">(<em>Veja a mat\u00e9ria espec\u00edfica sobre RTS \u2013 Roof Thermal Simulator \u2013 O 1\u00b0 Simulador mundial de resultados para isolamento t\u00e9rmico de telhados<\/em>,&nbsp;<a href=\"https:\/\/maxpluscompany.com\/pt\/roof-thermal-simulator-isolamento-termico\/\"><em><strong>clicando aqui<\/strong><\/em><\/a>).<\/p>\n\n\n\n<div style=\"height:100px\" aria-hidden=\"true\" class=\"wp-block-spacer\"><\/div>\n\n\n<div class=\"wp-block-image\">\n<figure class=\"aligncenter\"><img decoding=\"async\" width=\"1167\" height=\"329\" data-src=\"https:\/\/maxpluscompany.com\/wp-content\/uploads\/2023\/03\/natura-1.png\" alt=\"\" class=\"wp-image-3010 lazyload\" title=\"|\" data-srcset=\"https:\/\/maxpluscompany.com\/wp-content\/uploads\/2023\/03\/natura-1.png 1167w, https:\/\/maxpluscompany.com\/wp-content\/uploads\/2023\/03\/natura-1-300x85.png 300w, https:\/\/maxpluscompany.com\/wp-content\/uploads\/2023\/03\/natura-1-768x217.png 768w\" data-sizes=\"(max-width: 1167px) 100vw, 1167px\" src=\"data:image\/svg+xml;base64,PHN2ZyB3aWR0aD0iMSIgaGVpZ2h0PSIxIiB4bWxucz0iaHR0cDovL3d3dy53My5vcmcvMjAwMC9zdmciPjwvc3ZnPg==\" style=\"--smush-placeholder-width: 1167px; --smush-placeholder-aspect-ratio: 1167\/329;\" \/><\/figure>\n<\/div>\n\n\n<p class=\"has-text-align-center\">Isso faz com que seja reduzido o uso do sistema de climatiza\u00e7\u00e3o, redu\u00e7\u00e3o no consumo de energia, redu\u00e7\u00e3o na manuten\u00e7\u00e3o dos equipamentos de climatiza\u00e7\u00e3o, e principalmente redu\u00e7\u00e3o do uso de ar-condicionado, reduzindo a pot\u00eancia dos aparelhos para climatiza\u00e7\u00e3o ou at\u00e9 mesmo evitando a utiliza\u00e7\u00e3o deles.<\/p>\n\n\n\n<div style=\"height:100px\" aria-hidden=\"true\" class=\"wp-block-spacer\"><\/div>\n\n\n\n<h2 class=\"wp-block-heading has-text-align-center\" id=\"reducao-de-custos-na-conta-de-energia-e-manutencao-em-telhados-industriais\">Vantagens: Redu\u00e7\u00e3o de custos na conta de energia e manuten\u00e7\u00e3o em telhados industriais<\/h2>\n\n\n\n<p class=\"has-text-align-center\">O sistema Max Protection, que inclui o reaperto dos parafusos de fixa\u00e7\u00e3o do telhado com o tratamento anticorrosivo dos mesmos, a impermeabiliza\u00e7\u00e3o de todo telhado, al\u00e9m da&nbsp;<strong>economia no consumo de energia el\u00e9trica, caso existam aparelhos de ar-condicionado,<\/strong>&nbsp;promove uma grande redu\u00e7\u00e3o dos custos de manuten\u00e7\u00e3o dos aparelhos, e tamb\u00e9m redu\u00e7\u00e3o do uso em sua m\u00e1xima pot\u00eancia.<\/p>\n\n\n\n<p class=\"has-text-align-center\">Para exemplificar todos esses benef\u00edcios de economia com a redu\u00e7\u00e3o de custos e consumo de energia el\u00e9trica, citamos o case da\u00a0<strong>Natura<\/strong>. Uma parceria de sucesso realizada com a Max Plus desde 2009, cujos cuidados com o telhado da sua f\u00e1brica (garantia) acaba de ser estendida por mais 10 anos.<\/p>\n\n\n<div class=\"wp-block-image\">\n<figure class=\"aligncenter size-full is-resized\"><img decoding=\"async\" width=\"1167\" height=\"656\" data-src=\"https:\/\/maxpluscompany.com\/wp-content\/uploads\/2023\/03\/reducao-natura.png\" alt=\"\" class=\"wp-image-3270 lazyload\" style=\"--smush-placeholder-width: 1167px; --smush-placeholder-aspect-ratio: 1167\/656;width:667px;height:374px\" title=\"|\" data-srcset=\"https:\/\/maxpluscompany.com\/wp-content\/uploads\/2023\/03\/reducao-natura.png 1167w, https:\/\/maxpluscompany.com\/wp-content\/uploads\/2023\/03\/reducao-natura-300x169.png 300w, https:\/\/maxpluscompany.com\/wp-content\/uploads\/2023\/03\/reducao-natura-768x432.png 768w\" data-sizes=\"(max-width: 1167px) 100vw, 1167px\" src=\"data:image\/svg+xml;base64,PHN2ZyB3aWR0aD0iMSIgaGVpZ2h0PSIxIiB4bWxucz0iaHR0cDovL3d3dy53My5vcmcvMjAwMC9zdmciPjwvc3ZnPg==\" \/><figcaption class=\"wp-element-caption\">Obra Natura<\/figcaption><\/figure>\n<\/div>\n\n\n<p><\/p>\n\n\n\n<p class=\"has-text-align-center\">Sempre preocupada com o alto desempenho dos produtos e servi\u00e7os a serem contratados, o cuidado ao escolher seus fornecedores sempre foi um grande diferencial da empresa que preza pela qualidade em tudo que os cercam, a Natura garante um total de 20 anos sem preocupa\u00e7\u00f5es com manuten\u00e7\u00e3o nos telhados, e&nbsp;<strong>reduzindo custos<\/strong>&nbsp;com consumo de energia, proporcionando mais economia \u00e0 empresa.<\/p>\n\n\n\n<h5 class=\"wp-block-heading has-text-align-center\" id=\"estudos-realizados-pela-natura-constataram-uma-economia-mensal-com-mao-de-obra-direta-na-manutencao-dos-telhados-e-na-conta-de-energia-eletrica-resultando-em-uma-reducao-substancial-ao-ano\">Estudos realizados pela Natura, constataram uma economia mensal com m\u00e3o de obra direta na manuten\u00e7\u00e3o dos telhados e na conta de energia el\u00e9trica, resultando em uma redu\u00e7\u00e3o substancial ao ano.<\/h5>\n\n\n\n<p class=\"has-text-align-center\">Frente aos dados coletados no estudo, identificou que o <strong>Payback do investimento no Sistema Max Protection deu-se em apenas 2,5 anos<\/strong>. Ou seja, em apenas dois anos e meio, a Natura teve o&nbsp;<strong>retorno de 100% do investimento<\/strong>&nbsp;pela simples economia de energia el\u00e9trica, devido a diminui\u00e7\u00e3o da utiliza\u00e7\u00e3o de ar-condicionado funcionando na m\u00e1xima pot\u00eancia.<\/p>\n\n\n\n<p class=\"has-text-align-center\">Al\u00e9m da economia financeira diretamente falando, o investimento em telhado branco colabora diretamente para que a Natura se torne uma empresa cada vez mais sustent\u00e1vel. Ganhando de 1 a 5 pontos na certifica\u00e7\u00e3o LEED, contribuindo tamb\u00e9m para o programa de&nbsp;<strong>Carbono Neutro da Natura<\/strong>, pois para cada ano utilizando o sistema Max Protection, s\u00e3o evitados que uma quantidade de CO2 equivalente a 1740 \u00e1rvores ao ano sejam liberados ao meio ambiente.<\/p>\n\n\n\n<p class=\"has-text-align-center\">Sabemos do comprometimento da Natura com a sociedade e o planeta, em suas a\u00e7\u00f5es de preserva\u00e7\u00e3o do meio ambiente com embalagens sustent\u00e1veis, f\u00f3rmulas vegetais e o respeito pelos direitos humanos e com mundo. Uma empresa que faz a diferen\u00e7a no planeta!<\/p>\n\n\n\n<p class=\"has-text-align-center\">N\u00f3s da Max Plus Company, temos como miss\u00e3o promover a sustentabilidade em nossos produtos. O telhado branco vai al\u00e9m de uma quest\u00e3o est\u00e9tica. Seu uso est\u00e1 ligado diretamente a preserva\u00e7\u00e3o da natureza,&nbsp;<strong>impedindo que 10 mil toneladas de CO2 sejam emitidas ao meio ambiente<\/strong>.<\/p>\n\n\n\n<p class=\"has-text-align-center\">Nossos sistemas tamb\u00e9m atuam na redu\u00e7\u00e3o de ilhas de calor urbano, que \u00e9 um grande problema nos centros urbanos. Se reduzirmos em 10% as ilhas de calor urbano, deixaremos de emitir CO2 de aproximadamente 4 milh\u00f5es de carros nas ruas.<\/p>\n\n\n<div class=\"wp-block-image\">\n<figure class=\"aligncenter\"><img decoding=\"async\" data-src=\"https:\/\/maxpluscompany.com\/wp-content\/uploads\/2019\/11\/vantagens_sistemaENG.jpg\" alt=\"\" title=\"|\" src=\"data:image\/svg+xml;base64,PHN2ZyB3aWR0aD0iMSIgaGVpZ2h0PSIxIiB4bWxucz0iaHR0cDovL3d3dy53My5vcmcvMjAwMC9zdmciPjwvc3ZnPg==\" class=\"lazyload\" style=\"--smush-placeholder-width: 573px; --smush-placeholder-aspect-ratio: 573\/522;\"><\/figure>\n<\/div>\n\n\n<h5 class=\"wp-block-heading has-text-align-center\" id=\"fale-agora-com-o-especialista-e-descubra-como-reduzir-a-conta-de-luz-da-sua-empresa-como-fez-a-natura-e-todas-as-vantagens-que-nossos-sistemas-oferecem\"><a href=\"https:\/\/api.whatsapp.com\/send?phone=5511999439114&amp;text=Ol%C3%A1!\" target=\"_blank\" rel=\"noopener\">Fale agora<\/a> com o especialista e descubra como reduzir a conta de luz da sua empresa como fez a Natura, e todas as vantagens que nossos sistemas oferecem.<\/h5>\n\n\n\n<div class=\"wp-block-rank-math-toc-block\" id=\"rank-math-toc\"><h2>\u00cdndice<\/h2><nav><ul><li><a href=\"#palavra-chave-reducao\">Palavra chave: REDU\u00c7\u00c3O<\/a><ul><li><a href=\"#conheca-as-vantagens-na-reducao-de-energia-eletrica\">Conhe\u00e7a as vantagens na redu\u00e7\u00e3o de energia el\u00e9trica!<\/a><\/li><\/ul><\/li><li><a href=\"#reducao-de-custos-na-conta-de-energia-e-manutencao-em-telhados-industriais\">Vantagens: Redu\u00e7\u00e3o de custos na conta de energia e manuten\u00e7\u00e3o em telhados industriais<\/a><ul><li><a href=\"#estudos-realizados-pela-natura-constataram-uma-economia-mensal-com-mao-de-obra-direta-na-manutencao-dos-telhados-e-na-conta-de-energia-eletrica-resultando-em-uma-reducao-substancial-ao-ano\">Estudos realizados pela Natura, constataram uma economia mensal com m\u00e3o de obra direta na manuten\u00e7\u00e3o dos telhados e na conta de energia el\u00e9trica, resultando em uma redu\u00e7\u00e3o substancial ao ano.<\/a><\/li><li><a href=\"#fale-agora-com-o-especialista-e-descubra-como-reduzir-a-conta-de-luz-da-sua-empresa-como-fez-a-natura-e-todas-as-vantagens-que-nossos-sistemas-oferecem\">Fale agora com o especialista e descubra como reduzir a conta de luz da sua empresa como fez a Natura, e todas as vantagens que nossos sistemas oferecem.<\/a><\/li><\/ul><\/li><\/ul><\/nav><\/div>\n","protected":false},"excerpt":{"rendered":"<p>Palavra chave: REDU\u00c7\u00c3O Conhe\u00e7a as vantagens na redu\u00e7\u00e3o de energia el\u00e9trica! O sistema de isolamento t\u00e9rmico Max Cool da Max Plus, \u00e9 uma membrana l\u00edquida 100% acr\u00edlica a base de \u00e1gua e com cer\u00e2mica especial, que proporciona alta refletividade, alta emissividade, baixa absor\u00e7\u00e3o de calor e baixa condutividade t\u00e9rmica. Transformando essas informa\u00e7\u00f5es em dados, ele&nbsp;reduz [&hellip;]<\/p>\n","protected":false},"author":7,"featured_media":0,"parent":0,"menu_order":0,"comment_status":"closed","ping_status":"closed","template":"","meta":{"_acf_changed":false,"footnotes":""},"class_list":["post-31","page","type-page","status-publish","hentry","entry"],"acf":[],"_links":{"self":[{"href":"https:\/\/maxpluscompany.com\/pt\/wp-json\/wp\/v2\/pages\/31","targetHints":{"allow":["GET"]}}],"collection":[{"href":"https:\/\/maxpluscompany.com\/pt\/wp-json\/wp\/v2\/pages"}],"about":[{"href":"https:\/\/maxpluscompany.com\/pt\/wp-json\/wp\/v2\/types\/page"}],"author":[{"embeddable":true,"href":"https:\/\/maxpluscompany.com\/pt\/wp-json\/wp\/v2\/users\/7"}],"replies":[{"embeddable":true,"href":"https:\/\/maxpluscompany.com\/pt\/wp-json\/wp\/v2\/comments?post=31"}],"version-history":[{"count":6,"href":"https:\/\/maxpluscompany.com\/pt\/wp-json\/wp\/v2\/pages\/31\/revisions"}],"predecessor-version":[{"id":4974,"href":"https:\/\/maxpluscompany.com\/pt\/wp-json\/wp\/v2\/pages\/31\/revisions\/4974"}],"wp:attachment":[{"href":"https:\/\/maxpluscompany.com\/pt\/wp-json\/wp\/v2\/media?parent=31"}],"curies":[{"name":"wp","href":"https:\/\/api.w.org\/{rel}","templated":true}]}}