{"id":3830,"date":"2023-06-23T11:49:59","date_gmt":"2023-06-23T14:49:59","guid":{"rendered":"https:\/\/maxpluscompany.com\/pt\/?page_id=3830"},"modified":"2026-04-10T15:14:52","modified_gmt":"2026-04-10T18:14:52","slug":"videos-obras-max-plus-company","status":"publish","type":"page","link":"https:\/\/maxpluscompany.com\/pt\/videos-obras-max-plus-company\/","title":{"rendered":"V\u00cdDEOS"},"content":{"rendered":"\n<h2 class=\"wp-block-heading\" id=\"confira-os-videos-do-nosso-canal-do-youtube\">Confira os v\u00eddeos do nosso canal do <a href=\"https:\/\/www.youtube.com\/@Maxpluscompany\" target=\"_blank\" rel=\"noopener\">Youtube<\/a><\/h2>\n\n\n<div class=\"wp-block-image\">\n<figure class=\"alignleft size-large is-resized\"><img decoding=\"async\" width=\"1167\" height=\"882\" data-src=\"https:\/\/maxpluscompany.com\/wp-content\/uploads\/2023\/06\/videos-1167x882.png\" alt=\"\" class=\"wp-image-3890 lazyload\" style=\"--smush-placeholder-width: 1167px; --smush-placeholder-aspect-ratio: 1167\/882;width:156px;height:118px\" title=\"|\" data-srcset=\"https:\/\/maxpluscompany.com\/wp-content\/uploads\/2023\/06\/videos-1167x882.png 1167w, https:\/\/maxpluscompany.com\/wp-content\/uploads\/2023\/06\/videos-300x227.png 300w, https:\/\/maxpluscompany.com\/wp-content\/uploads\/2023\/06\/videos-768x581.png 768w, https:\/\/maxpluscompany.com\/wp-content\/uploads\/2023\/06\/videos-1536x1161.png 1536w, https:\/\/maxpluscompany.com\/wp-content\/uploads\/2023\/06\/videos-2048x1548.png 2048w, https:\/\/maxpluscompany.com\/wp-content\/uploads\/2023\/06\/videos-1568x1185.png 1568w\" data-sizes=\"(max-width: 1167px) 100vw, 1167px\" src=\"data:image\/svg+xml;base64,PHN2ZyB3aWR0aD0iMSIgaGVpZ2h0PSIxIiB4bWxucz0iaHR0cDovL3d3dy53My5vcmcvMjAwMC9zdmciPjwvc3ZnPg==\" \/><\/figure>\n<\/div>\n\n\n<h3 class=\"wp-block-heading has-text-align-center\" id=\"video-teste-de-eficiencia-termica-max-therm-2023\">V\u00eddeo teste de efici\u00eancia t\u00e9rmica Max Therm &#8211; 2023<\/h3>\n\n\n\n<figure class=\"wp-block-embed aligncenter is-type-video is-provider-youtube wp-block-embed-youtube wp-embed-aspect-16-9 wp-has-aspect-ratio\"><div class=\"wp-block-embed__wrapper\">\n<iframe title=\"Teste de  Efici\u00eancia T\u00e9rmica Max Therm\" width=\"640\" height=\"360\" data-src=\"https:\/\/www.youtube.com\/embed\/QBMFGPn2v5A?feature=oembed\" frameborder=\"0\" allow=\"accelerometer; autoplay; clipboard-write; encrypted-media; gyroscope; picture-in-picture; web-share\" referrerpolicy=\"strict-origin-when-cross-origin\" allowfullscreen src=\"data:image\/svg+xml;base64,PHN2ZyB3aWR0aD0iMSIgaGVpZ2h0PSIxIiB4bWxucz0iaHR0cDovL3d3dy53My5vcmcvMjAwMC9zdmciPjwvc3ZnPg==\" class=\"lazyload\" data-load-mode=\"1\"><\/iframe>\n<\/div><figcaption class=\"wp-element-caption\">V\u00eddeo teste de efici\u00eancia t\u00e9rmica Max Therm &#8211; 2023<\/figcaption><\/figure>\n\n\n\n<h3 class=\"wp-block-heading has-text-align-center\" id=\"obra-marabraz-lp-bens\"><a href=\"https:\/\/maxpluscompany.com\/pt\/obras-max-plus-company\/\">Obra Marabraz &#8211; LP Bens<\/a><\/h3>\n\n\n\n<figure class=\"wp-block-embed aligncenter is-type-video is-provider-youtube wp-block-embed-youtube wp-embed-aspect-16-9 wp-has-aspect-ratio\"><div class=\"wp-block-embed__wrapper\">\n<iframe title=\"Obra Marabraz - Cajamar SP\" width=\"640\" height=\"360\" data-src=\"https:\/\/www.youtube.com\/embed\/aunoVOB9zCM?feature=oembed\" frameborder=\"0\" allow=\"accelerometer; autoplay; clipboard-write; encrypted-media; gyroscope; picture-in-picture; web-share\" referrerpolicy=\"strict-origin-when-cross-origin\" allowfullscreen src=\"data:image\/svg+xml;base64,PHN2ZyB3aWR0aD0iMSIgaGVpZ2h0PSIxIiB4bWxucz0iaHR0cDovL3d3dy53My5vcmcvMjAwMC9zdmciPjwvc3ZnPg==\" class=\"lazyload\" data-load-mode=\"1\"><\/iframe>\n<\/div><figcaption class=\"wp-element-caption\">Obra Marabraz &#8211; LP Bens<\/figcaption><\/figure>\n\n\n\n<h3 class=\"wp-block-heading has-text-align-center\" id=\"video-nova-a-alianca-limpeza-da-cobertura\">V\u00eddeo Nova aAlian\u00e7a, limpeza da cobertura<\/h3>\n\n\n\n<figure class=\"wp-block-embed aligncenter is-type-video is-provider-youtube wp-block-embed-youtube wp-embed-aspect-16-9 wp-has-aspect-ratio\"><div class=\"wp-block-embed__wrapper\">\n<iframe title=\"Lavagem Obra Nova Alian\u00e7a\" width=\"640\" height=\"360\" data-src=\"https:\/\/www.youtube.com\/embed\/hILyOnGKB1I?feature=oembed\" frameborder=\"0\" allow=\"accelerometer; autoplay; clipboard-write; encrypted-media; gyroscope; picture-in-picture; web-share\" referrerpolicy=\"strict-origin-when-cross-origin\" allowfullscreen src=\"data:image\/svg+xml;base64,PHN2ZyB3aWR0aD0iMSIgaGVpZ2h0PSIxIiB4bWxucz0iaHR0cDovL3d3dy53My5vcmcvMjAwMC9zdmciPjwvc3ZnPg==\" class=\"lazyload\" data-load-mode=\"1\"><\/iframe>\n<\/div><figcaption class=\"wp-element-caption\">V\u00eddeo Nova aAlian\u00e7a, limpeza da cobertura<\/figcaption><\/figure>\n\n\n\n<div class=\"wp-block-rank-math-toc-block\" id=\"rank-math-toc\"><h2>\u00cdndice<\/h2><nav><ul><\/ul><\/nav><\/div>\n","protected":false},"excerpt":{"rendered":"<p>Confira os v\u00eddeos do nosso canal do Youtube V\u00eddeo teste de efici\u00eancia t\u00e9rmica Max Therm &#8211; 2023 Obra Marabraz &#8211; LP Bens V\u00eddeo Nova aAlian\u00e7a, limpeza da cobertura<\/p>\n","protected":false},"author":7,"featured_media":0,"parent":0,"menu_order":0,"comment_status":"closed","ping_status":"closed","template":"","meta":{"_acf_changed":false,"footnotes":""},"class_list":["post-3830","page","type-page","status-publish","hentry","entry"],"acf":[],"_links":{"self":[{"href":"https:\/\/maxpluscompany.com\/pt\/wp-json\/wp\/v2\/pages\/3830","targetHints":{"allow":["GET"]}}],"collection":[{"href":"https:\/\/maxpluscompany.com\/pt\/wp-json\/wp\/v2\/pages"}],"about":[{"href":"https:\/\/maxpluscompany.com\/pt\/wp-json\/wp\/v2\/types\/page"}],"author":[{"embeddable":true,"href":"https:\/\/maxpluscompany.com\/pt\/wp-json\/wp\/v2\/users\/7"}],"replies":[{"embeddable":true,"href":"https:\/\/maxpluscompany.com\/pt\/wp-json\/wp\/v2\/comments?post=3830"}],"version-history":[{"count":9,"href":"https:\/\/maxpluscompany.com\/pt\/wp-json\/wp\/v2\/pages\/3830\/revisions"}],"predecessor-version":[{"id":5148,"href":"https:\/\/maxpluscompany.com\/pt\/wp-json\/wp\/v2\/pages\/3830\/revisions\/5148"}],"wp:attachment":[{"href":"https:\/\/maxpluscompany.com\/pt\/wp-json\/wp\/v2\/media?parent=3830"}],"curies":[{"name":"wp","href":"https:\/\/api.w.org\/{rel}","templated":true}]}}