{"id":46,"date":"2019-09-23T12:18:14","date_gmt":"2019-09-23T15:18:14","guid":{"rendered":"http:\/\/clients.webproducer.com.br\/MaxPlus\/site\/?page_id=46"},"modified":"2026-04-10T15:14:25","modified_gmt":"2026-04-10T18:14:25","slug":"sistemas-max-plus","status":"publish","type":"page","link":"https:\/\/maxpluscompany.com\/pt\/sistemas-max-plus\/","title":{"rendered":"Sistemas"},"content":{"rendered":"\n<h2 class=\"wp-block-heading has-text-align-center has-secondary-color has-text-color\" id=\"sistemas-max-plus-company\">Sistemas Max Plus Company<\/h2>\n\n\n<div class=\"wp-block-image\">\n<figure class=\"aligncenter size-large\"><img decoding=\"async\" width=\"1167\" height=\"330\" data-src=\"https:\/\/maxpluscompany.com\/wp-content\/uploads\/2023\/03\/ArranjoCincoBaldes-png-7-1167x330.png\" alt=\"\" class=\"wp-image-3445 lazyload\" title=\"|\" data-srcset=\"https:\/\/maxpluscompany.com\/wp-content\/uploads\/2023\/03\/ArranjoCincoBaldes-png-7-1167x330.png 1167w, https:\/\/maxpluscompany.com\/wp-content\/uploads\/2023\/03\/ArranjoCincoBaldes-png-7-300x85.png 300w, https:\/\/maxpluscompany.com\/wp-content\/uploads\/2023\/03\/ArranjoCincoBaldes-png-7-768x217.png 768w, https:\/\/maxpluscompany.com\/wp-content\/uploads\/2023\/03\/ArranjoCincoBaldes-png-7-1536x434.png 1536w, https:\/\/maxpluscompany.com\/wp-content\/uploads\/2023\/03\/ArranjoCincoBaldes-png-7-1568x443.png 1568w, https:\/\/maxpluscompany.com\/wp-content\/uploads\/2023\/03\/ArranjoCincoBaldes-png-7.png 1632w\" data-sizes=\"(max-width: 1167px) 100vw, 1167px\" src=\"data:image\/svg+xml;base64,PHN2ZyB3aWR0aD0iMSIgaGVpZ2h0PSIxIiB4bWxucz0iaHR0cDovL3d3dy53My5vcmcvMjAwMC9zdmciPjwvc3ZnPg==\" style=\"--smush-placeholder-width: 1167px; --smush-placeholder-aspect-ratio: 1167\/330;\" \/><\/figure>\n<\/div>\n\n\n<h3 class=\"wp-block-heading has-text-align-center\" id=\"sistema-max-protection\">SISTEMA MAX PROTECTION<\/h3>\n\n\n\n<p class=\"has-text-align-center\" id=\"impermeabilizacao-isolamento-termico\"><strong>Impermeabiliza\u00e7\u00e3o + isolamento t\u00e9rmico<\/strong><\/p>\n\n\n\n<div class=\"wp-block-columns is-layout-flex wp-container-core-columns-is-layout-9d6595d7 wp-block-columns-is-layout-flex\">\n<div class=\"wp-block-column is-layout-flow wp-block-column-is-layout-flow\"><\/div>\n\n\n\n<div class=\"wp-block-column is-layout-flow wp-block-column-is-layout-flow\">\n<div class=\"wp-block-columns is-layout-flex wp-container-core-columns-is-layout-9d6595d7 wp-block-columns-is-layout-flex\">\n<div class=\"wp-block-column is-layout-flow wp-block-column-is-layout-flow\">\n<figure class=\"wp-block-image size-full\"><img decoding=\"async\" width=\"709\" height=\"709\" data-src=\"https:\/\/maxpluscompany.com\/wp-content\/uploads\/2023\/03\/MaxProof-11.png\" alt=\"\" class=\"wp-image-3473 lazyload\" title=\"|\" data-srcset=\"https:\/\/maxpluscompany.com\/wp-content\/uploads\/2023\/03\/MaxProof-11.png 709w, https:\/\/maxpluscompany.com\/wp-content\/uploads\/2023\/03\/MaxProof-11-300x300.png 300w, https:\/\/maxpluscompany.com\/wp-content\/uploads\/2023\/03\/MaxProof-11-150x150.png 150w\" data-sizes=\"(max-width: 709px) 100vw, 709px\" src=\"data:image\/svg+xml;base64,PHN2ZyB3aWR0aD0iMSIgaGVpZ2h0PSIxIiB4bWxucz0iaHR0cDovL3d3dy53My5vcmcvMjAwMC9zdmciPjwvc3ZnPg==\" style=\"--smush-placeholder-width: 709px; --smush-placeholder-aspect-ratio: 709\/709;\" \/><\/figure>\n<\/div>\n\n\n\n<div class=\"wp-block-column is-layout-flow wp-block-column-is-layout-flow\">\n<figure class=\"wp-block-image size-full\"><img decoding=\"async\" width=\"709\" height=\"709\" data-src=\"https:\/\/maxpluscompany.com\/wp-content\/uploads\/2023\/03\/MaxRust-6.png\" alt=\"\" class=\"wp-image-3477 lazyload\" title=\"|\" data-srcset=\"https:\/\/maxpluscompany.com\/wp-content\/uploads\/2023\/03\/MaxRust-6.png 709w, https:\/\/maxpluscompany.com\/wp-content\/uploads\/2023\/03\/MaxRust-6-300x300.png 300w, https:\/\/maxpluscompany.com\/wp-content\/uploads\/2023\/03\/MaxRust-6-150x150.png 150w\" data-sizes=\"(max-width: 709px) 100vw, 709px\" src=\"data:image\/svg+xml;base64,PHN2ZyB3aWR0aD0iMSIgaGVpZ2h0PSIxIiB4bWxucz0iaHR0cDovL3d3dy53My5vcmcvMjAwMC9zdmciPjwvc3ZnPg==\" style=\"--smush-placeholder-width: 709px; --smush-placeholder-aspect-ratio: 709\/709;\" \/><\/figure>\n<\/div>\n\n\n\n<div class=\"wp-block-column is-layout-flow wp-block-column-is-layout-flow\">\n<figure class=\"wp-block-image size-full\"><img decoding=\"async\" width=\"709\" height=\"709\" data-src=\"https:\/\/maxpluscompany.com\/wp-content\/uploads\/2023\/03\/MaxTherm-12.png\" alt=\"\" class=\"wp-image-3476 lazyload\" title=\"|\" data-srcset=\"https:\/\/maxpluscompany.com\/wp-content\/uploads\/2023\/03\/MaxTherm-12.png 709w, https:\/\/maxpluscompany.com\/wp-content\/uploads\/2023\/03\/MaxTherm-12-300x300.png 300w, https:\/\/maxpluscompany.com\/wp-content\/uploads\/2023\/03\/MaxTherm-12-150x150.png 150w\" data-sizes=\"(max-width: 709px) 100vw, 709px\" src=\"data:image\/svg+xml;base64,PHN2ZyB3aWR0aD0iMSIgaGVpZ2h0PSIxIiB4bWxucz0iaHR0cDovL3d3dy53My5vcmcvMjAwMC9zdmciPjwvc3ZnPg==\" style=\"--smush-placeholder-width: 709px; --smush-placeholder-aspect-ratio: 709\/709;\" \/><\/figure>\n<\/div>\n<\/div>\n<\/div>\n\n\n\n<div class=\"wp-block-column is-layout-flow wp-block-column-is-layout-flow\"><\/div>\n<\/div>\n\n\n<div class=\"wp-block-image\">\n<figure class=\"alignright size-full is-resized\"><img decoding=\"async\" width=\"589\" height=\"519\" data-src=\"https:\/\/maxpluscompany.com\/wp-content\/uploads\/2023\/03\/sistema-port.jpg\" alt=\"\" class=\"wp-image-3207 lazyload\" style=\"--smush-placeholder-width: 589px; --smush-placeholder-aspect-ratio: 589\/519;width:509px;height:449px\" title=\"|\" data-srcset=\"https:\/\/maxpluscompany.com\/wp-content\/uploads\/2023\/03\/sistema-port.jpg 589w, https:\/\/maxpluscompany.com\/wp-content\/uploads\/2023\/03\/sistema-port-300x264.jpg 300w\" data-sizes=\"(max-width: 589px) 100vw, 589px\" src=\"data:image\/svg+xml;base64,PHN2ZyB3aWR0aD0iMSIgaGVpZ2h0PSIxIiB4bWxucz0iaHR0cDovL3d3dy53My5vcmcvMjAwMC9zdmciPjwvc3ZnPg==\" \/><\/figure>\n<\/div>\n\n\n<p>Sistema de tratamento completo de todas as quest\u00f5es da cobertura, garantindo o isolamento t\u00e9rmico, sobre a superf\u00edcie da cobertura eliminando o choque t\u00e9rmico na cobertura, impermeabiliza\u00e7\u00e3o de todas as juntas de sobreposi\u00e7\u00e3o transversais e longitudinais e com impermeabiliza\u00e7\u00e3o e prote\u00e7\u00e3o anticorrosiva dos pontos de fixa\u00e7\u00e3o (parafusos).<\/p>\n\n\n\n<p>O sistema&nbsp;Max Protection&nbsp;de impermeabiliza\u00e7\u00e3o e isolamento t\u00e9rmico possui a mais alta tecnologia para manuten\u00e7\u00e3o e retrofit do pa\u00eds.<\/p>\n\n\n\n<p>Transforma o telhado em uma superf\u00edcie monol\u00edtica e \u00e0 prova de intemp\u00e9ries atrav\u00e9s de uma membrana l\u00edquida elastom\u00e9rica.<\/p>\n\n\n\n<p>Al\u00e9m disso, ele&nbsp;reduz a temperatura externa do telhado que em geral fica em torno de 70\u00b0C a 120\u00b0C, para temperaturas entre 32\u00b0C e 35\u00b0C.&nbsp;<\/p>\n\n\n\n<p>O sistema&nbsp;Max Protection, trata do telhado de forma completa:<\/p>\n\n\n\n<p class=\"has-text-align-left\">\u2013 Elimina todos os pontos de corros\u00e3o<\/p>\n\n\n\n<p class=\"has-text-align-left\">\u2013 Impermeabiliza todo o telhado<\/p>\n\n\n\n<p class=\"has-text-align-left\">\u2013 Isola termicamente<\/p>\n\n\n\n<p class=\"has-text-align-left\">\u2013 Elimina o choque t\u00e9rmico<\/p>\n\n\n\n<p class=\"has-text-align-left\">\u2013 Reduz custos de energia el\u00e9trica<\/p>\n\n\n\n<p class=\"has-text-align-left\">\u2013 Reduz os gastos com ar-condicionado<\/p>\n\n\n\n<p class=\"has-text-align-left\">\u2013 Livre de manuten\u00e7\u00e3o<\/p>\n\n\n\n<h3 class=\"wp-block-heading has-text-align-center\" id=\"sistema-max-cool\">SISTEMA MAX COOL<\/h3>\n\n\n\n<p class=\"has-text-align-center\" id=\"isolamento-termico-diminuicao-drastica-de-temperatura\"><strong>Isolamento t\u00e9rmico &#8211; Diminui\u00e7\u00e3o dr\u00e1stica de temperatura<\/strong><\/p>\n\n\n\n<div class=\"wp-block-columns is-layout-flex wp-container-core-columns-is-layout-9d6595d7 wp-block-columns-is-layout-flex\">\n<div class=\"wp-block-column is-layout-flow wp-block-column-is-layout-flow\">\n<div class=\"wp-block-columns is-layout-flex wp-container-core-columns-is-layout-9d6595d7 wp-block-columns-is-layout-flex\">\n<div class=\"wp-block-column is-layout-flow wp-block-column-is-layout-flow\">\n<div class=\"wp-block-columns is-layout-flex wp-container-core-columns-is-layout-9d6595d7 wp-block-columns-is-layout-flex\">\n<div class=\"wp-block-column is-layout-flow wp-block-column-is-layout-flow\"><\/div>\n\n\n\n<div class=\"wp-block-column is-layout-flow wp-block-column-is-layout-flow\">\n<div class=\"wp-block-columns is-layout-flex wp-container-core-columns-is-layout-9d6595d7 wp-block-columns-is-layout-flex\">\n<div class=\"wp-block-column is-layout-flow wp-block-column-is-layout-flow\">\n<figure class=\"wp-block-image size-full\"><img decoding=\"async\" width=\"709\" height=\"709\" data-src=\"https:\/\/maxpluscompany.com\/wp-content\/uploads\/2023\/03\/MaxTherm-2.png\" alt=\"\" class=\"wp-image-3212 lazyload\" title=\"|\" data-srcset=\"https:\/\/maxpluscompany.com\/wp-content\/uploads\/2023\/03\/MaxTherm-2.png 709w, https:\/\/maxpluscompany.com\/wp-content\/uploads\/2023\/03\/MaxTherm-2-300x300.png 300w, https:\/\/maxpluscompany.com\/wp-content\/uploads\/2023\/03\/MaxTherm-2-150x150.png 150w\" data-sizes=\"(max-width: 709px) 100vw, 709px\" src=\"data:image\/svg+xml;base64,PHN2ZyB3aWR0aD0iMSIgaGVpZ2h0PSIxIiB4bWxucz0iaHR0cDovL3d3dy53My5vcmcvMjAwMC9zdmciPjwvc3ZnPg==\" style=\"--smush-placeholder-width: 709px; --smush-placeholder-aspect-ratio: 709\/709;\" \/><\/figure>\n<\/div>\n\n\n\n<div class=\"wp-block-column is-layout-flow wp-block-column-is-layout-flow\">\n<figure class=\"wp-block-image size-full\"><img decoding=\"async\" width=\"709\" height=\"709\" data-src=\"https:\/\/maxpluscompany.com\/wp-content\/uploads\/2023\/03\/MaxProof-9.png\" alt=\"\" class=\"wp-image-3471 lazyload\" title=\"|\" data-srcset=\"https:\/\/maxpluscompany.com\/wp-content\/uploads\/2023\/03\/MaxProof-9.png 709w, https:\/\/maxpluscompany.com\/wp-content\/uploads\/2023\/03\/MaxProof-9-300x300.png 300w, https:\/\/maxpluscompany.com\/wp-content\/uploads\/2023\/03\/MaxProof-9-150x150.png 150w\" data-sizes=\"(max-width: 709px) 100vw, 709px\" src=\"data:image\/svg+xml;base64,PHN2ZyB3aWR0aD0iMSIgaGVpZ2h0PSIxIiB4bWxucz0iaHR0cDovL3d3dy53My5vcmcvMjAwMC9zdmciPjwvc3ZnPg==\" style=\"--smush-placeholder-width: 709px; --smush-placeholder-aspect-ratio: 709\/709;\" \/><\/figure>\n<\/div>\n<\/div>\n<\/div>\n\n\n\n<div class=\"wp-block-column is-layout-flow wp-block-column-is-layout-flow\"><\/div>\n<\/div>\n<\/div>\n<\/div>\n<\/div>\n<\/div>\n\n\n\n<p><\/p>\n\n\n\n<p><a href=\"https:\/\/maxpluscompany.com\/pt\/produtos-sistemas\/\"><strong>Max Cool<\/strong><\/a>&nbsp;\u00e9 o sistema de isolamento t\u00e9rmico da Max Plus para superf\u00edcies, em forma de membrana l\u00edquida 100% acr\u00edlica feito a base de \u00e1gua e cer\u00e2mica. Sua composi\u00e7\u00e3o proporciona alta refletividade, alta emissividade, baixa absor\u00e7\u00e3o de calor, baixa condutividade t\u00e9rmica, alta elasticidade e alta resist\u00eancia \u00e0s intemp\u00e9ries. Utilizando a mesma tecnologia da&nbsp;<a href=\"https:\/\/www.nasa.gov\/\" target=\"_blank\" rel=\"noopener\">NASA<\/a>&nbsp;em seus ve\u00edculos espaciais, o sistema Max Cool garante a m\u00e1xima qualidade e efici\u00eancia para o isolamento t\u00e9rmico dos ambientes.&nbsp;<\/p>\n\n\n\n<p>Seu objetivo \u00e9 eliminar o choque t\u00e9rmico, reduzir a temperatura interna do ambiente, proporcionar conforto t\u00e9rmico e <strong>economizar energia<\/strong>.&nbsp;<\/p>\n\n\n\n<p>O sistema Max Cool, ir\u00e1 reduzir a temperatura do telhado em 75%, diminuindo a temperatura interna do ambiente em at\u00e9 15\u00b0C.&nbsp;<\/p>\n\n\n\n<p>E tem mais! Atrav\u00e9s da queda dr\u00e1stica do calor no ambiente interno, <strong>nosso sistema \u00e9 capaz de promover uma economia em torno de 40% na conta de energia el\u00e9trica<\/strong> pois evita a necessidade de que os aparelhos refrigeradores funcionem na m\u00e1xima pot\u00eancia.<\/p>\n\n\n\n<p>Com Max Cool voc\u00ea tem a seguran\u00e7a de um isolamento t\u00e9rmico de alta qualidade, eliminando o choque t\u00e9rmico da superf\u00edcie, e prolongando a necessidade de manuten\u00e7\u00f5es.&nbsp;<\/p>\n\n\n\n<p>Para sua total efici\u00eancia e durabilidade, tratamento anti-corrosivo, reaperto e impermeabiliza\u00e7\u00e3o de todos os parafusos tamb\u00e9m fazem parte desse sistema.&nbsp;<\/p>\n\n\n\n<p>Diante de todos estes&nbsp;benef\u00edcios, n\u00e3o h\u00e1 como negar que o Max Cool \u00e9 a melhor op\u00e7\u00e3o em sistemas de isolamento t\u00e9rmico do mercado. S\u00e3o utilizados produtos que oferecem qualidade testada pelo IPT (Instituto de Pesquisas Tecnol\u00f3gicas) e garantia de durabilidade.<\/p>\n\n\n\n<p>Vale destacar algumas caracter\u00edsticas importantes ao adquirir o sistema Max Cool. <\/p>\n\n\n\n<p>S\u00e3o elas: &nbsp; &nbsp;<\/p>\n\n\n\n<p>&#8211;  Utiliza\u00e7\u00e3o em todo tipo de substrato<\/p>\n\n\n\n<p>&nbsp;&#8211;  N\u00e3o exige que as atividades internas sejam interrompidas durante a aplica\u00e7\u00e3o&nbsp;<\/p>\n\n\n\n<p>&#8211; N\u00e3o exige manuten\u00e7\u00e3o<\/p>\n\n\n\n<p>&#8211; Produto a base \u00e1gua, n\u00e3o propaga chamas e ecologicamente sustent\u00e1vel<\/p>\n\n\n\n<p><\/p>\n\n\n<div class=\"wp-block-image\">\n<figure class=\"aligncenter size-full\"><img decoding=\"async\" width=\"1167\" height=\"655\" data-src=\"https:\/\/maxpluscompany.com\/wp-content\/uploads\/2023\/03\/telhado-branco-1.png\" alt=\"\" class=\"wp-image-3228 lazyload\" title=\"|\" data-srcset=\"https:\/\/maxpluscompany.com\/wp-content\/uploads\/2023\/03\/telhado-branco-1.png 1167w, https:\/\/maxpluscompany.com\/wp-content\/uploads\/2023\/03\/telhado-branco-1-300x168.png 300w, https:\/\/maxpluscompany.com\/wp-content\/uploads\/2023\/03\/telhado-branco-1-768x431.png 768w\" data-sizes=\"(max-width: 1167px) 100vw, 1167px\" src=\"data:image\/svg+xml;base64,PHN2ZyB3aWR0aD0iMSIgaGVpZ2h0PSIxIiB4bWxucz0iaHR0cDovL3d3dy53My5vcmcvMjAwMC9zdmciPjwvc3ZnPg==\" style=\"--smush-placeholder-width: 1167px; --smush-placeholder-aspect-ratio: 1167\/655;\" \/><figcaption class=\"wp-element-caption\">Obra Marabraz<\/figcaption><\/figure>\n<\/div>\n\n\n<p class=\"has-text-align-center\">Confira mais obras com sistemas da Max Plus<\/p>\n\n\n\n<p id=\"durabilidade\"><strong>Durabilidade<\/strong><\/p>\n\n\n\n<p>Os sistemas oferecidos pela Max Plus proporcionam um tratamento completo para todo tipo de&nbsp;<strong>telhados industriais, galp\u00f5es, centros de distribui\u00e7\u00e3o, containers e centros log\u00edsticos<\/strong>. Nossa linha \u00e9 capaz de&nbsp;<strong>resolver todos os problemas<\/strong>&nbsp;existentes em sua cobertura.<\/p>\n\n\n\n<p>A garantia oferecida nos 2 sistemas \u00e9 de 10 e 15 anos, renov\u00e1veis. Nesse per\u00edodo garantimos a estanqueidade de goteiras, vazamentos, infiltra\u00e7\u00f5es e redu\u00e7\u00e3o de calor, proporcionando conforto t\u00e9rmico ao ambiente e aos colaboradores.<\/p>\n\n\n\n<p>Ap\u00f3s o per\u00edodo de garantia, para manter a efici\u00eancia e efic\u00e1cia do sistema, \u00e9 feito apenas a lavagem dos telhados industriais apenas com \u00e1gua em press\u00e3o;<\/p>\n\n\n<div class=\"wp-block-image\">\n<figure class=\"aligncenter size-full\"><img decoding=\"async\" width=\"645\" height=\"247\" data-src=\"https:\/\/maxpluscompany.com\/wp-content\/uploads\/2023\/03\/image-12.png\" alt=\"\" class=\"wp-image-3227 lazyload\" title=\"|\" data-srcset=\"https:\/\/maxpluscompany.com\/wp-content\/uploads\/2023\/03\/image-12.png 645w, https:\/\/maxpluscompany.com\/wp-content\/uploads\/2023\/03\/image-12-300x115.png 300w\" data-sizes=\"(max-width: 645px) 100vw, 645px\" src=\"data:image\/svg+xml;base64,PHN2ZyB3aWR0aD0iMSIgaGVpZ2h0PSIxIiB4bWxucz0iaHR0cDovL3d3dy53My5vcmcvMjAwMC9zdmciPjwvc3ZnPg==\" style=\"--smush-placeholder-width: 645px; --smush-placeholder-aspect-ratio: 645\/247;\" \/><\/figure>\n<\/div>\n\n\n<div class=\"wp-block-columns is-layout-flex wp-container-core-columns-is-layout-9d6595d7 wp-block-columns-is-layout-flex\">\n<div class=\"wp-block-column is-layout-flow wp-block-column-is-layout-flow\" style=\"flex-basis:50%\">\n<div class=\"wp-block-columns is-layout-flex wp-container-core-columns-is-layout-9d6595d7 wp-block-columns-is-layout-flex\">\n<div class=\"wp-block-column is-layout-flow wp-block-column-is-layout-flow\">\n<div class=\"wp-block-columns is-layout-flex wp-container-core-columns-is-layout-9d6595d7 wp-block-columns-is-layout-flex\">\n<div class=\"wp-block-column is-layout-flow wp-block-column-is-layout-flow\"><\/div>\n\n\n\n<div class=\"wp-block-column is-layout-flow wp-block-column-is-layout-flow\"><\/div>\n<\/div>\n<\/div>\n\n\n\n<div class=\"wp-block-column is-layout-flow wp-block-column-is-layout-flow\"><\/div>\n\n\n\n<div class=\"wp-block-column is-layout-flow wp-block-column-is-layout-flow\">\n<div class=\"wp-block-columns is-layout-flex wp-container-core-columns-is-layout-9d6595d7 wp-block-columns-is-layout-flex\">\n<div class=\"wp-block-column is-layout-flow wp-block-column-is-layout-flow\"><\/div>\n\n\n\n<div class=\"wp-block-column is-layout-flow wp-block-column-is-layout-flow\"><\/div>\n<\/div>\n<\/div>\n<\/div>\n<\/div>\n\n\n\n<div class=\"wp-block-column is-layout-flow wp-block-column-is-layout-flow\" style=\"flex-basis:50%\"><\/div>\n<\/div>\n\n\n\n<p class=\"has-text-align-center\" id=\"abaixo-veja-o-comparativo-do-sistema-de-isolamento-termico-max-cool-x-demais-sistemas-do-mercado\"><strong>Abaixo, veja o <a href=\"https:\/\/maxpluscompany.com\/pt\/tipos-de-isolamento-termico-para-telhados\/\">comparativo<\/a> do sistema de isolamento t\u00e9rmico Max Cool x Demais sistemas do mercado:&nbsp;<\/strong><\/p>\n\n\n\n<p class=\"has-text-align-center\"><strong>Sistema TPO<\/strong><\/p>\n\n\n<div class=\"wp-block-image\">\n<figure class=\"aligncenter is-resized\"><img decoding=\"async\" data-src=\"https:\/\/maxpluscompany.com\/wp-content\/uploads\/2022\/07\/membrana-tpo.png\" alt=\"membrana TPO\" style=\"--smush-placeholder-width: 535px; --smush-placeholder-aspect-ratio: 535\/389;width:308px;height:224px\" title=\"|\" src=\"data:image\/svg+xml;base64,PHN2ZyB3aWR0aD0iMSIgaGVpZ2h0PSIxIiB4bWxucz0iaHR0cDovL3d3dy53My5vcmcvMjAwMC9zdmciPjwvc3ZnPg==\" class=\"lazyload\"><\/figure>\n<\/div>\n\n\n<p class=\"has-text-align-center\">Em compara\u00e7\u00e3o ao sistema Max Cool a manta TPO:<\/p>\n\n\n\n<ul class=\"wp-block-list\">\n<li>N\u00e3o oferece prote\u00e7\u00e3o aos parafusos;<\/li>\n\n\n\n<li>Tem reflexividade de 70%, enquanto o Max Cool oferece 90% no mesmo quesito;<\/li>\n\n\n\n<li>\u00c9 mais utilizado em coberturas novas, pois compreende uma instala\u00e7\u00e3o diferenciada das telhas;<\/li>\n\n\n\n<li>Alto custo, pois \u00e9 importada.<\/li>\n<\/ul>\n\n\n\n<p class=\"has-text-align-center\"><strong>Manta Asf\u00e1ltica Aluminizada&nbsp;<\/strong><\/p>\n\n\n<div class=\"wp-block-image\">\n<figure class=\"aligncenter is-resized\"><img decoding=\"async\" data-src=\"https:\/\/maxpluscompany.com\/wp-content\/uploads\/2022\/07\/manta-asfaltica-aluminizada.png\" alt=\"manta asf\u00e1ltica aluminizada\" style=\"--smush-placeholder-width: 535px; --smush-placeholder-aspect-ratio: 535\/396;width:307px;height:227px\" title=\"|\" src=\"data:image\/svg+xml;base64,PHN2ZyB3aWR0aD0iMSIgaGVpZ2h0PSIxIiB4bWxucz0iaHR0cDovL3d3dy53My5vcmcvMjAwMC9zdmciPjwvc3ZnPg==\" class=\"lazyload\"><\/figure>\n<\/div>\n\n\n<p class=\"has-text-align-center\">Em compara\u00e7\u00e3o ao sistema Max Cool, a manta asf\u00e1ltica:<\/p>\n\n\n\n<ul class=\"wp-block-list\">\n<li>N\u00e3o garante efici\u00eancia energ\u00e9tica;<\/li>\n\n\n\n<li>Impermeabiliza e transforma a cobertura em bloco apenas temporariamente;<\/li>\n\n\n\n<li>N\u00e3o protege contra corros\u00e3o;&nbsp;<\/li>\n\n\n\n<li>N\u00e3o indicado para telhados met\u00e1licos;&nbsp;<\/li>\n\n\n\n<li>Cont\u00e9m material betuminoso, promovendo r\u00e1pida corros\u00e3o nas telhas met\u00e1licas;<\/li>\n\n\n\n<li>Muito pesado, pode comprometer a estrutura;<\/li>\n\n\n\n<li>N\u00e3o elimina o choque t\u00e9rmico;<\/li>\n\n\n\n<li>N\u00e3o possui propriedade t\u00e9rmica;<\/li>\n\n\n\n<li>N\u00e3o \u00e9 sustent\u00e1vel (precisa de fogo para instala\u00e7\u00e3o);<\/li>\n\n\n\n<li>N\u00e3o elimina vazamentos;<\/li>\n\n\n\n<li>Altamente inflam\u00e1vel.<\/li>\n<\/ul>\n\n\n\n<p class=\"has-text-align-center\"><strong>Sistema<\/strong> <strong>Facefelt<\/strong><\/p>\n\n\n<div class=\"wp-block-image\">\n<figure class=\"aligncenter is-resized\"><img decoding=\"async\" data-src=\"https:\/\/maxpluscompany.com\/wp-content\/uploads\/2022\/07\/facefelt.png\" alt=\"Facefelt\" style=\"--smush-placeholder-width: 535px; --smush-placeholder-aspect-ratio: 535\/380;width:307px;height:218px\" title=\"|\" src=\"data:image\/svg+xml;base64,PHN2ZyB3aWR0aD0iMSIgaGVpZ2h0PSIxIiB4bWxucz0iaHR0cDovL3d3dy53My5vcmcvMjAwMC9zdmciPjwvc3ZnPg==\" class=\"lazyload\"><\/figure>\n<\/div>\n\n\n<p class=\"has-text-align-center\">Em compara\u00e7\u00e3o ao sistema Max Cool, o Face felt:<\/p>\n\n\n\n<ul class=\"wp-block-list\">\n<li>N\u00e3o reflete o raio solar;<\/li>\n\n\n\n<li>N\u00e3o elimina o choque t\u00e9rmico;<\/li>\n\n\n\n<li>Demanda plataforma;<\/li>\n\n\n\n<li>Instala\u00e7\u00e3o lenta;<\/li>\n\n\n\n<li>Tecnologia defasada; Em inc\u00eandios, quanto atinge altas temperaturas, derrete formando pingos em gotas de vidro incandescente, aos poucos sendo substitu\u00edda por l\u00e3 de rocha.<\/li>\n\n\n\n<li>Dificulta a localiza\u00e7\u00e3o dos vazamentos;<\/li>\n<\/ul>\n\n\n\n<p class=\"has-text-align-center\"><strong>Sistema<\/strong> <strong>Poliuretano Aspergido<\/strong><\/p>\n\n\n<div class=\"wp-block-image\">\n<figure class=\"aligncenter is-resized\"><img decoding=\"async\" data-src=\"https:\/\/maxpluscompany.com\/wp-content\/uploads\/2022\/07\/poliuretano-aspergido.png\" alt=\"Poliuretano Aspergido\" style=\"--smush-placeholder-width: 535px; --smush-placeholder-aspect-ratio: 535\/401;width:314px;height:235px\" title=\"|\" src=\"data:image\/svg+xml;base64,PHN2ZyB3aWR0aD0iMSIgaGVpZ2h0PSIxIiB4bWxucz0iaHR0cDovL3d3dy53My5vcmcvMjAwMC9zdmciPjwvc3ZnPg==\" class=\"lazyload\"><\/figure>\n<\/div>\n\n\n<p class=\"has-text-align-center\">Em compara\u00e7\u00e3o ao sistema Max Cool, o PU:<\/p>\n\n\n\n<ul class=\"wp-block-list\">\n<li>N\u00e3o garante alta efici\u00eancia t\u00e9rmica;<\/li>\n\n\n\n<li>N\u00e3o refaz fixa\u00e7\u00e3o, impermeabiliza e protege os parafusos;<\/li>\n\n\n\n<li>N\u00e3o protege contra a corros\u00e3o;<\/li>\n\n\n\n<li>Tem garantia reduzida, 5 anos;&nbsp;<\/li>\n<\/ul>\n\n\n<div class=\"wp-block-image\">\n<figure class=\"aligncenter\"><img decoding=\"async\" data-src=\"https:\/\/maxpluscompany.com\/wp-content\/uploads\/2022\/10\/baldes-ilustrativos-juntos.jpg\" alt=\"Balde dos produtos Max Plus Company\" title=\"|\" src=\"data:image\/svg+xml;base64,PHN2ZyB3aWR0aD0iMSIgaGVpZ2h0PSIxIiB4bWxucz0iaHR0cDovL3d3dy53My5vcmcvMjAwMC9zdmciPjwvc3ZnPg==\" class=\"lazyload\" style=\"--smush-placeholder-width: 1025px; --smush-placeholder-aspect-ratio: 1025\/310;\"><\/figure>\n<\/div>\n\n\n<div class=\"wp-block-rank-math-toc-block\" id=\"rank-math-toc\"><h2>\u00cdndice<\/h2><nav><ul><li><a href=\"#sistemas-max-plus-company\">Sistemas Max Plus Company<\/a><ul><li><a href=\"#sistema-max-protection\">SISTEMA MAX PROTECTION<\/a><\/li><li><a href=\"#sistema-max-cool\">SISTEMA MAX COOL<\/a><\/li><\/ul><\/li><\/ul><\/nav><\/div>\n","protected":false},"excerpt":{"rendered":"<p>Sistemas Max Plus Company SISTEMA MAX PROTECTION Impermeabiliza\u00e7\u00e3o + isolamento t\u00e9rmico Sistema de tratamento completo de todas as quest\u00f5es da cobertura, garantindo o isolamento t\u00e9rmico, sobre a superf\u00edcie da cobertura eliminando o choque t\u00e9rmico na cobertura, impermeabiliza\u00e7\u00e3o de todas as juntas de sobreposi\u00e7\u00e3o transversais e longitudinais e com impermeabiliza\u00e7\u00e3o e prote\u00e7\u00e3o anticorrosiva dos pontos de [&hellip;]<\/p>\n","protected":false},"author":7,"featured_media":0,"parent":0,"menu_order":0,"comment_status":"closed","ping_status":"closed","template":"","meta":{"_acf_changed":false,"footnotes":""},"class_list":["post-46","page","type-page","status-publish","hentry","entry"],"acf":[],"_links":{"self":[{"href":"https:\/\/maxpluscompany.com\/pt\/wp-json\/wp\/v2\/pages\/46","targetHints":{"allow":["GET"]}}],"collection":[{"href":"https:\/\/maxpluscompany.com\/pt\/wp-json\/wp\/v2\/pages"}],"about":[{"href":"https:\/\/maxpluscompany.com\/pt\/wp-json\/wp\/v2\/types\/page"}],"author":[{"embeddable":true,"href":"https:\/\/maxpluscompany.com\/pt\/wp-json\/wp\/v2\/users\/7"}],"replies":[{"embeddable":true,"href":"https:\/\/maxpluscompany.com\/pt\/wp-json\/wp\/v2\/comments?post=46"}],"version-history":[{"count":14,"href":"https:\/\/maxpluscompany.com\/pt\/wp-json\/wp\/v2\/pages\/46\/revisions"}],"predecessor-version":[{"id":5136,"href":"https:\/\/maxpluscompany.com\/pt\/wp-json\/wp\/v2\/pages\/46\/revisions\/5136"}],"wp:attachment":[{"href":"https:\/\/maxpluscompany.com\/pt\/wp-json\/wp\/v2\/media?parent=46"}],"curies":[{"name":"wp","href":"https:\/\/api.w.org\/{rel}","templated":true}]}}