{"id":5,"date":"2019-09-20T15:19:03","date_gmt":"2019-09-20T18:19:03","guid":{"rendered":"http:\/\/clients.webproducer.com.br\/MaxPlus\/site\/?page_id=5"},"modified":"2026-04-06T10:15:09","modified_gmt":"2026-04-06T13:15:09","slug":"contato","status":"publish","type":"page","link":"https:\/\/maxpluscompany.com\/pt\/contato\/","title":{"rendered":"Contato"},"content":{"rendered":"\n<h2 class=\"wp-block-heading\"><\/h2>\n\n\n<div class=\"wp-block-image\">\n<figure class=\"aligncenter size-full\"><img decoding=\"async\" width=\"197\" height=\"256\" data-src=\"https:\/\/maxpluscompany.com\/wp-content\/uploads\/2023\/03\/contato.jpg\" alt=\"\" class=\"wp-image-3245 lazyload\" title=\"|\" src=\"data:image\/svg+xml;base64,PHN2ZyB3aWR0aD0iMSIgaGVpZ2h0PSIxIiB4bWxucz0iaHR0cDovL3d3dy53My5vcmcvMjAwMC9zdmciPjwvc3ZnPg==\" style=\"--smush-placeholder-width: 197px; --smush-placeholder-aspect-ratio: 197\/256;\"><\/figure>\n<\/div>\n\n\n<p><\/p>\n\n\n\n<h2 class=\"wp-block-heading has-text-align-center\">Envie sua mensagem para nossos especialistas , e logo entraremos em contato.<\/h2>\n\n\n\n<p>D\u00favidas, sugest\u00f5es, or\u00e7amentos e <a href=\"https:\/\/maxpluscompany.com\/pt\/obras-max-plus-company-in-brazil\/\">depoimentos<\/a>.<\/p>\n\n\n\n<p>Caso prefira o contato atrav\u00e9s de Whatsapp <a href=\"https:\/\/api.whatsapp.com\/send?phone=5511999439114&amp;text=Ol%C3%A1!\" target=\"_blank\" rel=\"noopener\">clique aqui<\/a>.<\/p>\n\n\n\n<div class=\"wpcf7 no-js\" id=\"wpcf7-f4545-o1\" lang=\"pt-BR\" dir=\"ltr\" data-wpcf7-id=\"4545\">\n<div class=\"screen-reader-response\"><p role=\"status\" aria-live=\"polite\" aria-atomic=\"true\"><\/p> <ul><\/ul><\/div>\n<form action=\"\/pt\/wp-json\/wp\/v2\/pages\/5#wpcf7-f4545-o1\" method=\"post\" class=\"wpcf7-form init\" aria-label=\"Formul\u00e1rios de contato\" novalidate=\"novalidate\" data-status=\"init\">\n<fieldset class=\"hidden-fields-container\"><input type=\"hidden\" name=\"_wpcf7\" value=\"4545\" \/><input type=\"hidden\" name=\"_wpcf7_version\" value=\"6.1.5\" \/><input type=\"hidden\" name=\"_wpcf7_locale\" value=\"pt_BR\" \/><input type=\"hidden\" name=\"_wpcf7_unit_tag\" value=\"wpcf7-f4545-o1\" \/><input type=\"hidden\" name=\"_wpcf7_container_post\" value=\"0\" \/><input type=\"hidden\" name=\"_wpcf7_posted_data_hash\" value=\"\" \/><input type=\"hidden\" name=\"lang\" value=\"pt\" \/>\n<\/fieldset>\n<div class=\"row\">\n\t<div class=\"col-sm-12\">\n\t\t<p><span class=\"wpcf7-form-control-wrap\" data-name=\"your-name\"><input size=\"40\" maxlength=\"400\" class=\"wpcf7-form-control wpcf7-text wpcf7-validates-as-required\" aria-required=\"true\" aria-invalid=\"false\" placeholder=\"Nome\" value=\"\" type=\"text\" name=\"your-name\" \/><\/span>\n\t\t<\/p>\n\t<\/div>\n<\/div>\n<div class=\"row\">\n\t<div class=\"col-sm-12\">\n\t\t<p><span class=\"wpcf7-form-control-wrap\" data-name=\"empresa\"><input size=\"40\" maxlength=\"400\" class=\"wpcf7-form-control wpcf7-text wpcf7-validates-as-required\" aria-required=\"true\" aria-invalid=\"false\" placeholder=\"Empresa\" value=\"\" type=\"text\" name=\"empresa\" \/><\/span>\n\t\t<\/p>\n\t<\/div>\n<\/div>\n<div class=\"row\">\n\t<div class=\"col-sm-12\">\n\t\t<p><span class=\"wpcf7-form-control-wrap\" data-name=\"your-email\"><input size=\"40\" maxlength=\"400\" class=\"wpcf7-form-control wpcf7-email wpcf7-validates-as-required wpcf7-text wpcf7-validates-as-email\" aria-required=\"true\" aria-invalid=\"false\" placeholder=\"E-mail\" value=\"\" type=\"email\" name=\"your-email\" \/><\/span>\n\t\t<\/p>\n\t<\/div>\n<\/div>\n<div class=\"row\">\n\t<div class=\"col-sm-2 col-md-3 col-xl-2\">\n\t\t<p><span class=\"wpcf7-form-control-wrap\" data-name=\"ddd\"><input size=\"40\" maxlength=\"2\" minlength=\"2\" class=\"wpcf7-form-control wpcf7-text wpcf7-validates-as-required\" aria-required=\"true\" aria-invalid=\"false\" placeholder=\"DDD\" value=\"\" type=\"text\" name=\"ddd\" \/><\/span>\n\t\t<\/p>\n\t<\/div>\n\t<div class=\"col-sm-10 col-md-9 col-xl-10\">\n\t\t<p><span class=\"wpcf7-form-control-wrap\" data-name=\"telefone\"><input size=\"40\" maxlength=\"9\" minlength=\"9\" class=\"wpcf7-form-control wpcf7-text wpcf7-validates-as-required\" aria-required=\"true\" aria-invalid=\"false\" placeholder=\"Telefone\" value=\"\" type=\"text\" name=\"telefone\" \/><\/span>\n\t\t<\/p>\n\t<\/div>\n<\/div>\n<div class=\"row\">\n\t<div class=\"col-sm-12\">\n\t\t<p><span class=\"wpcf7-form-control-wrap\" data-name=\"como-conheceu\"><select class=\"wpcf7-form-control wpcf7-select wpcf7-validates-as-required\" aria-required=\"true\" aria-invalid=\"false\" name=\"como-conheceu\"><option value=\"Como nos conheceu\">Como nos conheceu<\/option><option value=\"Google\">Google<\/option><option value=\"Facebook\">Facebook<\/option><option value=\"Indica\u00e7\u00e3o\">Indica\u00e7\u00e3o<\/option><option value=\"Outros\">Outros<\/option><\/select><\/span>\n\t\t<\/p>\n\t<\/div>\n<\/div>\n<div class=\"row\">\n\t<div class=\"col-sm-12\">\n\t\t<p><span class=\"wpcf7-form-control-wrap\" data-name=\"your-message\"><textarea cols=\"40\" rows=\"10\" maxlength=\"2000\" class=\"wpcf7-form-control wpcf7-textarea wpcf7-validates-as-required\" aria-required=\"true\" aria-invalid=\"false\" placeholder=\"Mensagem\" name=\"your-message\"><\/textarea><\/span>\n\t\t<\/p>\n\t<\/div>\n<\/div>\n<div class=\"row\">\n\t<div class=\"col-sm-12 button-alignment\">\n\t\t<p><input class=\"wpcf7-form-control wpcf7-submit has-spinner\" type=\"submit\" value=\"Enviar\" \/>\n\t\t<\/p>\n\t<\/div>\n<\/div><div class=\"wpcf7-response-output\" aria-hidden=\"true\"><\/div>\n<\/form>\n<\/div>\n\n\n\n<div class=\"wp-block-image\">\n<figure class=\"aligncenter size-full\"><img decoding=\"async\" width=\"616\" height=\"225\" data-src=\"https:\/\/maxpluscompany.com\/wp-content\/uploads\/2023\/03\/contato-garantia.jpg\" alt=\"\" class=\"wp-image-3409 lazyload\" title=\"|\" data-srcset=\"https:\/\/maxpluscompany.com\/wp-content\/uploads\/2023\/03\/contato-garantia.jpg 616w, https:\/\/maxpluscompany.com\/wp-content\/uploads\/2023\/03\/contato-garantia-300x110.jpg 300w\" data-sizes=\"(max-width: 616px) 100vw, 616px\" src=\"data:image\/svg+xml;base64,PHN2ZyB3aWR0aD0iMSIgaGVpZ2h0PSIxIiB4bWxucz0iaHR0cDovL3d3dy53My5vcmcvMjAwMC9zdmciPjwvc3ZnPg==\" style=\"--smush-placeholder-width: 616px; --smush-placeholder-aspect-ratio: 616\/225;\" \/><\/figure>\n<\/div>\n\n\n<p><a href=\"https:\/\/maxpluscompany.com\/pt\/obras-max-plus-company-in-brazil\/\">Confira mais obras com sistemas da Max Plus<\/a><\/p>\n\n\n\n<h3 class=\"wp-block-heading\"><strong>Durabilidade<\/strong><\/h3>\n\n\n\n<p>Os sistemas oferecidos pela Max Plus proporcionam um tratamento completo para todo tipo de&nbsp;<strong>telhados industriais, galp\u00f5es, centros de distribui\u00e7\u00e3o, containers e centros log\u00edsticos<\/strong>. Nossa linha \u00e9 capaz de&nbsp;<strong>resolver todos os problemas<\/strong>&nbsp;existentes em sua cobertura.<\/p>\n\n\n\n<p>A garantia oferecida nos 2 sistemas \u00e9 de 10 e 15 anos, renov\u00e1veis. Nesse per\u00edodo garantimos a estanqueidade de goteiras, vazamentos, infiltra\u00e7\u00f5es e redu\u00e7\u00e3o de calor, proporcionando conforto t\u00e9rmico ao ambiente e aos colaboradores.<\/p>\n\n\n\n<p>Ap\u00f3s o per\u00edodo de garantia, para manter a efici\u00eancia e efic\u00e1cia do sistema, \u00e9 feito apenas a lavagem dos telhados industriais apenas com \u00e1gua em press\u00e3o;<\/p>\n\n\n<div class=\"wp-block-image\">\n<figure class=\"aligncenter size-full\"><img decoding=\"async\" width=\"1167\" height=\"656\" data-src=\"https:\/\/maxpluscompany.com\/wp-content\/uploads\/2023\/03\/contato-foto.png\" alt=\"\" class=\"wp-image-3408 lazyload\" title=\"|\" data-srcset=\"https:\/\/maxpluscompany.com\/wp-content\/uploads\/2023\/03\/contato-foto.png 1167w, https:\/\/maxpluscompany.com\/wp-content\/uploads\/2023\/03\/contato-foto-300x169.png 300w, https:\/\/maxpluscompany.com\/wp-content\/uploads\/2023\/03\/contato-foto-768x432.png 768w\" data-sizes=\"(max-width: 1167px) 100vw, 1167px\" src=\"data:image\/svg+xml;base64,PHN2ZyB3aWR0aD0iMSIgaGVpZ2h0PSIxIiB4bWxucz0iaHR0cDovL3d3dy53My5vcmcvMjAwMC9zdmciPjwvc3ZnPg==\" style=\"--smush-placeholder-width: 1167px; --smush-placeholder-aspect-ratio: 1167\/656;\" \/><figcaption class=\"wp-element-caption\">Obra <a href=\"https:\/\/www.schaeffler.com.br\/pt\/\" target=\"_blank\" rel=\"noopener\">Schaeffler<\/a><\/figcaption><\/figure>\n<\/div>\n\n\n<p class=\"has-text-align-center\">Entre em contato <a href=\"https:\/\/api.whatsapp.com\/send?phone=5511999439114&amp;text=Ol%C3%A1!\" target=\"_blank\" rel=\"noopener\">agora<\/a> e agende uma demonstra\u00e7\u00e3o. <\/p>\n","protected":false},"excerpt":{"rendered":"<p>Envie sua mensagem para nossos especialistas , e logo entraremos em contato. D\u00favidas, sugest\u00f5es, or\u00e7amentos e depoimentos. Caso prefira o contato atrav\u00e9s de Whatsapp clique aqui. Confira mais obras com sistemas da Max Plus Durabilidade Os sistemas oferecidos pela Max Plus proporcionam um tratamento completo para todo tipo de&nbsp;telhados industriais, galp\u00f5es, centros de distribui\u00e7\u00e3o, containers [&hellip;]<\/p>\n","protected":false},"author":7,"featured_media":0,"parent":0,"menu_order":0,"comment_status":"closed","ping_status":"closed","template":"","meta":{"_acf_changed":false,"footnotes":""},"class_list":["post-5","page","type-page","status-publish","hentry","entry"],"acf":[],"_links":{"self":[{"href":"https:\/\/maxpluscompany.com\/pt\/wp-json\/wp\/v2\/pages\/5","targetHints":{"allow":["GET"]}}],"collection":[{"href":"https:\/\/maxpluscompany.com\/pt\/wp-json\/wp\/v2\/pages"}],"about":[{"href":"https:\/\/maxpluscompany.com\/pt\/wp-json\/wp\/v2\/types\/page"}],"author":[{"embeddable":true,"href":"https:\/\/maxpluscompany.com\/pt\/wp-json\/wp\/v2\/users\/7"}],"replies":[{"embeddable":true,"href":"https:\/\/maxpluscompany.com\/pt\/wp-json\/wp\/v2\/comments?post=5"}],"version-history":[{"count":0,"href":"https:\/\/maxpluscompany.com\/pt\/wp-json\/wp\/v2\/pages\/5\/revisions"}],"wp:attachment":[{"href":"https:\/\/maxpluscompany.com\/pt\/wp-json\/wp\/v2\/media?parent=5"}],"curies":[{"name":"wp","href":"https:\/\/api.w.org\/{rel}","templated":true}]}}