{"id":53,"date":"2019-09-23T13:08:33","date_gmt":"2019-09-23T16:08:33","guid":{"rendered":"http:\/\/clients.webproducer.com.br\/MaxPlus\/site\/?page_id=53"},"modified":"2026-04-13T15:47:47","modified_gmt":"2026-04-13T18:47:47","slug":"garantia-dos-sistemas","status":"publish","type":"page","link":"https:\/\/maxpluscompany.com\/pt\/garantia-dos-sistemas\/","title":{"rendered":"Garantia"},"content":{"rendered":"<div class=\"wp-block-image\">\n<figure class=\"aligncenter size-full\"><img decoding=\"async\" width=\"616\" height=\"225\" data-src=\"https:\/\/maxpluscompany.com\/wp-content\/uploads\/2023\/03\/garantia-duas.jpg\" alt=\"\" class=\"wp-image-3289 lazyload\" title=\"|\" data-srcset=\"https:\/\/maxpluscompany.com\/wp-content\/uploads\/2023\/03\/garantia-duas.jpg 616w, https:\/\/maxpluscompany.com\/wp-content\/uploads\/2023\/03\/garantia-duas-300x110.jpg 300w\" data-sizes=\"(max-width: 616px) 100vw, 616px\" src=\"data:image\/svg+xml;base64,PHN2ZyB3aWR0aD0iMSIgaGVpZ2h0PSIxIiB4bWxucz0iaHR0cDovL3d3dy53My5vcmcvMjAwMC9zdmciPjwvc3ZnPg==\" style=\"--smush-placeholder-width: 616px; --smush-placeholder-aspect-ratio: 616\/225;\" \/><\/figure>\n<\/div>\n\n\n<h1 class=\"wp-block-heading has-text-align-center has-secondary-color has-text-color\">A maior garantia comprovada do Brasil!<\/h1>\n\n\n\n<h2 class=\"wp-block-heading has-text-align-center has-normal-font-size\">Produtos e sistemas com a qualidade <strong>Max Plus<\/strong>, aplicados de acordo com as especifica\u00e7\u00f5es por aplicadores autorizados, resulta no\u00a0 melhor programa de garantia da ind\u00fastria brasileira.<\/h2>\n\n\n\n<p class=\"has-text-align-center\">A Max Plus proteger\u00e1 seu investimento com o produto apropriado e com a garantia dos sistemas.<\/p>\n\n\n\n<p class=\"has-text-align-center\">A garantia dos produtos \u00e9 de 10 anos contra qualquer defeito de fabrica\u00e7\u00e3o e \u00e9 oferecida diretamente pela&nbsp;<strong>Max Plus<\/strong>.<\/p>\n\n\n\n<p class=\"has-text-align-center\">A&nbsp;<strong>garantia renov\u00e1vel dos sistemas<\/strong>&nbsp;para material e m\u00e3o de obra, para qualquer sistema de recupera\u00e7\u00e3o Max Plus&nbsp;\u00e9 de 10 ou 15 anos quando aplicado por aplicador certificado seguindo precisamente as especifica\u00e7\u00f5es para os produtos a aplica\u00e7\u00e3o.<\/p>\n\n\n\n<p class=\"has-text-align-center\">Geralmente a renova\u00e7\u00e3o da garantia que acontece a cada 10 ou 15 anos dos sistemas de recupera\u00e7\u00e3o para telhados Max Plus, \u00e9 feita por um pre\u00e7o muito abaixo do investimento inicial.<\/p>\n\n\n\n<p class=\"has-text-align-center\">Isto faz com que os sistemas de recupera\u00e7\u00e3o\u00a0<strong>Max Plus<\/strong>\u00a0para telhados sejam verdadeiramente sustent\u00e1veis pela diminui\u00e7\u00e3o do investimento ao longo do tempo.<\/p>\n\n\n<div class=\"wp-block-image is-resized\">\n<figure class=\"aligncenter size-full\"><img decoding=\"async\" width=\"1167\" height=\"655\" data-src=\"https:\/\/maxpluscompany.com\/wp-content\/uploads\/2023\/03\/garantia.png\" alt=\"\" class=\"wp-image-3290 lazyload\" title=\"|\" data-srcset=\"https:\/\/maxpluscompany.com\/wp-content\/uploads\/2023\/03\/garantia.png 1167w, https:\/\/maxpluscompany.com\/wp-content\/uploads\/2023\/03\/garantia-300x168.png 300w, https:\/\/maxpluscompany.com\/wp-content\/uploads\/2023\/03\/garantia-768x431.png 768w\" data-sizes=\"(max-width: 1167px) 100vw, 1167px\" src=\"data:image\/svg+xml;base64,PHN2ZyB3aWR0aD0iMSIgaGVpZ2h0PSIxIiB4bWxucz0iaHR0cDovL3d3dy53My5vcmcvMjAwMC9zdmciPjwvc3ZnPg==\" style=\"--smush-placeholder-width: 1167px; --smush-placeholder-aspect-ratio: 1167\/655;\" \/><\/figure>\n<\/div>\n\n\n<h3 class=\"wp-block-heading has-text-align-center\">Segundo a lei, na constru\u00e7\u00e3o civil \u00e9 obrigat\u00f3ria a garantia de 5 anos. <\/h3>\n\n\n\n<h3 class=\"wp-block-heading has-text-align-center has-secondary-color has-text-color\">Mas n\u00f3s oferecemos garantia de 10 ou at\u00e9 15 anos, que s\u00e3o renov\u00e1veis!<\/h3>\n\n\n<div class=\"wp-block-image is-resized\">\n<figure class=\"alignright size-full\"><img decoding=\"async\" width=\"1167\" height=\"961\" data-src=\"https:\/\/maxpluscompany.com\/wp-content\/uploads\/2023\/03\/garantia-2.png\" alt=\"\" class=\"wp-image-3293 lazyload\" style=\"--smush-placeholder-width: 1167px; --smush-placeholder-aspect-ratio: 1167\/961;aspect-ratio:1.2143797863518853;width:401px;height:auto\" title=\"|\" data-srcset=\"https:\/\/maxpluscompany.com\/wp-content\/uploads\/2023\/03\/garantia-2.png 1167w, https:\/\/maxpluscompany.com\/wp-content\/uploads\/2023\/03\/garantia-2-300x247.png 300w, https:\/\/maxpluscompany.com\/wp-content\/uploads\/2023\/03\/garantia-2-768x632.png 768w\" data-sizes=\"(max-width: 1167px) 100vw, 1167px\" src=\"data:image\/svg+xml;base64,PHN2ZyB3aWR0aD0iMSIgaGVpZ2h0PSIxIiB4bWxucz0iaHR0cDovL3d3dy53My5vcmcvMjAwMC9zdmciPjwvc3ZnPg==\" \/><\/figure>\n<\/div>\n\n\n<p class=\"has-text-align-center\">A garantia de 5 anos na constru\u00e7\u00e3o civil \u00e9 um direito assegurado por lei aos consumidores que adquirirem um im\u00f3vel novo ou que realizarem uma obra em sua propriedade. Esta garantia abrange defeitos que possam comprometer a seguran\u00e7a, a solidez ou o funcionamento da edifica\u00e7\u00e3o, por exemplo, problemas na estrutura, nas instala\u00e7\u00f5es el\u00e9tricas e hidr\u00e1ulicas, entre outros. ( Saiba mais sobre as leis de garantia da constru\u00e7\u00e3o civil)<\/p>\n\n\n\n<p class=\"has-text-align-center\">A Max Plus, pioneira na fabrica\u00e7\u00e3o de produtos ultra tecnol\u00f3gicos e sustent\u00e1veis, oferece a garantia de 10 anos para produtos e aplica\u00e7\u00e3o, conforme as normal do termo, podendo ser renovada por mais 10 anos.<br>Ou seja, seu bem durante 20 anos, estar\u00e1 livre de infiltra\u00e7\u00f5es e calor excessivo. <\/p>\n\n\n\n<p class=\"has-text-align-center\">Sem contar, claro, a economia que nosso Max Therm gera em ambientes que exijam a presen\u00e7a de ar condicionado para manter uma temperatura ideal para os colaboradores. Saiba como retornar 100% do seu investimento nos sistemas Max Plus. <\/p>\n\n\n\n<p class=\"has-text-align-center\">Voc\u00ea pode saber um pouco mais sobre este assunto atrav\u00e9s do case da Natura, que desenvolveu um estudo sobre o payback da aplica\u00e7\u00e3o do Max Protection em sua f\u00e1brica localizada em Cajamar &#8211; SP.<\/p>\n\n\n\n<p><strong>A conclus\u00e3o, foi que devido \u00e0 diminui\u00e7\u00e3o de 40% do consumo\/gasto de energia el\u00e9trica antes promovida pela utiliza\u00e7\u00e3o dos equipamentos de ar condicionado em sua m\u00e1xima pot\u00eancia, a empresa recuperou 100% do valor investido em apenas 2,5 anos.<\/strong><\/p>\n\n\n\n<p class=\"has-secondary-color has-text-color\">N\u00e3o perca mais tempo, seja mais uma empresa sustent\u00e1vel a eliminar todos os problemas de goteiras, infiltra\u00e7\u00f5es e calor do telhado da sua empresa, tendo<strong> 100% do valor investido de volta!<\/strong><\/p>\n\n\n<div class=\"wp-block-image is-resized\">\n<figure class=\"aligncenter size-large\"><img decoding=\"async\" width=\"1167\" height=\"330\" data-src=\"https:\/\/maxpluscompany.com\/wp-content\/uploads\/2023\/03\/ArranjoCincoBaldes-png-6-1167x330.png\" alt=\"\" class=\"wp-image-3294 lazyload\" title=\"|\" data-srcset=\"https:\/\/maxpluscompany.com\/wp-content\/uploads\/2023\/03\/ArranjoCincoBaldes-png-6-1167x330.png 1167w, https:\/\/maxpluscompany.com\/wp-content\/uploads\/2023\/03\/ArranjoCincoBaldes-png-6-300x85.png 300w, https:\/\/maxpluscompany.com\/wp-content\/uploads\/2023\/03\/ArranjoCincoBaldes-png-6-768x217.png 768w, https:\/\/maxpluscompany.com\/wp-content\/uploads\/2023\/03\/ArranjoCincoBaldes-png-6-1536x434.png 1536w, https:\/\/maxpluscompany.com\/wp-content\/uploads\/2023\/03\/ArranjoCincoBaldes-png-6-1568x443.png 1568w, https:\/\/maxpluscompany.com\/wp-content\/uploads\/2023\/03\/ArranjoCincoBaldes-png-6.png 1632w\" data-sizes=\"(max-width: 1167px) 100vw, 1167px\" src=\"data:image\/svg+xml;base64,PHN2ZyB3aWR0aD0iMSIgaGVpZ2h0PSIxIiB4bWxucz0iaHR0cDovL3d3dy53My5vcmcvMjAwMC9zdmciPjwvc3ZnPg==\" style=\"--smush-placeholder-width: 1167px; --smush-placeholder-aspect-ratio: 1167\/330;\" \/><\/figure>\n<\/div>\n\n\n<p class=\"has-text-align-center\"><a href=\"https:\/\/api.whatsapp.com\/send?phone=5511999439114&amp;text=Ol%C3%A1!\" target=\"_blank\" rel=\"noopener\">Clique aqui<\/a> e fale agora mesmo com um especialista.<\/p>\n\n\n\n<p><\/p>\n","protected":false},"excerpt":{"rendered":"<p>A maior garantia comprovada do Brasil! Produtos e sistemas com a qualidade Max Plus, aplicados de acordo com as especifica\u00e7\u00f5es por aplicadores autorizados, resulta no\u00a0 melhor programa de garantia da ind\u00fastria brasileira. A Max Plus proteger\u00e1 seu investimento com o produto apropriado e com a garantia dos sistemas. A garantia dos produtos \u00e9 de 10 [&hellip;]<\/p>\n","protected":false},"author":7,"featured_media":0,"parent":0,"menu_order":0,"comment_status":"closed","ping_status":"closed","template":"","meta":{"_acf_changed":false,"footnotes":""},"class_list":["post-53","page","type-page","status-publish","hentry","entry"],"acf":[],"_links":{"self":[{"href":"https:\/\/maxpluscompany.com\/pt\/wp-json\/wp\/v2\/pages\/53","targetHints":{"allow":["GET"]}}],"collection":[{"href":"https:\/\/maxpluscompany.com\/pt\/wp-json\/wp\/v2\/pages"}],"about":[{"href":"https:\/\/maxpluscompany.com\/pt\/wp-json\/wp\/v2\/types\/page"}],"author":[{"embeddable":true,"href":"https:\/\/maxpluscompany.com\/pt\/wp-json\/wp\/v2\/users\/7"}],"replies":[{"embeddable":true,"href":"https:\/\/maxpluscompany.com\/pt\/wp-json\/wp\/v2\/comments?post=53"}],"version-history":[{"count":22,"href":"https:\/\/maxpluscompany.com\/pt\/wp-json\/wp\/v2\/pages\/53\/revisions"}],"predecessor-version":[{"id":5380,"href":"https:\/\/maxpluscompany.com\/pt\/wp-json\/wp\/v2\/pages\/53\/revisions\/5380"}],"wp:attachment":[{"href":"https:\/\/maxpluscompany.com\/pt\/wp-json\/wp\/v2\/media?parent=53"}],"curies":[{"name":"wp","href":"https:\/\/api.w.org\/{rel}","templated":true}]}}