{"id":84,"date":"2019-09-23T14:24:28","date_gmt":"2019-09-23T17:24:28","guid":{"rendered":"http:\/\/clients.webproducer.com.br\/MaxPlus\/site\/?page_id=84"},"modified":"2026-04-10T15:14:42","modified_gmt":"2026-04-10T18:14:42","slug":"produtos","status":"publish","type":"page","link":"https:\/\/maxpluscompany.com\/pt\/produtos\/","title":{"rendered":"Produtos"},"content":{"rendered":"\n<div class=\"wp-block-media-text alignwide is-stacked-on-mobile\" style=\"grid-template-columns:15% auto\"><figure class=\"wp-block-media-text__media\"><img decoding=\"async\" width=\"723\" height=\"859\" data-src=\"https:\/\/maxpluscompany.com\/wp-content\/uploads\/2023\/03\/Therm-3.png\" alt=\"\" class=\"wp-image-3451 size-full lazyload\" title=\"|\" data-srcset=\"https:\/\/maxpluscompany.com\/wp-content\/uploads\/2023\/03\/Therm-3.png 723w, https:\/\/maxpluscompany.com\/wp-content\/uploads\/2023\/03\/Therm-3-253x300.png 253w\" data-sizes=\"(max-width: 723px) 100vw, 723px\" src=\"data:image\/svg+xml;base64,PHN2ZyB3aWR0aD0iMSIgaGVpZ2h0PSIxIiB4bWxucz0iaHR0cDovL3d3dy53My5vcmcvMjAwMC9zdmciPjwvc3ZnPg==\" style=\"--smush-placeholder-width: 723px; --smush-placeholder-aspect-ratio: 723\/859;\" \/><\/figure><div class=\"wp-block-media-text__content\">\n<h2 class=\"wp-block-heading\" id=\"therm-isolante-termico\">Max Therm &#8211; Isolante T\u00e9rmico<\/h2>\n\n\n\n<p>Alta Performance<\/p>\n\n\n\n<p>Max Therm \u00e9 o <strong>\u00fanico isolante t\u00e9rmico l\u00edquido de alta performance da Am\u00e9rica Latina, com efici\u00eancia comprovada pelo IPT.<\/strong><br>Sua formula\u00e7\u00e3o 100% acr\u00edlica base \u00e1gua e tecnologia cer\u00e2mica especial \u2014 a mesma utilizada pela NASA \u2014 garante alta refletividade, baixa absor\u00e7\u00e3o de calor, alta emissividade e resist\u00eancia superior ao choque t\u00e9rmico.<\/p>\n\n\n\n<p>O resultado \u00e9 uma redu\u00e7\u00e3o real da temperatura interna do ambiente, maior conforto t\u00e9rmico e diminui\u00e7\u00e3o significativa no consumo de energia, gerando economia imediata e payback r\u00e1pido.<\/p>\n\n\n\n<p>Sustent\u00e1vel, dur\u00e1vel e vers\u00e1til, o Max Therm pode ser aplicado em:<\/p>\n\n\n\n<ul class=\"wp-block-list\">\n<li>Telhados <\/li>\n\n\n\n<li>Fachadas<\/li>\n\n\n\n<li>Containers<\/li>\n\n\n\n<li>Silos<\/li>\n\n\n\n<li>Ambientes refrigerados<\/li>\n\n\n\n<li>Galp\u00f5es e estruturas industriais<\/li>\n<\/ul>\n\n\n\n<p>Comprovadamente o isolante t\u00e9rmico l\u00edquido mais eficiente do Brasil, o Max Therm faz parte dos sistemas Max Protection e Max Cool.<\/p>\n\n\n\n<p><a href=\"https:\/\/youtu.be\/QBMFGPn2v5A?si=Y8-kDyWnCgBfTh4M\" target=\"_blank\" rel=\"noopener\">Clique aqui<\/a> e assista o teste de efici\u00eancia t\u00e9rmica de Max Therm.<\/p>\n<\/div><\/div>\n\n\n\n<hr class=\"wp-block-separator has-alpha-channel-opacity is-style-wide\"\/>\n\n\n\n<div class=\"wp-block-media-text alignwide is-stacked-on-mobile\" style=\"grid-template-columns:15% auto\"><figure class=\"wp-block-media-text__media\"><img decoding=\"async\" width=\"723\" height=\"859\" data-src=\"https:\/\/maxpluscompany.com\/wp-content\/uploads\/2023\/03\/Proof-2.png\" alt=\"\" class=\"wp-image-3452 size-full lazyload\" title=\"|\" data-srcset=\"https:\/\/maxpluscompany.com\/wp-content\/uploads\/2023\/03\/Proof-2.png 723w, https:\/\/maxpluscompany.com\/wp-content\/uploads\/2023\/03\/Proof-2-253x300.png 253w\" data-sizes=\"(max-width: 723px) 100vw, 723px\" src=\"data:image\/svg+xml;base64,PHN2ZyB3aWR0aD0iMSIgaGVpZ2h0PSIxIiB4bWxucz0iaHR0cDovL3d3dy53My5vcmcvMjAwMC9zdmciPjwvc3ZnPg==\" style=\"--smush-placeholder-width: 723px; --smush-placeholder-aspect-ratio: 723\/859;\" \/><\/figure><div class=\"wp-block-media-text__content\">\n<h2 class=\"wp-block-heading\" id=\"proof-impermeabilizante\">Max Proof &#8211; Impermeabilizante<\/h2>\n\n\n\n<p>Membrana  l\u00edquida impermeabilizante.<\/p>\n\n\n\n<p>Produto 100% acr\u00edlico \u00e0 base de \u00e1gua, com altos n\u00edveis de  impermeabilidade e elasticidade, aplicada em todos os pontos de fixa\u00e7\u00e3o (parafusos), nas emendas dos telhados, calhas, e qualquer outro local que exija a sua utiliza\u00e7\u00e3o.<\/p>\n\n\n\n<p>Este impermeabilizante ultra potente garante a estanqueidade no sistema Max Protection e Max Cool<\/p>\n\n\n\n<p><\/p>\n<\/div><\/div>\n\n\n\n<hr class=\"wp-block-separator has-alpha-channel-opacity is-style-wide\"\/>\n\n\n\n<div class=\"wp-block-media-text alignwide is-stacked-on-mobile\" style=\"grid-template-columns:15% auto\"><figure class=\"wp-block-media-text__media\"><img decoding=\"async\" width=\"723\" height=\"859\" data-src=\"https:\/\/maxpluscompany.com\/wp-content\/uploads\/2023\/03\/ProofC.png\" alt=\"\" class=\"wp-image-3457 size-full lazyload\" title=\"|\" data-srcset=\"https:\/\/maxpluscompany.com\/wp-content\/uploads\/2023\/03\/ProofC.png 723w, https:\/\/maxpluscompany.com\/wp-content\/uploads\/2023\/03\/ProofC-253x300.png 253w\" data-sizes=\"(max-width: 723px) 100vw, 723px\" src=\"data:image\/svg+xml;base64,PHN2ZyB3aWR0aD0iMSIgaGVpZ2h0PSIxIiB4bWxucz0iaHR0cDovL3d3dy53My5vcmcvMjAwMC9zdmciPjwvc3ZnPg==\" style=\"--smush-placeholder-width: 723px; --smush-placeholder-aspect-ratio: 723\/859;\" \/><\/figure><div class=\"wp-block-media-text__content\">\n<h2 class=\"wp-block-heading\" id=\"proof-c-impermeabilizante-cimenticio\">Max Proof &#8211; C &#8211; Impermeabilizante Ciment\u00edcio<\/h2>\n\n\n\n<p>Membrana l\u00edquida impermeabilizante.<\/p>\n\n\n\n<p>Produto 100% acr\u00edlico a base de \u00e1gua, com adi\u00e7\u00e3o de 50% de cimento, com alto n\u00edvel de impermeabilidade e elasticidade.<\/p>\n\n\n\n<p>Ideal para lajes e fechamentos laterais (muros) sem impermeabiliza\u00e7\u00e3o.<\/p>\n<\/div><\/div>\n\n\n\n<hr class=\"wp-block-separator has-alpha-channel-opacity is-style-wide\"\/>\n\n\n\n<div class=\"wp-block-media-text alignwide is-stacked-on-mobile\" style=\"grid-template-columns:15% auto\"><figure class=\"wp-block-media-text__media\"><img decoding=\"async\" width=\"723\" height=\"859\" data-src=\"https:\/\/maxpluscompany.com\/wp-content\/uploads\/2023\/03\/Rust-4.png\" alt=\"\" class=\"wp-image-3456 size-full lazyload\" title=\"|\" data-srcset=\"https:\/\/maxpluscompany.com\/wp-content\/uploads\/2023\/03\/Rust-4.png 723w, https:\/\/maxpluscompany.com\/wp-content\/uploads\/2023\/03\/Rust-4-253x300.png 253w\" data-sizes=\"(max-width: 723px) 100vw, 723px\" src=\"data:image\/svg+xml;base64,PHN2ZyB3aWR0aD0iMSIgaGVpZ2h0PSIxIiB4bWxucz0iaHR0cDovL3d3dy53My5vcmcvMjAwMC9zdmciPjwvc3ZnPg==\" style=\"--smush-placeholder-width: 723px; --smush-placeholder-aspect-ratio: 723\/859;\" \/><\/figure><div class=\"wp-block-media-text__content\">\n<h2 class=\"wp-block-heading\" id=\"rust-anti-corrosivo\">Max Rust &#8211; Anti corrosivo<\/h2>\n\n\n\n<p class=\"has-text-align-left\">Membrana l\u00edquida anti corros\u00e3o.<\/p>\n\n\n\n<p class=\"has-text-align-left\">Produto 100% acr\u00edlico a base de \u00e1gua com aditivos especiais e resinas Basf, utilizado para estancar, recuperar e evitar a corros\u00e3o de qualquer origem nas superf\u00edcies met\u00e1licas.<\/p>\n\n\n\n<p>\u00c9 um anticorrosivo ultra potente e faz parte dos produtos que comp\u00f5em os sistemas Max Protection e Max Cool.<\/p>\n\n\n\n<p><\/p>\n<\/div><\/div>\n\n\n\n<hr class=\"wp-block-separator has-alpha-channel-opacity is-style-wide\"\/>\n\n\n\n<div class=\"wp-block-media-text alignwide is-stacked-on-mobile\" style=\"grid-template-columns:15% auto\"><figure class=\"wp-block-media-text__media\"><img decoding=\"async\" width=\"723\" height=\"859\" data-src=\"https:\/\/maxpluscompany.com\/wp-content\/uploads\/2023\/03\/Conditioner.png\" alt=\"\" class=\"wp-image-3458 size-full lazyload\" title=\"|\" data-srcset=\"https:\/\/maxpluscompany.com\/wp-content\/uploads\/2023\/03\/Conditioner.png 723w, https:\/\/maxpluscompany.com\/wp-content\/uploads\/2023\/03\/Conditioner-253x300.png 253w\" data-sizes=\"(max-width: 723px) 100vw, 723px\" src=\"data:image\/svg+xml;base64,PHN2ZyB3aWR0aD0iMSIgaGVpZ2h0PSIxIiB4bWxucz0iaHR0cDovL3d3dy53My5vcmcvMjAwMC9zdmciPjwvc3ZnPg==\" style=\"--smush-placeholder-width: 723px; --smush-placeholder-aspect-ratio: 723\/859;\" \/><\/figure><div class=\"wp-block-media-text__content\">\n<h2 class=\"wp-block-heading\" id=\"conditioner-condicionador-de-superficies\">Max Conditioner &#8211; Condicionador de Superf\u00edcies<\/h2>\n\n\n\n<p>Max Conditioner \u00e9 uma membrana l\u00edquida, 100% acr\u00edlica \u00e0 base de \u00e1gua, sem cargas ou corantes, alto n\u00edvel de impermeabilidade e elasticidade, aplicada em superf\u00edcies de concreto, fibrocimento ou qualquer superf\u00edcie que necessite melhor ader\u00eancia dos produtos. O Max Conditioner faz a &#8220;ponte&#8221; entre o substrato e a camada final do sistema.<\/p>\n\n\n\n<p>Utilizado quando necess\u00e1rio no sistema Max Protection de recupera\u00e7\u00e3o total de coberturas, o Max Conditioner conta com cer\u00e2micas especiais Basf.<\/p>\n\n\n\n<hr class=\"wp-block-separator has-alpha-channel-opacity is-style-wide\"\/>\n<\/div><\/div>\n\n\n<div class=\"wp-block-image\">\n<figure class=\"aligncenter is-resized\"><img decoding=\"async\" width=\"1167\" height=\"655\" data-src=\"https:\/\/maxpluscompany.com\/wp-content\/uploads\/2023\/03\/telhado-branco-1.png\" alt=\"\" class=\"wp-image-3228 lazyload\" style=\"--smush-placeholder-width: 1167px; --smush-placeholder-aspect-ratio: 1167\/655;width:-195px;height:-109px\" title=\"|\" data-srcset=\"https:\/\/maxpluscompany.com\/wp-content\/uploads\/2023\/03\/telhado-branco-1.png 1167w, https:\/\/maxpluscompany.com\/wp-content\/uploads\/2023\/03\/telhado-branco-1-300x168.png 300w, https:\/\/maxpluscompany.com\/wp-content\/uploads\/2023\/03\/telhado-branco-1-768x431.png 768w\" data-sizes=\"(max-width: 1167px) 100vw, 1167px\" src=\"data:image\/svg+xml;base64,PHN2ZyB3aWR0aD0iMSIgaGVpZ2h0PSIxIiB4bWxucz0iaHR0cDovL3d3dy53My5vcmcvMjAwMC9zdmciPjwvc3ZnPg==\" \/><figcaption class=\"wp-element-caption\">Obra Marabraz<\/figcaption><\/figure>\n<\/div>\n\n\n<div style=\"height:100px\" aria-hidden=\"true\" class=\"wp-block-spacer\"><\/div>\n\n\n\n<p class=\"has-text-align-center has-secondary-color has-text-color has-large-font-size\" id=\"durabilidade\"><strong>Durabilidade<\/strong><\/p>\n\n\n\n<p class=\"has-text-align-center has-normal-font-size\">Os sistemas oferecidos pela Max Plus proporcionam um tratamento completo para todo tipo de&nbsp;<strong>telhados industriais, galp\u00f5es, centros de distribui\u00e7\u00e3o, containers e centros log\u00edsticos<\/strong>. Nossa linha \u00e9 capaz de&nbsp;<strong>resolver todos os problemas<\/strong>&nbsp;existentes em sua cobertura.<\/p>\n\n\n\n<p class=\"has-text-align-center has-normal-font-size\">A garantia oferecida nos 2 sistemas \u00e9 de 10 e 15 anos, renov\u00e1veis. Nesse per\u00edodo garantimos a estanqueidade de goteiras, vazamentos, infiltra\u00e7\u00f5es e redu\u00e7\u00e3o de calor, proporcionando conforto t\u00e9rmico ao ambiente e aos colaboradores.<\/p>\n\n\n\n<p class=\"has-text-align-center has-normal-font-size\">Ap\u00f3s o per\u00edodo de garantia, para manter a efici\u00eancia e efic\u00e1cia do sistema, \u00e9 feito apenas a lavagem dos telhados industriais apenas com \u00e1gua em press\u00e3o, a Max Plus oferece esse servi\u00e7o.<\/p>\n\n\n\n<div style=\"height:100px\" aria-hidden=\"true\" class=\"wp-block-spacer\"><\/div>\n\n\n<div class=\"wp-block-image\">\n<figure class=\"aligncenter\"><img decoding=\"async\" width=\"645\" height=\"247\" data-src=\"https:\/\/maxpluscompany.com\/wp-content\/uploads\/2023\/03\/image-12.png\" alt=\"\" class=\"wp-image-3227 lazyload\" title=\"|\" data-srcset=\"https:\/\/maxpluscompany.com\/wp-content\/uploads\/2023\/03\/image-12.png 645w, https:\/\/maxpluscompany.com\/wp-content\/uploads\/2023\/03\/image-12-300x115.png 300w\" data-sizes=\"(max-width: 645px) 100vw, 645px\" src=\"data:image\/svg+xml;base64,PHN2ZyB3aWR0aD0iMSIgaGVpZ2h0PSIxIiB4bWxucz0iaHR0cDovL3d3dy53My5vcmcvMjAwMC9zdmciPjwvc3ZnPg==\" style=\"--smush-placeholder-width: 645px; --smush-placeholder-aspect-ratio: 645\/247;\" \/><\/figure>\n<\/div>\n\n\n<div style=\"height:100px\" aria-hidden=\"true\" class=\"wp-block-spacer\"><\/div>\n\n\n\n<div class=\"wp-block-rank-math-toc-block\" id=\"rank-math-toc\"><h2>\u00cdndice<\/h2><nav><ul><li><a href=\"#therm-isolante-termico\">Max Therm &#8211; Isolante T\u00e9rmico<\/a><\/li><li><a href=\"#proof-impermeabilizante\">Max Proof &#8211; Impermeabilizante<\/a><\/li><li><a href=\"#proof-c-impermeabilizante-cimenticio\">Max Proof &#8211; C &#8211; Impermeabilizante Ciment\u00edcio<\/a><\/li><li><a href=\"#rust-anti-corrosivo\">Max Rust &#8211; Anti corrosivo<\/a><\/li><li><a href=\"#conditioner-condicionador-de-superficies\">Max Conditioner &#8211; Condicionador de Superf\u00edcies<\/a><\/li><\/ul><\/nav><\/div>\n","protected":false},"excerpt":{"rendered":"<p>Max Proof &#8211; Impermeabilizante Membrana l\u00edquida impermeabilizante. Produto 100% acr\u00edlico \u00e0 base de \u00e1gua, com altos n\u00edveis de impermeabilidade e elasticidade, aplicada em todos os pontos de fixa\u00e7\u00e3o (parafusos), nas emendas dos telhados, calhas, e qualquer outro local que exija a sua utiliza\u00e7\u00e3o. Este impermeabilizante ultra potente garante a estanqueidade no sistema Max Protection e [&hellip;]<\/p>\n","protected":false},"author":7,"featured_media":380,"parent":0,"menu_order":0,"comment_status":"closed","ping_status":"closed","template":"","meta":{"_acf_changed":false,"footnotes":""},"class_list":["post-84","page","type-page","status-publish","has-post-thumbnail","hentry","entry"],"acf":[],"_links":{"self":[{"href":"https:\/\/maxpluscompany.com\/pt\/wp-json\/wp\/v2\/pages\/84","targetHints":{"allow":["GET"]}}],"collection":[{"href":"https:\/\/maxpluscompany.com\/pt\/wp-json\/wp\/v2\/pages"}],"about":[{"href":"https:\/\/maxpluscompany.com\/pt\/wp-json\/wp\/v2\/types\/page"}],"author":[{"embeddable":true,"href":"https:\/\/maxpluscompany.com\/pt\/wp-json\/wp\/v2\/users\/7"}],"replies":[{"embeddable":true,"href":"https:\/\/maxpluscompany.com\/pt\/wp-json\/wp\/v2\/comments?post=84"}],"version-history":[{"count":45,"href":"https:\/\/maxpluscompany.com\/pt\/wp-json\/wp\/v2\/pages\/84\/revisions"}],"predecessor-version":[{"id":5276,"href":"https:\/\/maxpluscompany.com\/pt\/wp-json\/wp\/v2\/pages\/84\/revisions\/5276"}],"wp:featuredmedia":[{"embeddable":true,"href":"https:\/\/maxpluscompany.com\/pt\/wp-json\/wp\/v2\/media\/380"}],"wp:attachment":[{"href":"https:\/\/maxpluscompany.com\/pt\/wp-json\/wp\/v2\/media?parent=84"}],"curies":[{"name":"wp","href":"https:\/\/api.w.org\/{rel}","templated":true}]}}