{"id":940,"date":"2020-08-03T10:32:26","date_gmt":"2020-08-03T13:32:26","guid":{"rendered":"https:\/\/maxpluscompany.com\/pt\/?page_id=940"},"modified":"2026-04-13T16:09:59","modified_gmt":"2026-04-13T19:09:59","slug":"onde-usar","status":"publish","type":"page","link":"https:\/\/maxpluscompany.com\/pt\/onde-usar\/","title":{"rendered":"Onde Usar"},"content":{"rendered":"\n<h1 class=\"wp-block-heading\" id=\"sistemas-para-telhados-industriais\">Onde usar nossos Sistemas para Telhados Industriais?<\/h1>\n\n\n\n<hr class=\"wp-block-separator has-alpha-channel-opacity\"\/>\n\n\n\n<h3 class=\"wp-block-heading\" id=\"onde-podem-ser-utilizados-nossos-produtos\"><br>\u2022 Todos os tipos de coberturas<br>\u2022 Fechamentos laterais<br>\u2022 Silos<br>\u2022 Fachadas<br>\u2022 Containers<\/h3>\n\n\n<div class=\"wp-block-image is-resized\">\n<figure class=\"aligncenter\"><img decoding=\"async\" data-src=\"https:\/\/maxpluscompany.com\/wp-content\/uploads\/2020\/08\/Onde1.jpg\" alt=\"\" title=\"|\" src=\"data:image\/svg+xml;base64,PHN2ZyB3aWR0aD0iMSIgaGVpZ2h0PSIxIiB4bWxucz0iaHR0cDovL3d3dy53My5vcmcvMjAwMC9zdmciPjwvc3ZnPg==\" class=\"lazyload\" style=\"--smush-placeholder-width: 431px; --smush-placeholder-aspect-ratio: 431\/324;\"><\/figure>\n<\/div>\n\n<div class=\"wp-block-image is-resized\">\n<figure class=\"aligncenter\"><img decoding=\"async\" data-src=\"https:\/\/maxpluscompany.com\/wp-content\/uploads\/2020\/08\/Onde2.jpg\" alt=\"\" title=\"|\" src=\"data:image\/svg+xml;base64,PHN2ZyB3aWR0aD0iMSIgaGVpZ2h0PSIxIiB4bWxucz0iaHR0cDovL3d3dy53My5vcmcvMjAwMC9zdmciPjwvc3ZnPg==\" class=\"lazyload\" style=\"--smush-placeholder-width: 429px; --smush-placeholder-aspect-ratio: 429\/322;\"><\/figure>\n<\/div>\n\n<div class=\"wp-block-image is-resized\">\n<figure class=\"aligncenter\"><img decoding=\"async\" data-src=\"https:\/\/maxpluscompany.com\/wp-content\/uploads\/2020\/08\/peugeot-rj.jpg\" alt=\"\" title=\"|\" src=\"data:image\/svg+xml;base64,PHN2ZyB3aWR0aD0iMSIgaGVpZ2h0PSIxIiB4bWxucz0iaHR0cDovL3d3dy53My5vcmcvMjAwMC9zdmciPjwvc3ZnPg==\" class=\"lazyload\" style=\"--smush-placeholder-width: 430px; --smush-placeholder-aspect-ratio: 430\/324;\"><\/figure>\n<\/div>\n\n<div class=\"wp-block-image is-resized\">\n<figure class=\"aligncenter\"><img decoding=\"async\" data-src=\"https:\/\/maxpluscompany.com\/wp-content\/uploads\/2020\/08\/Onde4.jpg\" alt=\"\" title=\"|\" src=\"data:image\/svg+xml;base64,PHN2ZyB3aWR0aD0iMSIgaGVpZ2h0PSIxIiB4bWxucz0iaHR0cDovL3d3dy53My5vcmcvMjAwMC9zdmciPjwvc3ZnPg==\" class=\"lazyload\" style=\"--smush-placeholder-width: 429px; --smush-placeholder-aspect-ratio: 429\/322;\"><\/figure>\n<\/div>\n\n<div class=\"wp-block-image is-resized\">\n<figure class=\"aligncenter\"><img decoding=\"async\" data-src=\"https:\/\/maxpluscompany.com\/wp-content\/uploads\/2020\/08\/Onde5.jpg\" alt=\"\" title=\"|\" src=\"data:image\/svg+xml;base64,PHN2ZyB3aWR0aD0iMSIgaGVpZ2h0PSIxIiB4bWxucz0iaHR0cDovL3d3dy53My5vcmcvMjAwMC9zdmciPjwvc3ZnPg==\" class=\"lazyload\" style=\"--smush-placeholder-width: 429px; --smush-placeholder-aspect-ratio: 429\/322;\"><\/figure>\n<\/div>\n\n<div class=\"wp-block-image is-resized\">\n<figure class=\"aligncenter\"><img decoding=\"async\" data-src=\"https:\/\/maxpluscompany.com\/wp-content\/uploads\/2020\/08\/Onde6.jpg\" alt=\"\" title=\"|\" src=\"data:image\/svg+xml;base64,PHN2ZyB3aWR0aD0iMSIgaGVpZ2h0PSIxIiB4bWxucz0iaHR0cDovL3d3dy53My5vcmcvMjAwMC9zdmciPjwvc3ZnPg==\" class=\"lazyload\" style=\"--smush-placeholder-width: 429px; --smush-placeholder-aspect-ratio: 429\/322;\"><\/figure>\n<\/div>\n\n\n<div style=\"height:51px\" aria-hidden=\"true\" class=\"wp-block-spacer\"><\/div>\n\n\n\n<h4 class=\"wp-block-heading has-text-align-center has-secondary-color has-text-color has-link-color has-large-font-size wp-elements-2427c7bb09d82aa1194fbf040708483a\" id=\"max-plus-onde-todos-os-produtos-sao-sustentaveis\">Max Plus, onde todos os produtos s\u00e3o sustent\u00e1veis.<\/h4>\n\n\n\n<p>Com foco em isolamento t\u00e9rmico, diminuindo a temperatura externa da telha e consequentemente do ambiente interno, em locais climatizados com ar-condicionado, h\u00e1 comprovadamente a diminui\u00e7\u00e3o do uso desses equipamentos, gerando <strong>redu\u00e7\u00e3o no consumo de energia el\u00e9trica<\/strong>.<\/p>\n\n\n\n<p>Diretamente ligado a sustentabilidade, os produtos da Max Plus colaboram com a diminui\u00e7\u00e3o do efeito ilha de calor urbano, onde, ao serem aplicados proporcionam alta refletividade, alta emissividade, baixa absor\u00e7\u00e3o de calor e baixa condutividade t\u00e9rmica.<\/p>\n\n\n\n<p>Reduzindo em 10% as ilhas de calor urbano com o uso do telhado branco, deixa-se de emitir ao meio ambiente o equivalente a 4 milh\u00f5es de carros nas ruas, um dos grandes emiss\u00f5res de <a href=\"https:\/\/pt.wikipedia.org\/wiki\/Di%C3%B3xido_de_carbono\" target=\"_blank\" rel=\"noopener\">CO2<\/a> no planeta.<\/p>\n\n\n\n<p>Al\u00e9m disso, os sistemas Max Cool e Max Protection permitem a recupera\u00e7\u00e3o do telhado, n\u00e3o precisando fazer a substitui\u00e7\u00e3o das telhas, evitando a necessidade de descarte (lixo). Lembrando que telhas em amianto (mais antigas) s\u00e3o proibidas e o descarte delas tem que ser feito de forma especial, tornando o processo de descarte bem alto.<\/p>\n\n\n\n<p>Prezamos pelo bem-estar da humanidade e do meio ambiente, colaborando com solu\u00e7\u00f5es sustent\u00e1veis que mudam o presente e o futuro. Quer conhecer mais sobre nossos produtos? Entre em contato conosco, nossa equipe est\u00e1 pronta para te atender.<br><br>Afaste de uma vez por todas os problemas relacionados ao calor, com as solu\u00e7\u00f5es da Max Plus Company para telhados industriais. A \u00fanica empresa com mais de 35 anos de atua\u00e7\u00e3o, que oferece garantias a partir de 10 anos em produtos e servi\u00e7os realizados por t\u00e9cnicos credenciados, e que est\u00e1 sempre inovando para preservar o seu patrim\u00f4nio.<\/p>\n\n\n\n<p>Confira alguma obras da Max Plus Company&nbsp;<a href=\"https:\/\/maxpluscompany.com\/pt\/obras-max-plus-company\/\">aqui<\/a><\/p>\n\n\n<div class=\"wp-block-image\">\n<figure class=\"aligncenter size-large\"><img decoding=\"async\" width=\"1167\" height=\"330\" data-src=\"https:\/\/maxpluscompany.com\/wp-content\/uploads\/2023\/03\/ArranjoCincoBaldes-png-4-1167x330.png\" alt=\"\" class=\"wp-image-3250 lazyload\" title=\"|\" data-srcset=\"https:\/\/maxpluscompany.com\/wp-content\/uploads\/2023\/03\/ArranjoCincoBaldes-png-4-1167x330.png 1167w, https:\/\/maxpluscompany.com\/wp-content\/uploads\/2023\/03\/ArranjoCincoBaldes-png-4-300x85.png 300w, https:\/\/maxpluscompany.com\/wp-content\/uploads\/2023\/03\/ArranjoCincoBaldes-png-4-768x217.png 768w, https:\/\/maxpluscompany.com\/wp-content\/uploads\/2023\/03\/ArranjoCincoBaldes-png-4-1536x434.png 1536w, https:\/\/maxpluscompany.com\/wp-content\/uploads\/2023\/03\/ArranjoCincoBaldes-png-4-1568x443.png 1568w, https:\/\/maxpluscompany.com\/wp-content\/uploads\/2023\/03\/ArranjoCincoBaldes-png-4.png 1632w\" data-sizes=\"(max-width: 1167px) 100vw, 1167px\" src=\"data:image\/svg+xml;base64,PHN2ZyB3aWR0aD0iMSIgaGVpZ2h0PSIxIiB4bWxucz0iaHR0cDovL3d3dy53My5vcmcvMjAwMC9zdmciPjwvc3ZnPg==\" style=\"--smush-placeholder-width: 1167px; --smush-placeholder-aspect-ratio: 1167\/330;\" \/><\/figure>\n<\/div>\n\n\n<p><\/p>\n\n\n\n<p class=\"has-text-align-center\">Esteja sempre de acordo com a NR-35.<\/p>\n\n\n\n<div class=\"wp-block-rank-math-toc-block\" id=\"rank-math-toc\"><h2>\u00cdndice<\/h2><nav><ul><li><a href=\"#sistemas-para-telhados-industriais\">Onde aplicar nossos Sistemas para Telhados Industriais?<\/a><ul><li><a href=\"#onde-podem-ser-utilizados-nossos-produtos\">\n\u2022 Todos os tipos de coberturas\n\u2022 Fechamentos laterais\n\u2022 Silos\n\u2022 Fachadas\n\u2022 Containers<\/a><ul><li><a href=\"#max-plus-onde-todos-os-produtos-sao-sustentaveis\">Max Plus, onde todos os produtos s\u00e3o sustent\u00e1veis.<\/a><\/li><\/ul><\/li><\/ul><\/li><\/ul><\/nav><\/div>\n\n\n\n<p><\/p>\n","protected":false},"excerpt":{"rendered":"<p>Onde usar nossos Sistemas para Telhados Industriais? \u2022 Todos os tipos de coberturas\u2022 Fechamentos laterais\u2022 Silos\u2022 Fachadas\u2022 Containers Max Plus, onde todos os produtos s\u00e3o sustent\u00e1veis. Com foco em isolamento t\u00e9rmico, diminuindo a temperatura externa da telha e consequentemente do ambiente interno, em locais climatizados com ar-condicionado, h\u00e1 comprovadamente a diminui\u00e7\u00e3o do uso desses equipamentos, [&hellip;]<\/p>\n","protected":false},"author":7,"featured_media":0,"parent":0,"menu_order":0,"comment_status":"closed","ping_status":"closed","template":"","meta":{"_acf_changed":false,"footnotes":""},"class_list":["post-940","page","type-page","status-publish","hentry","entry"],"acf":[],"_links":{"self":[{"href":"https:\/\/maxpluscompany.com\/pt\/wp-json\/wp\/v2\/pages\/940","targetHints":{"allow":["GET"]}}],"collection":[{"href":"https:\/\/maxpluscompany.com\/pt\/wp-json\/wp\/v2\/pages"}],"about":[{"href":"https:\/\/maxpluscompany.com\/pt\/wp-json\/wp\/v2\/types\/page"}],"author":[{"embeddable":true,"href":"https:\/\/maxpluscompany.com\/pt\/wp-json\/wp\/v2\/users\/7"}],"replies":[{"embeddable":true,"href":"https:\/\/maxpluscompany.com\/pt\/wp-json\/wp\/v2\/comments?post=940"}],"version-history":[{"count":22,"href":"https:\/\/maxpluscompany.com\/pt\/wp-json\/wp\/v2\/pages\/940\/revisions"}],"predecessor-version":[{"id":5395,"href":"https:\/\/maxpluscompany.com\/pt\/wp-json\/wp\/v2\/pages\/940\/revisions\/5395"}],"wp:attachment":[{"href":"https:\/\/maxpluscompany.com\/pt\/wp-json\/wp\/v2\/media?parent=940"}],"curies":[{"name":"wp","href":"https:\/\/api.w.org\/{rel}","templated":true}]}}